{"id":6878,"date":"2025-05-04T12:59:28","date_gmt":"2025-05-04T12:59:28","guid":{"rendered":"https:\/\/www.cliniquegrace.ca\/product\/nettoyant-glycolique-glycolic-cleanser\/"},"modified":"2025-05-22T18:12:33","modified_gmt":"2025-05-22T18:12:33","slug":"nettoyant-glycolique-glycolic-cleanser","status":"publish","type":"product","link":"https:\/\/www.cliniquegrace.ca\/fr\/produit\/nettoyant-glycolique-glycolic-cleanser\/","title":{"rendered":"NETTOYANT GLYCOLIQUE"},"content":{"rendered":"<p>Nettoyant Glycolique \u00e9limine en douceur les impuret\u00e9s et la ternissure, aidant \u00e0 maintenir l&rsquo;\u00e9clat et la souplesse naturels de la peau. L&rsquo;Acide Alpha-Hydroxy Glycolique nettoie en profondeur sans priver la peau de son hydratation essentielle. Les extraits botaniques de Consoude, de Bardane et de Pissenlit amplifient l&rsquo;hydratation topique, fortifiant ainsi la peau.<\/p>\n<p><strong>Mode d&#8217;emploi :<\/strong> Mouiller les mains, le visage et le cou ; masser d\u00e9licatement une petite quantit\u00e9 de nettoyant sur la peau en \u00e9vitant le contour des yeux. Rincer abondamment pour \u00e9liminer. Un l\u00e9ger picotement peut \u00eatre ressenti lors de l&rsquo;application. UTILISER UNIQUEMENT COMME INDIQU\u00c9. \u00c9viter le contact avec les yeux. Si une irritation persiste, interrompre l&rsquo;utilisation et consulter un m\u00e9decin. Il est recommand\u00e9 que, avant toute exposition au soleil, les utilisateurs appliquent un \u00e9cran solaire sur les zones o\u00f9 les AHA ont \u00e9t\u00e9 appliqu\u00e9s. Le contact du produit avec la peau doit \u00eatre limit\u00e9 en fr\u00e9quence ou en dur\u00e9e.<\/p>\n<p><strong>ALERTE AU COUP DE SOLEIL :<\/strong> Ce produit contient un Acide Alpha-Hydroxy (AHA) qui peut augmenter la sensibilit\u00e9 de votre peau au soleil, en particulier le risque de coup de soleil. Utiliser un \u00e9cran solaire, porter des v\u00eatements protecteurs et limiter l&rsquo;exposition au soleil pendant l&rsquo;utilisation de ce produit et pendant une semaine apr\u00e8s. Il est recommand\u00e9 d&rsquo;utiliser un \u00e9cran solaire quotidiennement avec tout produit contenant du glycolique. Utiliser avec pr\u00e9caution lorsqu&rsquo;il est combin\u00e9 \u00e0 d&rsquo;autres produits exfoliants, car cela peut augmenter la sensibilit\u00e9. Usage externe uniquement. \u00c9viter le contact avec les yeux et les muqueuses. Un l\u00e9ger picotement peut survenir lors de l&rsquo;application. En cas d&rsquo;irritation, interrompre l&rsquo;utilisation et consulter un sp\u00e9cialiste des soins de la peau.<\/p>\n<p><strong>Ingr\u00e9dients du produit :<\/strong> Aqua (Eau Purifi\u00e9e), Acide Glycolique, Alcool St\u00e9arylique, Sodium C14-16 Olefin Sulfonate, Glyc\u00e9rine, Polyacrylate-1 Crosspolymer, Tetrahydroxypropyl Ethylenediamine, Glyc\u00e9ryl St\u00e9arate, Hydroxy\u00e9thylcellulose, 1,2-Hexanediol (et) Caprylyl Glycol (et) Tropolone, Aqua (et) Alcool Denat (et) Extrait de Fruit de Passiflore Edulis (et) Extrait de Fruit de Citrus Medica Limonum (Citron), Extrait de Racine d&rsquo;Articium Lappa, Extrait de Feuille de Symphytum Officinale, Extrait de Racine de Taraxacum Officinale, Huile de Pelure de Citrus Grandis (Pamplemousse), Huile de Pelure de Citrus Limon (Citron), Extrait Aromatique, Extrait de Feuille d&rsquo;Echinacea Angustifolia, Extrait de Feuille de Trifolium Pratense (Tr\u00e8fle).<\/p>\n<p><strong>pH<\/strong> 3.5 &#8211; 4.0.<\/p>\n","protected":false},"excerpt":{"rendered":"<p>Nettoyant Glycolique \u00e9limine en douceur les impuret\u00e9s et la ternissure, aidant \u00e0 maintenir l&rsquo;\u00e9clat et la souplesse naturels de la peau. L&rsquo;Acide Alpha-Hydroxy Glycolique nettoie en profondeur sans priver la peau de son hydratation essentielle. Les extraits botaniques de Consoude, de Bardane et de Pissenlit amplifient l&rsquo;hydratation topique, fortifiant ainsi la peau. Mode d&#8217;emploi :<\/p>\n","protected":false},"featured_media":8763,"comment_status":"closed","ping_status":"closed","template":"","meta":{"site-sidebar-layout":"default","site-content-layout":"","ast-site-content-layout":"default","site-content-style":"default","site-sidebar-style":"default","ast-global-header-display":"","ast-banner-title-visibility":"","ast-main-header-display":"","ast-hfb-above-header-display":"","ast-hfb-below-header-display":"","ast-hfb-mobile-header-display":"","site-post-title":"","ast-breadcrumbs-content":"","ast-featured-img":"","footer-sml-layout":"","ast-disable-related-posts":"","theme-transparent-header-meta":"default","adv-header-id-meta":"","stick-header-meta":"default","header-above-stick-meta":"","header-main-stick-meta":"","header-below-stick-meta":"","astra-migrate-meta-layouts":"set","ast-page-background-enabled":"default","ast-page-background-meta":{"desktop":{"background-color":"var(--ast-global-color-4)","background-image":"","background-repeat":"repeat","background-position":"center center","background-size":"auto","background-attachment":"scroll","background-type":"","background-media":"","overlay-type":"","overlay-color":"","overlay-opacity":"","overlay-gradient":""},"tablet":{"background-color":"","background-image":"","background-repeat":"repeat","background-position":"center center","background-size":"auto","background-attachment":"scroll","background-type":"","background-media":"","overlay-type":"","overlay-color":"","overlay-opacity":"","overlay-gradient":""},"mobile":{"background-color":"","background-image":"","background-repeat":"repeat","background-position":"center center","background-size":"auto","background-attachment":"scroll","background-type":"","background-media":"","overlay-type":"","overlay-color":"","overlay-opacity":"","overlay-gradient":""}},"ast-content-background-meta":{"desktop":{"background-color":"var(--ast-global-color-5)","background-image":"","background-repeat":"repeat","background-position":"center center","background-size":"auto","background-attachment":"scroll","background-type":"","background-media":"","overlay-type":"","overlay-color":"","overlay-opacity":"","overlay-gradient":""},"tablet":{"background-color":"var(--ast-global-color-5)","background-image":"","background-repeat":"repeat","background-position":"center center","background-size":"auto","background-attachment":"scroll","background-type":"","background-media":"","overlay-type":"","overlay-color":"","overlay-opacity":"","overlay-gradient":""},"mobile":{"background-color":"var(--ast-global-color-5)","background-image":"","background-repeat":"repeat","background-position":"center center","background-size":"auto","background-attachment":"scroll","background-type":"","background-media":"","overlay-type":"","overlay-color":"","overlay-opacity":"","overlay-gradient":""}}},"product_brand":[],"product_cat":[118,117],"product_tag":[],"class_list":{"0":"post-6878","1":"product","2":"type-product","3":"status-publish","4":"has-post-thumbnail","6":"product_cat-nettoyant-fr","7":"product_cat-cleaner-fr","8":"pa_brand-grace-fr","9":"pa_milliliters-250-00-fr","10":"desktop-align-left","11":"tablet-align-left","12":"mobile-align-left","13":"ast-product-gallery-layout-horizontal-slider","14":"ast-product-tabs-layout-horizontal","16":"first","17":"instock","18":"taxable","19":"shipping-taxable","20":"purchasable","21":"product-type-simple"},"yoast_head":"<!-- This site is optimized with the Yoast SEO plugin v27.1.1 - https:\/\/yoast.com\/product\/yoast-seo-wordpress\/ -->\n<title>NETTOYANT GLYCOLIQUE - cliniquegrace<\/title>\n<meta name=\"robots\" content=\"index, follow, max-snippet:-1, max-image-preview:large, max-video-preview:-1\" \/>\n<link rel=\"canonical\" href=\"https:\/\/www.cliniquegrace.ca\/fr\/produit\/nettoyant-glycolique-glycolic-cleanser\/\" \/>\n<meta property=\"og:locale\" content=\"fr_FR\" \/>\n<meta property=\"og:type\" content=\"article\" \/>\n<meta property=\"og:title\" content=\"NETTOYANT GLYCOLIQUE - cliniquegrace\" \/>\n<meta property=\"og:description\" content=\"Nettoyant Glycolique \u00e9limine en douceur les impuret\u00e9s et la ternissure, aidant \u00e0 maintenir l&rsquo;\u00e9clat et la souplesse naturels de la peau. L&rsquo;Acide Alpha-Hydroxy Glycolique nettoie en profondeur sans priver la peau de son hydratation essentielle. Les extraits botaniques de Consoude, de Bardane et de Pissenlit amplifient l&rsquo;hydratation topique, fortifiant ainsi la peau. Mode d&#8217;emploi :\" \/>\n<meta property=\"og:url\" content=\"https:\/\/www.cliniquegrace.ca\/fr\/produit\/nettoyant-glycolique-glycolic-cleanser\/\" \/>\n<meta property=\"og:site_name\" content=\"cliniquegrace\" \/>\n<meta property=\"article:modified_time\" content=\"2025-05-22T18:12:33+00:00\" \/>\n<meta property=\"og:image\" content=\"https:\/\/www.cliniquegrace.ca\/wp-content\/uploads\/2025\/05\/Screen-Shot-2026-02-23-at-11.27.16-AM.png\" \/>\n\t<meta property=\"og:image:width\" content=\"1906\" \/>\n\t<meta property=\"og:image:height\" content=\"2292\" \/>\n\t<meta property=\"og:image:type\" content=\"image\/png\" \/>\n<meta name=\"twitter:card\" content=\"summary_large_image\" \/>\n<meta name=\"twitter:label1\" content=\"Dur\u00e9e de lecture estim\u00e9e\" \/>\n\t<meta name=\"twitter:data1\" content=\"2 minutes\" \/>\n<script type=\"application\/ld+json\" class=\"yoast-schema-graph\">{\"@context\":\"https:\/\/schema.org\",\"@graph\":[{\"@type\":\"WebPage\",\"@id\":\"https:\/\/www.cliniquegrace.ca\/fr\/produit\/nettoyant-glycolique-glycolic-cleanser\/\",\"url\":\"https:\/\/www.cliniquegrace.ca\/fr\/produit\/nettoyant-glycolique-glycolic-cleanser\/\",\"name\":\"NETTOYANT GLYCOLIQUE - cliniquegrace\",\"isPartOf\":{\"@id\":\"https:\/\/www.cliniquegrace.ca\/#website\"},\"primaryImageOfPage\":{\"@id\":\"https:\/\/www.cliniquegrace.ca\/fr\/produit\/nettoyant-glycolique-glycolic-cleanser\/#primaryimage\"},\"image\":{\"@id\":\"https:\/\/www.cliniquegrace.ca\/fr\/produit\/nettoyant-glycolique-glycolic-cleanser\/#primaryimage\"},\"thumbnailUrl\":\"https:\/\/www.cliniquegrace.ca\/wp-content\/uploads\/2025\/05\/Screen-Shot-2026-02-23-at-11.27.16-AM.png\",\"datePublished\":\"2025-05-04T12:59:28+00:00\",\"dateModified\":\"2025-05-22T18:12:33+00:00\",\"breadcrumb\":{\"@id\":\"https:\/\/www.cliniquegrace.ca\/fr\/produit\/nettoyant-glycolique-glycolic-cleanser\/#breadcrumb\"},\"inLanguage\":\"fr-FR\",\"potentialAction\":[{\"@type\":\"ReadAction\",\"target\":[\"https:\/\/www.cliniquegrace.ca\/fr\/produit\/nettoyant-glycolique-glycolic-cleanser\/\"]}]},{\"@type\":\"ImageObject\",\"inLanguage\":\"fr-FR\",\"@id\":\"https:\/\/www.cliniquegrace.ca\/fr\/produit\/nettoyant-glycolique-glycolic-cleanser\/#primaryimage\",\"url\":\"https:\/\/www.cliniquegrace.ca\/wp-content\/uploads\/2025\/05\/Screen-Shot-2026-02-23-at-11.27.16-AM.png\",\"contentUrl\":\"https:\/\/www.cliniquegrace.ca\/wp-content\/uploads\/2025\/05\/Screen-Shot-2026-02-23-at-11.27.16-AM.png\",\"width\":1906,\"height\":2292},{\"@type\":\"BreadcrumbList\",\"@id\":\"https:\/\/www.cliniquegrace.ca\/fr\/produit\/nettoyant-glycolique-glycolic-cleanser\/#breadcrumb\",\"itemListElement\":[{\"@type\":\"ListItem\",\"position\":1,\"name\":\"Home\",\"item\":\"https:\/\/www.cliniquegrace.ca\/fr\/\"},{\"@type\":\"ListItem\",\"position\":2,\"name\":\"Boutique\",\"item\":\"https:\/\/www.cliniquegrace.ca\/shop\/\"},{\"@type\":\"ListItem\",\"position\":3,\"name\":\"NETTOYANT GLYCOLIQUE\"}]},{\"@type\":\"WebSite\",\"@id\":\"https:\/\/www.cliniquegrace.ca\/#website\",\"url\":\"https:\/\/www.cliniquegrace.ca\/\",\"name\":\"cliniquegrace\",\"description\":\"\",\"publisher\":{\"@id\":\"https:\/\/www.cliniquegrace.ca\/#organization\"},\"potentialAction\":[{\"@type\":\"SearchAction\",\"target\":{\"@type\":\"EntryPoint\",\"urlTemplate\":\"https:\/\/www.cliniquegrace.ca\/?s={search_term_string}\"},\"query-input\":{\"@type\":\"PropertyValueSpecification\",\"valueRequired\":true,\"valueName\":\"search_term_string\"}}],\"inLanguage\":\"fr-FR\"},{\"@type\":\"Organization\",\"@id\":\"https:\/\/www.cliniquegrace.ca\/#organization\",\"name\":\"cliniquegrace\",\"url\":\"https:\/\/www.cliniquegrace.ca\/\",\"logo\":{\"@type\":\"ImageObject\",\"inLanguage\":\"fr-FR\",\"@id\":\"https:\/\/www.cliniquegrace.ca\/#\/schema\/logo\/image\/\",\"url\":\"https:\/\/www.cliniquegrace.ca\/wp-content\/uploads\/2025\/04\/gree-logo.png\",\"contentUrl\":\"https:\/\/www.cliniquegrace.ca\/wp-content\/uploads\/2025\/04\/gree-logo.png\",\"width\":875,\"height\":263,\"caption\":\"cliniquegrace\"},\"image\":{\"@id\":\"https:\/\/www.cliniquegrace.ca\/#\/schema\/logo\/image\/\"}}]}<\/script>\n<!-- \/ Yoast SEO plugin. -->","yoast_head_json":{"title":"NETTOYANT GLYCOLIQUE - cliniquegrace","robots":{"index":"index","follow":"follow","max-snippet":"max-snippet:-1","max-image-preview":"max-image-preview:large","max-video-preview":"max-video-preview:-1"},"canonical":"https:\/\/www.cliniquegrace.ca\/fr\/produit\/nettoyant-glycolique-glycolic-cleanser\/","og_locale":"fr_FR","og_type":"article","og_title":"NETTOYANT GLYCOLIQUE - cliniquegrace","og_description":"Nettoyant Glycolique \u00e9limine en douceur les impuret\u00e9s et la ternissure, aidant \u00e0 maintenir l&rsquo;\u00e9clat et la souplesse naturels de la peau. L&rsquo;Acide Alpha-Hydroxy Glycolique nettoie en profondeur sans priver la peau de son hydratation essentielle. Les extraits botaniques de Consoude, de Bardane et de Pissenlit amplifient l&rsquo;hydratation topique, fortifiant ainsi la peau. Mode d&#8217;emploi :","og_url":"https:\/\/www.cliniquegrace.ca\/fr\/produit\/nettoyant-glycolique-glycolic-cleanser\/","og_site_name":"cliniquegrace","article_modified_time":"2025-05-22T18:12:33+00:00","og_image":[{"width":1906,"height":2292,"url":"https:\/\/www.cliniquegrace.ca\/wp-content\/uploads\/2025\/05\/Screen-Shot-2026-02-23-at-11.27.16-AM.png","type":"image\/png"}],"twitter_card":"summary_large_image","twitter_misc":{"Dur\u00e9e de lecture estim\u00e9e":"2 minutes"},"schema":{"@context":"https:\/\/schema.org","@graph":[{"@type":"WebPage","@id":"https:\/\/www.cliniquegrace.ca\/fr\/produit\/nettoyant-glycolique-glycolic-cleanser\/","url":"https:\/\/www.cliniquegrace.ca\/fr\/produit\/nettoyant-glycolique-glycolic-cleanser\/","name":"NETTOYANT GLYCOLIQUE - cliniquegrace","isPartOf":{"@id":"https:\/\/www.cliniquegrace.ca\/#website"},"primaryImageOfPage":{"@id":"https:\/\/www.cliniquegrace.ca\/fr\/produit\/nettoyant-glycolique-glycolic-cleanser\/#primaryimage"},"image":{"@id":"https:\/\/www.cliniquegrace.ca\/fr\/produit\/nettoyant-glycolique-glycolic-cleanser\/#primaryimage"},"thumbnailUrl":"https:\/\/www.cliniquegrace.ca\/wp-content\/uploads\/2025\/05\/Screen-Shot-2026-02-23-at-11.27.16-AM.png","datePublished":"2025-05-04T12:59:28+00:00","dateModified":"2025-05-22T18:12:33+00:00","breadcrumb":{"@id":"https:\/\/www.cliniquegrace.ca\/fr\/produit\/nettoyant-glycolique-glycolic-cleanser\/#breadcrumb"},"inLanguage":"fr-FR","potentialAction":[{"@type":"ReadAction","target":["https:\/\/www.cliniquegrace.ca\/fr\/produit\/nettoyant-glycolique-glycolic-cleanser\/"]}]},{"@type":"ImageObject","inLanguage":"fr-FR","@id":"https:\/\/www.cliniquegrace.ca\/fr\/produit\/nettoyant-glycolique-glycolic-cleanser\/#primaryimage","url":"https:\/\/www.cliniquegrace.ca\/wp-content\/uploads\/2025\/05\/Screen-Shot-2026-02-23-at-11.27.16-AM.png","contentUrl":"https:\/\/www.cliniquegrace.ca\/wp-content\/uploads\/2025\/05\/Screen-Shot-2026-02-23-at-11.27.16-AM.png","width":1906,"height":2292},{"@type":"BreadcrumbList","@id":"https:\/\/www.cliniquegrace.ca\/fr\/produit\/nettoyant-glycolique-glycolic-cleanser\/#breadcrumb","itemListElement":[{"@type":"ListItem","position":1,"name":"Home","item":"https:\/\/www.cliniquegrace.ca\/fr\/"},{"@type":"ListItem","position":2,"name":"Boutique","item":"https:\/\/www.cliniquegrace.ca\/shop\/"},{"@type":"ListItem","position":3,"name":"NETTOYANT GLYCOLIQUE"}]},{"@type":"WebSite","@id":"https:\/\/www.cliniquegrace.ca\/#website","url":"https:\/\/www.cliniquegrace.ca\/","name":"cliniquegrace","description":"","publisher":{"@id":"https:\/\/www.cliniquegrace.ca\/#organization"},"potentialAction":[{"@type":"SearchAction","target":{"@type":"EntryPoint","urlTemplate":"https:\/\/www.cliniquegrace.ca\/?s={search_term_string}"},"query-input":{"@type":"PropertyValueSpecification","valueRequired":true,"valueName":"search_term_string"}}],"inLanguage":"fr-FR"},{"@type":"Organization","@id":"https:\/\/www.cliniquegrace.ca\/#organization","name":"cliniquegrace","url":"https:\/\/www.cliniquegrace.ca\/","logo":{"@type":"ImageObject","inLanguage":"fr-FR","@id":"https:\/\/www.cliniquegrace.ca\/#\/schema\/logo\/image\/","url":"https:\/\/www.cliniquegrace.ca\/wp-content\/uploads\/2025\/04\/gree-logo.png","contentUrl":"https:\/\/www.cliniquegrace.ca\/wp-content\/uploads\/2025\/04\/gree-logo.png","width":875,"height":263,"caption":"cliniquegrace"},"image":{"@id":"https:\/\/www.cliniquegrace.ca\/#\/schema\/logo\/image\/"}}]}},"_links":{"self":[{"href":"https:\/\/www.cliniquegrace.ca\/fr\/wp-json\/wp\/v2\/product\/6878","targetHints":{"allow":["GET"]}}],"collection":[{"href":"https:\/\/www.cliniquegrace.ca\/fr\/wp-json\/wp\/v2\/product"}],"about":[{"href":"https:\/\/www.cliniquegrace.ca\/fr\/wp-json\/wp\/v2\/types\/product"}],"replies":[{"embeddable":true,"href":"https:\/\/www.cliniquegrace.ca\/fr\/wp-json\/wp\/v2\/comments?post=6878"}],"version-history":[{"count":3,"href":"https:\/\/www.cliniquegrace.ca\/fr\/wp-json\/wp\/v2\/product\/6878\/revisions"}],"predecessor-version":[{"id":7791,"href":"https:\/\/www.cliniquegrace.ca\/fr\/wp-json\/wp\/v2\/product\/6878\/revisions\/7791"}],"wp:featuredmedia":[{"embeddable":true,"href":"https:\/\/www.cliniquegrace.ca\/fr\/wp-json\/wp\/v2\/media\/8763"}],"wp:attachment":[{"href":"https:\/\/www.cliniquegrace.ca\/fr\/wp-json\/wp\/v2\/media?parent=6878"}],"wp:term":[{"taxonomy":"product_brand","embeddable":true,"href":"https:\/\/www.cliniquegrace.ca\/fr\/wp-json\/wp\/v2\/product_brand?post=6878"},{"taxonomy":"product_cat","embeddable":true,"href":"https:\/\/www.cliniquegrace.ca\/fr\/wp-json\/wp\/v2\/product_cat?post=6878"},{"taxonomy":"product_tag","embeddable":true,"href":"https:\/\/www.cliniquegrace.ca\/fr\/wp-json\/wp\/v2\/product_tag?post=6878"}],"curies":[{"name":"wp","href":"https:\/\/api.w.org\/{rel}","templated":true}]}}