{"id":6876,"date":"2025-05-04T12:59:33","date_gmt":"2025-05-04T12:59:33","guid":{"rendered":"https:\/\/www.cliniquegrace.ca\/product\/nettoyant-hyaluronique-hyaluronic-cleanser\/"},"modified":"2025-05-22T18:03:40","modified_gmt":"2025-05-22T18:03:40","slug":"nettoyant-hyaluronique-hyaluronic-cleanser","status":"publish","type":"product","link":"https:\/\/www.cliniquegrace.ca\/fr\/produit\/nettoyant-hyaluronique-hyaluronic-cleanser\/","title":{"rendered":"NETTOYANT HYALURONIQUE"},"content":{"rendered":"<p>Nettoyant Hydratant pour un Teint Parfait aide \u00e0 reconstituer l&rsquo;hydratation tout en offrant des facteurs hydratants qui optimisent l&rsquo;\u00e9clat naturel et la souplesse de la peau. L&rsquo;Acide Hyaluronique, les Extraits de V\u00e9g\u00e9taux Marins et l&rsquo;Extrait d&rsquo;Argan aident \u00e0 reconstituer les agents humectants, ce qui donne un teint nourri.<\/p>\n<p><strong>Mode d&#8217;emploi :<\/strong> Mouiller les mains, le visage et le d\u00e9collet\u00e9 ; masser doucement le nettoyant sur la peau par des mouvements circulaires. Rincer \u00e0 l&rsquo;eau ti\u00e8de pour \u00e9liminer le produit.<\/p>\n<p><strong>Ingr\u00e9dients du produit :<\/strong> Aqua (Eau Purifi\u00e9e), Huile de Graine de Helianthus Annuus (Tournesol), Alcool Arachidylique, Alcool B\u00e9h\u00e9nylique, Glucoside d&rsquo;Arachidyle, Glyc\u00e9rine, Extrait de Fucus Vesiculosus (Bladderwrack), Extrait de Macrocystis Pyrifera, Extrait de Chondrus Crispus, Extrait de Palmaria Palmata, Jus de Feuille d&rsquo;Aloe Barbadensis, Alcool C\u00e9t\u00e9arylique, Huile de Persea Gratissima (Avocat), Glyc\u00e9ryl St\u00e9arate, Lactate de Lauryle, Beurre de Butyrospermum Parkii (Karit\u00e9), Niacinamide, Glyc\u00e9rine, Tr\u00e9halose, Ur\u00e9e, S\u00e9rine, Pentyl\u00e8ne Glycol, Glyc\u00e9ryl Polyacrylate, Algine, Caprylyl Glycol, Sodium Hyaluronate, Pullulan, Disodium Phosphate, Phosphate de Potassium, Decyl Glucoside, Lauryl Glucoside, Alcool, Acide Citrique, Extrait de Fruit d&rsquo;Ananas Sativus (Ananas), Extrait de Fleur de Citrus Aurantium Amara (Orange Am\u00e8re), Extrait de Fruit de Citrus Nobilis (Mandarine), Extrait de Pelure de Citrus Grandis (Pamplemousse), Extrait de Pelure de Citrus Tangerina (Mandarine), 1,2-Hexanediol, Caprylyl Glycol, Tropolone, Beurre de Graine de Theobroma Cacao (Cacao), Panth\u00e9nol, Acetyl Octapeptide-3, Miel, Phospholipides, Sphingolipides, Acide Hyaluronique, Cire d&rsquo;Euphorbia Cerifera (Candelilla), Extrait de Levure (Pseudo Collag\u00e8ne), Acide Hyaluronique, Extrait d&rsquo;Artemisia Umbelliformis, Lauryl Glucoside, Polyglyceryl-2 Dipolyhydroxystearate, Extrait d&rsquo;Argania Spinosa (Argan), Sorbitol, Ether de Dicaprylyl, Ac\u00e9tate de Tocoph\u00e9rol (Vitamine E), Extrait de Spiraea Ulmaria, Bioflavono\u00efdes.<\/p>\n<p><strong>pH :<\/strong> 4.8 &#8211; 5.4<\/p>\n<p><strong>Ingr\u00e9dients cl\u00e9s :<\/strong><\/p>\n<ul>\n<li><span style=\"font-size: 16px;\"><strong>Glycoderm P \u2013<\/strong> Un complexe hydratant intensif. C&rsquo;est une livraison liposomale de facteurs hydratants uniques qui ont un effet b\u00e9n\u00e9fique sur l&rsquo;\u00e9piderme gr\u00e2ce \u00e0 l&rsquo;apport de phospholipides et de c\u00e9ramides, ce qui permet de restaurer la structure typique de la peau en \u00ab briques et mortier \u00bb<\/span><\/li>\n<li><span style=\"font-size: 16px;\"><strong>Phytocoll PF (Extrait de Levure) \u2013<\/strong> Duplique l&rsquo;esth\u00e9tique du collag\u00e8ne mammif\u00e8re tout en offrant des niveaux d&rsquo;hydratation am\u00e9lior\u00e9s \u00e0 la peau ou aux cheveux sans les probl\u00e8mes associ\u00e9s aux ingr\u00e9dients d&rsquo;origine animale. Cet actif pseudo-collag\u00e8ne am\u00e9liore la capacit\u00e9 de r\u00e9tention de l&rsquo;humidit\u00e9, principalement attribu\u00e9e \u00e0 la pr\u00e9sence de sucres, qui sont g\u00e9n\u00e9ralement absents du collag\u00e8ne mammif\u00e8re.<\/span><\/li>\n<li><span style=\"font-size: 16px;\"><strong>Solution Peptidique Snap-8\u2122 \u2013<\/strong> Contient un octapeptide anti-rides qui est une extension du hexapeptide Argireline\u00ae Peptide. Ainsi, il r\u00e9duit les rides d&rsquo;expression par un m\u00e9canisme d&rsquo;action semblable \u00e0 celui de la toxine botulique.<\/span><\/li>\n<\/ul>\n","protected":false},"excerpt":{"rendered":"<p>Nettoyant Hydratant pour un Teint Parfait aide \u00e0 reconstituer l&rsquo;hydratation tout en offrant des facteurs hydratants qui optimisent l&rsquo;\u00e9clat naturel et la souplesse de la peau. L&rsquo;Acide Hyaluronique, les Extraits de V\u00e9g\u00e9taux Marins et l&rsquo;Extrait d&rsquo;Argan aident \u00e0 reconstituer les agents humectants, ce qui donne un teint nourri. Mode d&#8217;emploi : Mouiller les mains, le<\/p>\n","protected":false},"featured_media":8759,"comment_status":"closed","ping_status":"closed","template":"","meta":{"site-sidebar-layout":"default","site-content-layout":"","ast-site-content-layout":"default","site-content-style":"default","site-sidebar-style":"default","ast-global-header-display":"","ast-banner-title-visibility":"","ast-main-header-display":"","ast-hfb-above-header-display":"","ast-hfb-below-header-display":"","ast-hfb-mobile-header-display":"","site-post-title":"","ast-breadcrumbs-content":"","ast-featured-img":"","footer-sml-layout":"","ast-disable-related-posts":"","theme-transparent-header-meta":"default","adv-header-id-meta":"","stick-header-meta":"default","header-above-stick-meta":"","header-main-stick-meta":"","header-below-stick-meta":"","astra-migrate-meta-layouts":"set","ast-page-background-enabled":"default","ast-page-background-meta":{"desktop":{"background-color":"var(--ast-global-color-4)","background-image":"","background-repeat":"repeat","background-position":"center center","background-size":"auto","background-attachment":"scroll","background-type":"","background-media":"","overlay-type":"","overlay-color":"","overlay-opacity":"","overlay-gradient":""},"tablet":{"background-color":"","background-image":"","background-repeat":"repeat","background-position":"center center","background-size":"auto","background-attachment":"scroll","background-type":"","background-media":"","overlay-type":"","overlay-color":"","overlay-opacity":"","overlay-gradient":""},"mobile":{"background-color":"","background-image":"","background-repeat":"repeat","background-position":"center center","background-size":"auto","background-attachment":"scroll","background-type":"","background-media":"","overlay-type":"","overlay-color":"","overlay-opacity":"","overlay-gradient":""}},"ast-content-background-meta":{"desktop":{"background-color":"var(--ast-global-color-5)","background-image":"","background-repeat":"repeat","background-position":"center center","background-size":"auto","background-attachment":"scroll","background-type":"","background-media":"","overlay-type":"","overlay-color":"","overlay-opacity":"","overlay-gradient":""},"tablet":{"background-color":"var(--ast-global-color-5)","background-image":"","background-repeat":"repeat","background-position":"center center","background-size":"auto","background-attachment":"scroll","background-type":"","background-media":"","overlay-type":"","overlay-color":"","overlay-opacity":"","overlay-gradient":""},"mobile":{"background-color":"var(--ast-global-color-5)","background-image":"","background-repeat":"repeat","background-position":"center center","background-size":"auto","background-attachment":"scroll","background-type":"","background-media":"","overlay-type":"","overlay-color":"","overlay-opacity":"","overlay-gradient":""}}},"product_brand":[],"product_cat":[117,118],"product_tag":[],"class_list":{"0":"post-6876","1":"product","2":"type-product","3":"status-publish","4":"has-post-thumbnail","6":"product_cat-cleaner-fr","7":"product_cat-nettoyant-fr","8":"pa_brand-grace-fr","9":"pa_milliliters-250-00-fr","10":"desktop-align-left","11":"tablet-align-left","12":"mobile-align-left","13":"ast-product-gallery-layout-horizontal-slider","14":"ast-product-gallery-with-no-image","15":"ast-product-tabs-layout-horizontal","17":"first","18":"instock","19":"taxable","20":"shipping-taxable","21":"purchasable","22":"product-type-simple"},"yoast_head":"<!-- This site is optimized with the Yoast SEO plugin v27.1.1 - https:\/\/yoast.com\/product\/yoast-seo-wordpress\/ -->\n<title>NETTOYANT HYALURONIQUE - cliniquegrace<\/title>\n<meta name=\"robots\" content=\"index, follow, max-snippet:-1, max-image-preview:large, max-video-preview:-1\" \/>\n<link rel=\"canonical\" href=\"https:\/\/www.cliniquegrace.ca\/fr\/produit\/nettoyant-hyaluronique-hyaluronic-cleanser\/\" \/>\n<meta property=\"og:locale\" content=\"fr_FR\" \/>\n<meta property=\"og:type\" content=\"article\" \/>\n<meta property=\"og:title\" content=\"NETTOYANT HYALURONIQUE - cliniquegrace\" \/>\n<meta property=\"og:description\" content=\"Nettoyant Hydratant pour un Teint Parfait aide \u00e0 reconstituer l&rsquo;hydratation tout en offrant des facteurs hydratants qui optimisent l&rsquo;\u00e9clat naturel et la souplesse de la peau. L&rsquo;Acide Hyaluronique, les Extraits de V\u00e9g\u00e9taux Marins et l&rsquo;Extrait d&rsquo;Argan aident \u00e0 reconstituer les agents humectants, ce qui donne un teint nourri. Mode d&#8217;emploi : Mouiller les mains, le\" \/>\n<meta property=\"og:url\" content=\"https:\/\/www.cliniquegrace.ca\/fr\/produit\/nettoyant-hyaluronique-hyaluronic-cleanser\/\" \/>\n<meta property=\"og:site_name\" content=\"cliniquegrace\" \/>\n<meta property=\"article:modified_time\" content=\"2025-05-22T18:03:40+00:00\" \/>\n<meta property=\"og:image\" content=\"https:\/\/www.cliniquegrace.ca\/wp-content\/uploads\/2025\/05\/Screen-Shot-2026-02-23-at-11.18.37-AM-1024x1021.png\" \/>\n\t<meta property=\"og:image:width\" content=\"1024\" \/>\n\t<meta property=\"og:image:height\" content=\"1021\" \/>\n\t<meta property=\"og:image:type\" content=\"image\/png\" \/>\n<meta name=\"twitter:card\" content=\"summary_large_image\" \/>\n<meta name=\"twitter:label1\" content=\"Dur\u00e9e de lecture estim\u00e9e\" \/>\n\t<meta name=\"twitter:data1\" content=\"2 minutes\" \/>\n<script type=\"application\/ld+json\" class=\"yoast-schema-graph\">{\"@context\":\"https:\/\/schema.org\",\"@graph\":[{\"@type\":\"WebPage\",\"@id\":\"https:\/\/www.cliniquegrace.ca\/fr\/produit\/nettoyant-hyaluronique-hyaluronic-cleanser\/\",\"url\":\"https:\/\/www.cliniquegrace.ca\/fr\/produit\/nettoyant-hyaluronique-hyaluronic-cleanser\/\",\"name\":\"NETTOYANT HYALURONIQUE - cliniquegrace\",\"isPartOf\":{\"@id\":\"https:\/\/www.cliniquegrace.ca\/#website\"},\"primaryImageOfPage\":{\"@id\":\"https:\/\/www.cliniquegrace.ca\/fr\/produit\/nettoyant-hyaluronique-hyaluronic-cleanser\/#primaryimage\"},\"image\":{\"@id\":\"https:\/\/www.cliniquegrace.ca\/fr\/produit\/nettoyant-hyaluronique-hyaluronic-cleanser\/#primaryimage\"},\"thumbnailUrl\":\"https:\/\/www.cliniquegrace.ca\/wp-content\/uploads\/2025\/05\/Screen-Shot-2026-02-23-at-11.18.37-AM.png\",\"datePublished\":\"2025-05-04T12:59:33+00:00\",\"dateModified\":\"2025-05-22T18:03:40+00:00\",\"breadcrumb\":{\"@id\":\"https:\/\/www.cliniquegrace.ca\/fr\/produit\/nettoyant-hyaluronique-hyaluronic-cleanser\/#breadcrumb\"},\"inLanguage\":\"fr-FR\",\"potentialAction\":[{\"@type\":\"ReadAction\",\"target\":[\"https:\/\/www.cliniquegrace.ca\/fr\/produit\/nettoyant-hyaluronique-hyaluronic-cleanser\/\"]}]},{\"@type\":\"ImageObject\",\"inLanguage\":\"fr-FR\",\"@id\":\"https:\/\/www.cliniquegrace.ca\/fr\/produit\/nettoyant-hyaluronique-hyaluronic-cleanser\/#primaryimage\",\"url\":\"https:\/\/www.cliniquegrace.ca\/wp-content\/uploads\/2025\/05\/Screen-Shot-2026-02-23-at-11.18.37-AM.png\",\"contentUrl\":\"https:\/\/www.cliniquegrace.ca\/wp-content\/uploads\/2025\/05\/Screen-Shot-2026-02-23-at-11.18.37-AM.png\",\"width\":2205,\"height\":2198},{\"@type\":\"BreadcrumbList\",\"@id\":\"https:\/\/www.cliniquegrace.ca\/fr\/produit\/nettoyant-hyaluronique-hyaluronic-cleanser\/#breadcrumb\",\"itemListElement\":[{\"@type\":\"ListItem\",\"position\":1,\"name\":\"Home\",\"item\":\"https:\/\/www.cliniquegrace.ca\/fr\/\"},{\"@type\":\"ListItem\",\"position\":2,\"name\":\"Boutique\",\"item\":\"https:\/\/www.cliniquegrace.ca\/shop\/\"},{\"@type\":\"ListItem\",\"position\":3,\"name\":\"NETTOYANT HYALURONIQUE\"}]},{\"@type\":\"WebSite\",\"@id\":\"https:\/\/www.cliniquegrace.ca\/#website\",\"url\":\"https:\/\/www.cliniquegrace.ca\/\",\"name\":\"cliniquegrace\",\"description\":\"\",\"publisher\":{\"@id\":\"https:\/\/www.cliniquegrace.ca\/#organization\"},\"potentialAction\":[{\"@type\":\"SearchAction\",\"target\":{\"@type\":\"EntryPoint\",\"urlTemplate\":\"https:\/\/www.cliniquegrace.ca\/?s={search_term_string}\"},\"query-input\":{\"@type\":\"PropertyValueSpecification\",\"valueRequired\":true,\"valueName\":\"search_term_string\"}}],\"inLanguage\":\"fr-FR\"},{\"@type\":\"Organization\",\"@id\":\"https:\/\/www.cliniquegrace.ca\/#organization\",\"name\":\"cliniquegrace\",\"url\":\"https:\/\/www.cliniquegrace.ca\/\",\"logo\":{\"@type\":\"ImageObject\",\"inLanguage\":\"fr-FR\",\"@id\":\"https:\/\/www.cliniquegrace.ca\/#\/schema\/logo\/image\/\",\"url\":\"https:\/\/www.cliniquegrace.ca\/wp-content\/uploads\/2025\/04\/gree-logo.png\",\"contentUrl\":\"https:\/\/www.cliniquegrace.ca\/wp-content\/uploads\/2025\/04\/gree-logo.png\",\"width\":875,\"height\":263,\"caption\":\"cliniquegrace\"},\"image\":{\"@id\":\"https:\/\/www.cliniquegrace.ca\/#\/schema\/logo\/image\/\"}}]}<\/script>\n<!-- \/ Yoast SEO plugin. -->","yoast_head_json":{"title":"NETTOYANT HYALURONIQUE - cliniquegrace","robots":{"index":"index","follow":"follow","max-snippet":"max-snippet:-1","max-image-preview":"max-image-preview:large","max-video-preview":"max-video-preview:-1"},"canonical":"https:\/\/www.cliniquegrace.ca\/fr\/produit\/nettoyant-hyaluronique-hyaluronic-cleanser\/","og_locale":"fr_FR","og_type":"article","og_title":"NETTOYANT HYALURONIQUE - cliniquegrace","og_description":"Nettoyant Hydratant pour un Teint Parfait aide \u00e0 reconstituer l&rsquo;hydratation tout en offrant des facteurs hydratants qui optimisent l&rsquo;\u00e9clat naturel et la souplesse de la peau. L&rsquo;Acide Hyaluronique, les Extraits de V\u00e9g\u00e9taux Marins et l&rsquo;Extrait d&rsquo;Argan aident \u00e0 reconstituer les agents humectants, ce qui donne un teint nourri. Mode d&#8217;emploi : Mouiller les mains, le","og_url":"https:\/\/www.cliniquegrace.ca\/fr\/produit\/nettoyant-hyaluronique-hyaluronic-cleanser\/","og_site_name":"cliniquegrace","article_modified_time":"2025-05-22T18:03:40+00:00","og_image":[{"width":1024,"height":1021,"url":"https:\/\/www.cliniquegrace.ca\/wp-content\/uploads\/2025\/05\/Screen-Shot-2026-02-23-at-11.18.37-AM-1024x1021.png","type":"image\/png"}],"twitter_card":"summary_large_image","twitter_misc":{"Dur\u00e9e de lecture estim\u00e9e":"2 minutes"},"schema":{"@context":"https:\/\/schema.org","@graph":[{"@type":"WebPage","@id":"https:\/\/www.cliniquegrace.ca\/fr\/produit\/nettoyant-hyaluronique-hyaluronic-cleanser\/","url":"https:\/\/www.cliniquegrace.ca\/fr\/produit\/nettoyant-hyaluronique-hyaluronic-cleanser\/","name":"NETTOYANT HYALURONIQUE - cliniquegrace","isPartOf":{"@id":"https:\/\/www.cliniquegrace.ca\/#website"},"primaryImageOfPage":{"@id":"https:\/\/www.cliniquegrace.ca\/fr\/produit\/nettoyant-hyaluronique-hyaluronic-cleanser\/#primaryimage"},"image":{"@id":"https:\/\/www.cliniquegrace.ca\/fr\/produit\/nettoyant-hyaluronique-hyaluronic-cleanser\/#primaryimage"},"thumbnailUrl":"https:\/\/www.cliniquegrace.ca\/wp-content\/uploads\/2025\/05\/Screen-Shot-2026-02-23-at-11.18.37-AM.png","datePublished":"2025-05-04T12:59:33+00:00","dateModified":"2025-05-22T18:03:40+00:00","breadcrumb":{"@id":"https:\/\/www.cliniquegrace.ca\/fr\/produit\/nettoyant-hyaluronique-hyaluronic-cleanser\/#breadcrumb"},"inLanguage":"fr-FR","potentialAction":[{"@type":"ReadAction","target":["https:\/\/www.cliniquegrace.ca\/fr\/produit\/nettoyant-hyaluronique-hyaluronic-cleanser\/"]}]},{"@type":"ImageObject","inLanguage":"fr-FR","@id":"https:\/\/www.cliniquegrace.ca\/fr\/produit\/nettoyant-hyaluronique-hyaluronic-cleanser\/#primaryimage","url":"https:\/\/www.cliniquegrace.ca\/wp-content\/uploads\/2025\/05\/Screen-Shot-2026-02-23-at-11.18.37-AM.png","contentUrl":"https:\/\/www.cliniquegrace.ca\/wp-content\/uploads\/2025\/05\/Screen-Shot-2026-02-23-at-11.18.37-AM.png","width":2205,"height":2198},{"@type":"BreadcrumbList","@id":"https:\/\/www.cliniquegrace.ca\/fr\/produit\/nettoyant-hyaluronique-hyaluronic-cleanser\/#breadcrumb","itemListElement":[{"@type":"ListItem","position":1,"name":"Home","item":"https:\/\/www.cliniquegrace.ca\/fr\/"},{"@type":"ListItem","position":2,"name":"Boutique","item":"https:\/\/www.cliniquegrace.ca\/shop\/"},{"@type":"ListItem","position":3,"name":"NETTOYANT HYALURONIQUE"}]},{"@type":"WebSite","@id":"https:\/\/www.cliniquegrace.ca\/#website","url":"https:\/\/www.cliniquegrace.ca\/","name":"cliniquegrace","description":"","publisher":{"@id":"https:\/\/www.cliniquegrace.ca\/#organization"},"potentialAction":[{"@type":"SearchAction","target":{"@type":"EntryPoint","urlTemplate":"https:\/\/www.cliniquegrace.ca\/?s={search_term_string}"},"query-input":{"@type":"PropertyValueSpecification","valueRequired":true,"valueName":"search_term_string"}}],"inLanguage":"fr-FR"},{"@type":"Organization","@id":"https:\/\/www.cliniquegrace.ca\/#organization","name":"cliniquegrace","url":"https:\/\/www.cliniquegrace.ca\/","logo":{"@type":"ImageObject","inLanguage":"fr-FR","@id":"https:\/\/www.cliniquegrace.ca\/#\/schema\/logo\/image\/","url":"https:\/\/www.cliniquegrace.ca\/wp-content\/uploads\/2025\/04\/gree-logo.png","contentUrl":"https:\/\/www.cliniquegrace.ca\/wp-content\/uploads\/2025\/04\/gree-logo.png","width":875,"height":263,"caption":"cliniquegrace"},"image":{"@id":"https:\/\/www.cliniquegrace.ca\/#\/schema\/logo\/image\/"}}]}},"_links":{"self":[{"href":"https:\/\/www.cliniquegrace.ca\/fr\/wp-json\/wp\/v2\/product\/6876","targetHints":{"allow":["GET"]}}],"collection":[{"href":"https:\/\/www.cliniquegrace.ca\/fr\/wp-json\/wp\/v2\/product"}],"about":[{"href":"https:\/\/www.cliniquegrace.ca\/fr\/wp-json\/wp\/v2\/types\/product"}],"replies":[{"embeddable":true,"href":"https:\/\/www.cliniquegrace.ca\/fr\/wp-json\/wp\/v2\/comments?post=6876"}],"version-history":[{"count":4,"href":"https:\/\/www.cliniquegrace.ca\/fr\/wp-json\/wp\/v2\/product\/6876\/revisions"}],"predecessor-version":[{"id":7779,"href":"https:\/\/www.cliniquegrace.ca\/fr\/wp-json\/wp\/v2\/product\/6876\/revisions\/7779"}],"wp:featuredmedia":[{"embeddable":true,"href":"https:\/\/www.cliniquegrace.ca\/fr\/wp-json\/wp\/v2\/media\/8759"}],"wp:attachment":[{"href":"https:\/\/www.cliniquegrace.ca\/fr\/wp-json\/wp\/v2\/media?parent=6876"}],"wp:term":[{"taxonomy":"product_brand","embeddable":true,"href":"https:\/\/www.cliniquegrace.ca\/fr\/wp-json\/wp\/v2\/product_brand?post=6876"},{"taxonomy":"product_cat","embeddable":true,"href":"https:\/\/www.cliniquegrace.ca\/fr\/wp-json\/wp\/v2\/product_cat?post=6876"},{"taxonomy":"product_tag","embeddable":true,"href":"https:\/\/www.cliniquegrace.ca\/fr\/wp-json\/wp\/v2\/product_tag?post=6876"}],"curies":[{"name":"wp","href":"https:\/\/api.w.org\/{rel}","templated":true}]}}