{"id":6875,"date":"2025-05-04T12:59:35","date_gmt":"2025-05-04T12:59:35","guid":{"rendered":"https:\/\/www.cliniquegrace.ca\/product\/tonique-glycolique-glycolic-tonic\/"},"modified":"2025-05-22T18:02:55","modified_gmt":"2025-05-22T18:02:55","slug":"tonique-glycolique-glycolic-tonic","status":"publish","type":"product","link":"https:\/\/www.cliniquegrace.ca\/fr\/produit\/tonique-glycolique-glycolic-tonic\/","title":{"rendered":"TONIQUE GLYCOLIQUE"},"content":{"rendered":"<p>Tonique Glycolique am\u00e9liore la clart\u00e9 de la peau en \u00e9liminant l&rsquo;exc\u00e8s de s\u00e9bum et les d\u00e9bris environnementaux qui peuvent obstruer l&rsquo;\u00e9clat naturel. Cette formule puissante \u00e0 l&rsquo;Acide Glycolique soutient un teint lumineux et radieux.<\/p>\n<p><strong>Mode d&#8217;emploi :<\/strong> Appliquer le tonique sur la peau \u00e0 l&rsquo;aide d&rsquo;un coton. UTILISER UNIQUEMENT COMME INDIQU\u00c9. \u00c9viter le contact avec les yeux. Si l&rsquo;irritation persiste, interrompre l&rsquo;utilisation et consulter un m\u00e9decin. Il est recommand\u00e9 qu&rsquo;avant toute exposition au soleil, les utilisateurs couvrent les zones o\u00f9 les AHA ont \u00e9t\u00e9 appliqu\u00e9s avec un \u00e9cran solaire. Le contact du produit avec la peau doit \u00eatre limit\u00e9 en fr\u00e9quence ou en dur\u00e9e.<\/p>\n<p><strong>ALERTE AU COUP DE SOLEIL :<\/strong> Ce produit contient un Acide Alpha-Hydroxy (AHA) qui peut augmenter la sensibilit\u00e9 de votre peau au soleil, et en particulier le risque de coup de soleil. Utiliser un \u00e9cran solaire, porter des v\u00eatements protecteurs et limiter l&rsquo;exposition au soleil pendant l&rsquo;utilisation de ce produit et pendant une semaine apr\u00e8s. Il est recommand\u00e9 d&rsquo;utiliser un \u00e9cran solaire quotidiennement avec tout produit glycolique. Utiliser avec pr\u00e9caution lorsqu&rsquo;il est combin\u00e9 \u00e0 d&rsquo;autres produits exfoliants, car cela peut augmenter la sensibilit\u00e9. Usage externe uniquement. \u00c9viter le contact avec les yeux et les muqueuses. Un l\u00e9ger picotement peut survenir lors de l&rsquo;application. En cas d&rsquo;irritation, interrompre l&rsquo;utilisation et consulter un sp\u00e9cialiste des soins de la peau.<\/p>\n<p><strong>Ingr\u00e9dients du produit :<\/strong> Aqua (Eau Purifi\u00e9e), Acide Glycolique, Lauramine Oxide, Extrait de Fucus Vesiculosus (Algue), Extrait de Feuille de Camellia Sinensis, Extrait de Fleur d&rsquo;Anthemis Nobilis, Extrait de Fleur de Lavandula Angustifolia, Glyc\u00e9rine, Extrait de Fleur de Chamomilla Recutita, Aqua (et) Alcool Denat (et) Extrait de Fruit de Passiflora Edulis (et) Extrait de Fruit de Citrus Medica Limonum (Citron), Polysorbate-20, 1,2-Hexanediol (et) Caprylyl Glycol (et) Tropolone, Panth\u00e9nol, Gomme Xanthane, Huile de Pelure de Citrus Grandis (Pamplemousse).<\/p>\n<p><strong>pH :<\/strong> 3.5 &#8211; 4.0<\/p>\n","protected":false},"excerpt":{"rendered":"<p>Tonique Glycolique am\u00e9liore la clart\u00e9 de la peau en \u00e9liminant l&rsquo;exc\u00e8s de s\u00e9bum et les d\u00e9bris environnementaux qui peuvent obstruer l&rsquo;\u00e9clat naturel. Cette formule puissante \u00e0 l&rsquo;Acide Glycolique soutient un teint lumineux et radieux. Mode d&#8217;emploi : Appliquer le tonique sur la peau \u00e0 l&rsquo;aide d&rsquo;un coton. UTILISER UNIQUEMENT COMME INDIQU\u00c9. \u00c9viter le contact avec<\/p>\n","protected":false},"featured_media":8757,"comment_status":"closed","ping_status":"closed","template":"","meta":{"site-sidebar-layout":"default","site-content-layout":"","ast-site-content-layout":"default","site-content-style":"default","site-sidebar-style":"default","ast-global-header-display":"","ast-banner-title-visibility":"","ast-main-header-display":"","ast-hfb-above-header-display":"","ast-hfb-below-header-display":"","ast-hfb-mobile-header-display":"","site-post-title":"","ast-breadcrumbs-content":"","ast-featured-img":"","footer-sml-layout":"","ast-disable-related-posts":"","theme-transparent-header-meta":"default","adv-header-id-meta":"","stick-header-meta":"default","header-above-stick-meta":"","header-main-stick-meta":"","header-below-stick-meta":"","astra-migrate-meta-layouts":"set","ast-page-background-enabled":"default","ast-page-background-meta":{"desktop":{"background-color":"var(--ast-global-color-4)","background-image":"","background-repeat":"repeat","background-position":"center center","background-size":"auto","background-attachment":"scroll","background-type":"","background-media":"","overlay-type":"","overlay-color":"","overlay-opacity":"","overlay-gradient":""},"tablet":{"background-color":"","background-image":"","background-repeat":"repeat","background-position":"center center","background-size":"auto","background-attachment":"scroll","background-type":"","background-media":"","overlay-type":"","overlay-color":"","overlay-opacity":"","overlay-gradient":""},"mobile":{"background-color":"","background-image":"","background-repeat":"repeat","background-position":"center center","background-size":"auto","background-attachment":"scroll","background-type":"","background-media":"","overlay-type":"","overlay-color":"","overlay-opacity":"","overlay-gradient":""}},"ast-content-background-meta":{"desktop":{"background-color":"var(--ast-global-color-5)","background-image":"","background-repeat":"repeat","background-position":"center center","background-size":"auto","background-attachment":"scroll","background-type":"","background-media":"","overlay-type":"","overlay-color":"","overlay-opacity":"","overlay-gradient":""},"tablet":{"background-color":"var(--ast-global-color-5)","background-image":"","background-repeat":"repeat","background-position":"center center","background-size":"auto","background-attachment":"scroll","background-type":"","background-media":"","overlay-type":"","overlay-color":"","overlay-opacity":"","overlay-gradient":""},"mobile":{"background-color":"var(--ast-global-color-5)","background-image":"","background-repeat":"repeat","background-position":"center center","background-size":"auto","background-attachment":"scroll","background-type":"","background-media":"","overlay-type":"","overlay-color":"","overlay-opacity":"","overlay-gradient":""}}},"product_brand":[],"product_cat":[121,122],"product_tag":[],"class_list":{"0":"post-6875","1":"product","2":"type-product","3":"status-publish","4":"has-post-thumbnail","6":"product_cat-toner-fr","7":"product_cat-tonique-fr","8":"pa_brand-grace-fr","9":"pa_milliliters-250-00-fr","10":"desktop-align-left","11":"tablet-align-left","12":"mobile-align-left","13":"ast-product-gallery-layout-horizontal-slider","14":"ast-product-gallery-with-no-image","15":"ast-product-tabs-layout-horizontal","17":"first","18":"instock","19":"taxable","20":"shipping-taxable","21":"purchasable","22":"product-type-simple"},"yoast_head":"<!-- This site is optimized with the Yoast SEO plugin v27.1.1 - https:\/\/yoast.com\/product\/yoast-seo-wordpress\/ -->\n<title>TONIQUE GLYCOLIQUE - cliniquegrace<\/title>\n<meta name=\"robots\" content=\"index, follow, max-snippet:-1, max-image-preview:large, max-video-preview:-1\" \/>\n<link rel=\"canonical\" href=\"https:\/\/www.cliniquegrace.ca\/fr\/produit\/tonique-glycolique-glycolic-tonic\/\" \/>\n<meta property=\"og:locale\" content=\"fr_FR\" \/>\n<meta property=\"og:type\" content=\"article\" \/>\n<meta property=\"og:title\" content=\"TONIQUE GLYCOLIQUE - cliniquegrace\" \/>\n<meta property=\"og:description\" content=\"Tonique Glycolique am\u00e9liore la clart\u00e9 de la peau en \u00e9liminant l&rsquo;exc\u00e8s de s\u00e9bum et les d\u00e9bris environnementaux qui peuvent obstruer l&rsquo;\u00e9clat naturel. Cette formule puissante \u00e0 l&rsquo;Acide Glycolique soutient un teint lumineux et radieux. Mode d&#8217;emploi : Appliquer le tonique sur la peau \u00e0 l&rsquo;aide d&rsquo;un coton. UTILISER UNIQUEMENT COMME INDIQU\u00c9. \u00c9viter le contact avec\" \/>\n<meta property=\"og:url\" content=\"https:\/\/www.cliniquegrace.ca\/fr\/produit\/tonique-glycolique-glycolic-tonic\/\" \/>\n<meta property=\"og:site_name\" content=\"cliniquegrace\" \/>\n<meta property=\"article:modified_time\" content=\"2025-05-22T18:02:55+00:00\" \/>\n<meta property=\"og:image\" content=\"https:\/\/www.cliniquegrace.ca\/wp-content\/uploads\/2025\/05\/Screen-Shot-2026-02-23-at-11.14.15-AM-1024x990.png\" \/>\n\t<meta property=\"og:image:width\" content=\"1024\" \/>\n\t<meta property=\"og:image:height\" content=\"990\" \/>\n\t<meta property=\"og:image:type\" content=\"image\/png\" \/>\n<meta name=\"twitter:card\" content=\"summary_large_image\" \/>\n<meta name=\"twitter:label1\" content=\"Dur\u00e9e de lecture estim\u00e9e\" \/>\n\t<meta name=\"twitter:data1\" content=\"2 minutes\" \/>\n<script type=\"application\/ld+json\" class=\"yoast-schema-graph\">{\"@context\":\"https:\/\/schema.org\",\"@graph\":[{\"@type\":\"WebPage\",\"@id\":\"https:\/\/www.cliniquegrace.ca\/fr\/produit\/tonique-glycolique-glycolic-tonic\/\",\"url\":\"https:\/\/www.cliniquegrace.ca\/fr\/produit\/tonique-glycolique-glycolic-tonic\/\",\"name\":\"TONIQUE GLYCOLIQUE - cliniquegrace\",\"isPartOf\":{\"@id\":\"https:\/\/www.cliniquegrace.ca\/#website\"},\"primaryImageOfPage\":{\"@id\":\"https:\/\/www.cliniquegrace.ca\/fr\/produit\/tonique-glycolique-glycolic-tonic\/#primaryimage\"},\"image\":{\"@id\":\"https:\/\/www.cliniquegrace.ca\/fr\/produit\/tonique-glycolique-glycolic-tonic\/#primaryimage\"},\"thumbnailUrl\":\"https:\/\/www.cliniquegrace.ca\/wp-content\/uploads\/2025\/05\/Screen-Shot-2026-02-23-at-11.14.15-AM.png\",\"datePublished\":\"2025-05-04T12:59:35+00:00\",\"dateModified\":\"2025-05-22T18:02:55+00:00\",\"breadcrumb\":{\"@id\":\"https:\/\/www.cliniquegrace.ca\/fr\/produit\/tonique-glycolique-glycolic-tonic\/#breadcrumb\"},\"inLanguage\":\"fr-FR\",\"potentialAction\":[{\"@type\":\"ReadAction\",\"target\":[\"https:\/\/www.cliniquegrace.ca\/fr\/produit\/tonique-glycolique-glycolic-tonic\/\"]}]},{\"@type\":\"ImageObject\",\"inLanguage\":\"fr-FR\",\"@id\":\"https:\/\/www.cliniquegrace.ca\/fr\/produit\/tonique-glycolique-glycolic-tonic\/#primaryimage\",\"url\":\"https:\/\/www.cliniquegrace.ca\/wp-content\/uploads\/2025\/05\/Screen-Shot-2026-02-23-at-11.14.15-AM.png\",\"contentUrl\":\"https:\/\/www.cliniquegrace.ca\/wp-content\/uploads\/2025\/05\/Screen-Shot-2026-02-23-at-11.14.15-AM.png\",\"width\":2258,\"height\":2184},{\"@type\":\"BreadcrumbList\",\"@id\":\"https:\/\/www.cliniquegrace.ca\/fr\/produit\/tonique-glycolique-glycolic-tonic\/#breadcrumb\",\"itemListElement\":[{\"@type\":\"ListItem\",\"position\":1,\"name\":\"Home\",\"item\":\"https:\/\/www.cliniquegrace.ca\/fr\/\"},{\"@type\":\"ListItem\",\"position\":2,\"name\":\"Boutique\",\"item\":\"https:\/\/www.cliniquegrace.ca\/shop\/\"},{\"@type\":\"ListItem\",\"position\":3,\"name\":\"TONIQUE GLYCOLIQUE\"}]},{\"@type\":\"WebSite\",\"@id\":\"https:\/\/www.cliniquegrace.ca\/#website\",\"url\":\"https:\/\/www.cliniquegrace.ca\/\",\"name\":\"cliniquegrace\",\"description\":\"\",\"publisher\":{\"@id\":\"https:\/\/www.cliniquegrace.ca\/#organization\"},\"potentialAction\":[{\"@type\":\"SearchAction\",\"target\":{\"@type\":\"EntryPoint\",\"urlTemplate\":\"https:\/\/www.cliniquegrace.ca\/?s={search_term_string}\"},\"query-input\":{\"@type\":\"PropertyValueSpecification\",\"valueRequired\":true,\"valueName\":\"search_term_string\"}}],\"inLanguage\":\"fr-FR\"},{\"@type\":\"Organization\",\"@id\":\"https:\/\/www.cliniquegrace.ca\/#organization\",\"name\":\"cliniquegrace\",\"url\":\"https:\/\/www.cliniquegrace.ca\/\",\"logo\":{\"@type\":\"ImageObject\",\"inLanguage\":\"fr-FR\",\"@id\":\"https:\/\/www.cliniquegrace.ca\/#\/schema\/logo\/image\/\",\"url\":\"https:\/\/www.cliniquegrace.ca\/wp-content\/uploads\/2025\/04\/gree-logo.png\",\"contentUrl\":\"https:\/\/www.cliniquegrace.ca\/wp-content\/uploads\/2025\/04\/gree-logo.png\",\"width\":875,\"height\":263,\"caption\":\"cliniquegrace\"},\"image\":{\"@id\":\"https:\/\/www.cliniquegrace.ca\/#\/schema\/logo\/image\/\"}}]}<\/script>\n<!-- \/ Yoast SEO plugin. -->","yoast_head_json":{"title":"TONIQUE GLYCOLIQUE - cliniquegrace","robots":{"index":"index","follow":"follow","max-snippet":"max-snippet:-1","max-image-preview":"max-image-preview:large","max-video-preview":"max-video-preview:-1"},"canonical":"https:\/\/www.cliniquegrace.ca\/fr\/produit\/tonique-glycolique-glycolic-tonic\/","og_locale":"fr_FR","og_type":"article","og_title":"TONIQUE GLYCOLIQUE - cliniquegrace","og_description":"Tonique Glycolique am\u00e9liore la clart\u00e9 de la peau en \u00e9liminant l&rsquo;exc\u00e8s de s\u00e9bum et les d\u00e9bris environnementaux qui peuvent obstruer l&rsquo;\u00e9clat naturel. Cette formule puissante \u00e0 l&rsquo;Acide Glycolique soutient un teint lumineux et radieux. Mode d&#8217;emploi : Appliquer le tonique sur la peau \u00e0 l&rsquo;aide d&rsquo;un coton. UTILISER UNIQUEMENT COMME INDIQU\u00c9. \u00c9viter le contact avec","og_url":"https:\/\/www.cliniquegrace.ca\/fr\/produit\/tonique-glycolique-glycolic-tonic\/","og_site_name":"cliniquegrace","article_modified_time":"2025-05-22T18:02:55+00:00","og_image":[{"width":1024,"height":990,"url":"https:\/\/www.cliniquegrace.ca\/wp-content\/uploads\/2025\/05\/Screen-Shot-2026-02-23-at-11.14.15-AM-1024x990.png","type":"image\/png"}],"twitter_card":"summary_large_image","twitter_misc":{"Dur\u00e9e de lecture estim\u00e9e":"2 minutes"},"schema":{"@context":"https:\/\/schema.org","@graph":[{"@type":"WebPage","@id":"https:\/\/www.cliniquegrace.ca\/fr\/produit\/tonique-glycolique-glycolic-tonic\/","url":"https:\/\/www.cliniquegrace.ca\/fr\/produit\/tonique-glycolique-glycolic-tonic\/","name":"TONIQUE GLYCOLIQUE - cliniquegrace","isPartOf":{"@id":"https:\/\/www.cliniquegrace.ca\/#website"},"primaryImageOfPage":{"@id":"https:\/\/www.cliniquegrace.ca\/fr\/produit\/tonique-glycolique-glycolic-tonic\/#primaryimage"},"image":{"@id":"https:\/\/www.cliniquegrace.ca\/fr\/produit\/tonique-glycolique-glycolic-tonic\/#primaryimage"},"thumbnailUrl":"https:\/\/www.cliniquegrace.ca\/wp-content\/uploads\/2025\/05\/Screen-Shot-2026-02-23-at-11.14.15-AM.png","datePublished":"2025-05-04T12:59:35+00:00","dateModified":"2025-05-22T18:02:55+00:00","breadcrumb":{"@id":"https:\/\/www.cliniquegrace.ca\/fr\/produit\/tonique-glycolique-glycolic-tonic\/#breadcrumb"},"inLanguage":"fr-FR","potentialAction":[{"@type":"ReadAction","target":["https:\/\/www.cliniquegrace.ca\/fr\/produit\/tonique-glycolique-glycolic-tonic\/"]}]},{"@type":"ImageObject","inLanguage":"fr-FR","@id":"https:\/\/www.cliniquegrace.ca\/fr\/produit\/tonique-glycolique-glycolic-tonic\/#primaryimage","url":"https:\/\/www.cliniquegrace.ca\/wp-content\/uploads\/2025\/05\/Screen-Shot-2026-02-23-at-11.14.15-AM.png","contentUrl":"https:\/\/www.cliniquegrace.ca\/wp-content\/uploads\/2025\/05\/Screen-Shot-2026-02-23-at-11.14.15-AM.png","width":2258,"height":2184},{"@type":"BreadcrumbList","@id":"https:\/\/www.cliniquegrace.ca\/fr\/produit\/tonique-glycolique-glycolic-tonic\/#breadcrumb","itemListElement":[{"@type":"ListItem","position":1,"name":"Home","item":"https:\/\/www.cliniquegrace.ca\/fr\/"},{"@type":"ListItem","position":2,"name":"Boutique","item":"https:\/\/www.cliniquegrace.ca\/shop\/"},{"@type":"ListItem","position":3,"name":"TONIQUE GLYCOLIQUE"}]},{"@type":"WebSite","@id":"https:\/\/www.cliniquegrace.ca\/#website","url":"https:\/\/www.cliniquegrace.ca\/","name":"cliniquegrace","description":"","publisher":{"@id":"https:\/\/www.cliniquegrace.ca\/#organization"},"potentialAction":[{"@type":"SearchAction","target":{"@type":"EntryPoint","urlTemplate":"https:\/\/www.cliniquegrace.ca\/?s={search_term_string}"},"query-input":{"@type":"PropertyValueSpecification","valueRequired":true,"valueName":"search_term_string"}}],"inLanguage":"fr-FR"},{"@type":"Organization","@id":"https:\/\/www.cliniquegrace.ca\/#organization","name":"cliniquegrace","url":"https:\/\/www.cliniquegrace.ca\/","logo":{"@type":"ImageObject","inLanguage":"fr-FR","@id":"https:\/\/www.cliniquegrace.ca\/#\/schema\/logo\/image\/","url":"https:\/\/www.cliniquegrace.ca\/wp-content\/uploads\/2025\/04\/gree-logo.png","contentUrl":"https:\/\/www.cliniquegrace.ca\/wp-content\/uploads\/2025\/04\/gree-logo.png","width":875,"height":263,"caption":"cliniquegrace"},"image":{"@id":"https:\/\/www.cliniquegrace.ca\/#\/schema\/logo\/image\/"}}]}},"_links":{"self":[{"href":"https:\/\/www.cliniquegrace.ca\/fr\/wp-json\/wp\/v2\/product\/6875","targetHints":{"allow":["GET"]}}],"collection":[{"href":"https:\/\/www.cliniquegrace.ca\/fr\/wp-json\/wp\/v2\/product"}],"about":[{"href":"https:\/\/www.cliniquegrace.ca\/fr\/wp-json\/wp\/v2\/types\/product"}],"replies":[{"embeddable":true,"href":"https:\/\/www.cliniquegrace.ca\/fr\/wp-json\/wp\/v2\/comments?post=6875"}],"version-history":[{"count":3,"href":"https:\/\/www.cliniquegrace.ca\/fr\/wp-json\/wp\/v2\/product\/6875\/revisions"}],"predecessor-version":[{"id":7777,"href":"https:\/\/www.cliniquegrace.ca\/fr\/wp-json\/wp\/v2\/product\/6875\/revisions\/7777"}],"wp:featuredmedia":[{"embeddable":true,"href":"https:\/\/www.cliniquegrace.ca\/fr\/wp-json\/wp\/v2\/media\/8757"}],"wp:attachment":[{"href":"https:\/\/www.cliniquegrace.ca\/fr\/wp-json\/wp\/v2\/media?parent=6875"}],"wp:term":[{"taxonomy":"product_brand","embeddable":true,"href":"https:\/\/www.cliniquegrace.ca\/fr\/wp-json\/wp\/v2\/product_brand?post=6875"},{"taxonomy":"product_cat","embeddable":true,"href":"https:\/\/www.cliniquegrace.ca\/fr\/wp-json\/wp\/v2\/product_cat?post=6875"},{"taxonomy":"product_tag","embeddable":true,"href":"https:\/\/www.cliniquegrace.ca\/fr\/wp-json\/wp\/v2\/product_tag?post=6875"}],"curies":[{"name":"wp","href":"https:\/\/api.w.org\/{rel}","templated":true}]}}