{"id":6874,"date":"2025-05-04T12:59:37","date_gmt":"2025-05-04T12:59:37","guid":{"rendered":"https:\/\/www.cliniquegrace.ca\/product\/nettoyant-aza-aza-cleaner\/"},"modified":"2025-05-26T01:43:44","modified_gmt":"2025-05-26T01:43:44","slug":"nettoyant-aza-aza-cleaner","status":"publish","type":"product","link":"https:\/\/www.cliniquegrace.ca\/fr\/produit\/nettoyant-aza-aza-cleaner\/","title":{"rendered":"NETTOYANT AZA"},"content":{"rendered":"<p>Aza est un nettoyant clarifiant unique, riche en argile, qui agit sur l&rsquo;hydratation et les signes visibles de la peau grasse. Les ingr\u00e9dients purifiants soutiennent l&rsquo;\u00e9quilibre naturel de la peau, tandis que les actifs intensifs de conditionnement nourrissent la peau.<\/p>\n<p><strong>Mode d&#8217;emploi pour le client :<\/strong> Appliquer sur le visage et le cou humides, en massant doucement avec les doigts humides par de l\u00e9gers mouvements ascendants. Rincer \u00e0 l&rsquo;eau ti\u00e8de.<\/p>\n<p><strong>Mode d&#8217;emploi professionnel :<\/strong> Appliquer une petite quantit\u00e9 de nettoyant sur la peau humide. Masser en mouvements circulaires, avec de l\u00e9gers mouvements ascendants. Peut \u00eatre utilis\u00e9 sous vapeur. Retirer avec des \u00e9ponges humides.<\/p>\n<p><strong>Ingr\u00e9dients du produit :<\/strong> Aqua (Eau Purifi\u00e9e), Acide St\u00e9arique, Glyc\u00e9ryl St\u00e9arate, Alcool C\u00e9tarylique, Alcool Denat, Acide Az\u00e9la\u00efque, Kaolin, Soufre, Silicate de Magn\u00e9sium Aluminium, Sodium Stearoyl Lactylate, Sodium Cocoyl Isethionate, Oxyde de Zinc, Extrait de Fleur d&rsquo;Arnica Montana, Polyisobut\u00e8ne Hydrog\u00e9n\u00e9, Glyc\u00e9rine, Alginate, Menthol, Extrait de Feuille\/Tige d&rsquo;Hedera Helix (Lierre).<\/p>\n<p><strong>pH :<\/strong> 5.5 &#8211; 6.0<\/p>\n<p><strong>Ingr\u00e9dients cl\u00e9s :<\/strong><\/p>\n<ul>\n<li><strong style=\"font-size: 16px;\">Acide Az\u00e9la\u00efque \u2013<\/strong><span style=\"font-size: 16px;\"> Agent anti-prurigineux pharmaceutique offrant des effets antibact\u00e9riens et com\u00e9dolytiques. Il est efficace contre divers probl\u00e8mes de peau, des \u00e9ruptions l\u00e9g\u00e8res \u00e0 mod\u00e9r\u00e9es. Il aide \u00e0 stopper la croissance des bact\u00e9ries responsables des \u00e9ruptions et \u00e0 maintenir les pores propres. L&rsquo;Acide Az\u00e9la\u00efque est \u00e9galement un inhibiteur r\u00e9versible de la tyrosinase, apportant des bienfaits \u00e9claircissants \u00e0 la peau.<\/span><\/li>\n<li><strong style=\"font-size: 16px;\">Argile Kaolin \u2013<\/strong><span style=\"font-size: 16px;\"> Ingr\u00e9dient 100% naturel qui a la capacit\u00e9 d&rsquo;absorber les impuret\u00e9s telles que la salet\u00e9, les cellules mortes de la peau et les r\u00e9sidus laiss\u00e9s par les produits cosm\u00e9tiques. Le Kaolin est \u00e9galement riche en min\u00e9raux essentiels et en oligo-\u00e9l\u00e9ments. Ces min\u00e9raux vitaux sont d\u00e9pos\u00e9s dans la peau lors de l&rsquo;utilisation topique de l&rsquo;argile Kaolin.<\/span><\/li>\n<li><strong style=\"font-size: 16px;\">Soufre \u2013<\/strong><span style=\"font-size: 16px;\"> Offre trois bienfaits pour les peaux sujettes aux \u00e9ruptions : antibact\u00e9rien, anti-inflammatoire et r\u00e9gulateur de s\u00e9bum.<\/span><\/li>\n<li><strong style=\"font-size: 16px;\">Extrait d&rsquo;Arnica \u2013<\/strong><span style=\"font-size: 16px;\"> Offre une activit\u00e9 anti-inflammatoire et stimulante. Normalise la microcirculation superficielle, active la r\u00e9absorption des effusions sanguines cutan\u00e9es (ecchymoses). Efficace contre les cernes, am\u00e9liore la qualit\u00e9 des tissus capillaires (r\u00e9g\u00e9n\u00e9ration de la fibre k\u00e9ratinique, r\u00e9gulation de la fonction s\u00e9bac\u00e9e).<\/span><\/li>\n<\/ul>\n","protected":false},"excerpt":{"rendered":"<p>Aza est un nettoyant clarifiant unique, riche en argile, qui agit sur l&rsquo;hydratation et les signes visibles de la peau grasse. Les ingr\u00e9dients purifiants soutiennent l&rsquo;\u00e9quilibre naturel de la peau, tandis que les actifs intensifs de conditionnement nourrissent la peau. Mode d&#8217;emploi pour le client : Appliquer sur le visage et le cou humides, en<\/p>\n","protected":false},"featured_media":8755,"comment_status":"closed","ping_status":"closed","template":"","meta":{"site-sidebar-layout":"default","site-content-layout":"","ast-site-content-layout":"default","site-content-style":"default","site-sidebar-style":"default","ast-global-header-display":"","ast-banner-title-visibility":"","ast-main-header-display":"","ast-hfb-above-header-display":"","ast-hfb-below-header-display":"","ast-hfb-mobile-header-display":"","site-post-title":"","ast-breadcrumbs-content":"","ast-featured-img":"","footer-sml-layout":"","ast-disable-related-posts":"","theme-transparent-header-meta":"default","adv-header-id-meta":"","stick-header-meta":"default","header-above-stick-meta":"","header-main-stick-meta":"","header-below-stick-meta":"","astra-migrate-meta-layouts":"set","ast-page-background-enabled":"default","ast-page-background-meta":{"desktop":{"background-color":"var(--ast-global-color-4)","background-image":"","background-repeat":"repeat","background-position":"center center","background-size":"auto","background-attachment":"scroll","background-type":"","background-media":"","overlay-type":"","overlay-color":"","overlay-opacity":"","overlay-gradient":""},"tablet":{"background-color":"","background-image":"","background-repeat":"repeat","background-position":"center center","background-size":"auto","background-attachment":"scroll","background-type":"","background-media":"","overlay-type":"","overlay-color":"","overlay-opacity":"","overlay-gradient":""},"mobile":{"background-color":"","background-image":"","background-repeat":"repeat","background-position":"center center","background-size":"auto","background-attachment":"scroll","background-type":"","background-media":"","overlay-type":"","overlay-color":"","overlay-opacity":"","overlay-gradient":""}},"ast-content-background-meta":{"desktop":{"background-color":"var(--ast-global-color-5)","background-image":"","background-repeat":"repeat","background-position":"center center","background-size":"auto","background-attachment":"scroll","background-type":"","background-media":"","overlay-type":"","overlay-color":"","overlay-opacity":"","overlay-gradient":""},"tablet":{"background-color":"var(--ast-global-color-5)","background-image":"","background-repeat":"repeat","background-position":"center center","background-size":"auto","background-attachment":"scroll","background-type":"","background-media":"","overlay-type":"","overlay-color":"","overlay-opacity":"","overlay-gradient":""},"mobile":{"background-color":"var(--ast-global-color-5)","background-image":"","background-repeat":"repeat","background-position":"center center","background-size":"auto","background-attachment":"scroll","background-type":"","background-media":"","overlay-type":"","overlay-color":"","overlay-opacity":"","overlay-gradient":""}}},"product_brand":[],"product_cat":[117,118],"product_tag":[],"class_list":{"0":"post-6874","1":"product","2":"type-product","3":"status-publish","4":"has-post-thumbnail","6":"product_cat-cleaner-fr","7":"product_cat-nettoyant-fr","8":"pa_brand-grace-fr","9":"pa_milliliters-250-00-fr","10":"desktop-align-left","11":"tablet-align-left","12":"mobile-align-left","13":"ast-product-gallery-layout-horizontal-slider","14":"ast-product-gallery-with-no-image","15":"ast-product-tabs-layout-horizontal","17":"first","18":"instock","19":"taxable","20":"shipping-taxable","21":"purchasable","22":"product-type-simple"},"yoast_head":"<!-- This site is optimized with the Yoast SEO plugin v27.1.1 - https:\/\/yoast.com\/product\/yoast-seo-wordpress\/ -->\n<title>NETTOYANT AZA - cliniquegrace<\/title>\n<meta name=\"robots\" content=\"index, follow, max-snippet:-1, max-image-preview:large, max-video-preview:-1\" \/>\n<link rel=\"canonical\" href=\"https:\/\/www.cliniquegrace.ca\/produit\/nettoyant-aza-aza-cleaner\/\" \/>\n<meta property=\"og:locale\" content=\"fr_FR\" \/>\n<meta property=\"og:type\" content=\"article\" \/>\n<meta property=\"og:title\" content=\"NETTOYANT AZA - cliniquegrace\" \/>\n<meta property=\"og:description\" content=\"Aza est un nettoyant clarifiant unique, riche en argile, qui agit sur l&rsquo;hydratation et les signes visibles de la peau grasse. Les ingr\u00e9dients purifiants soutiennent l&rsquo;\u00e9quilibre naturel de la peau, tandis que les actifs intensifs de conditionnement nourrissent la peau. Mode d&#8217;emploi pour le client : Appliquer sur le visage et le cou humides, en\" \/>\n<meta property=\"og:url\" content=\"https:\/\/www.cliniquegrace.ca\/produit\/nettoyant-aza-aza-cleaner\/\" \/>\n<meta property=\"og:site_name\" content=\"cliniquegrace\" \/>\n<meta property=\"article:modified_time\" content=\"2025-05-26T01:43:44+00:00\" \/>\n<meta property=\"og:image\" content=\"https:\/\/www.cliniquegrace.ca\/wp-content\/uploads\/2025\/05\/13.jpg\" \/>\n\t<meta property=\"og:image:width\" content=\"939\" \/>\n\t<meta property=\"og:image:height\" content=\"800\" \/>\n\t<meta property=\"og:image:type\" content=\"image\/jpeg\" \/>\n<meta name=\"twitter:card\" content=\"summary_large_image\" \/>\n<meta name=\"twitter:label1\" content=\"Dur\u00e9e de lecture estim\u00e9e\" \/>\n\t<meta name=\"twitter:data1\" content=\"2 minutes\" \/>\n<script type=\"application\/ld+json\" class=\"yoast-schema-graph\">{\"@context\":\"https:\/\/schema.org\",\"@graph\":[{\"@type\":\"WebPage\",\"@id\":\"https:\/\/www.cliniquegrace.ca\/produit\/nettoyant-aza-aza-cleaner\/\",\"url\":\"https:\/\/www.cliniquegrace.ca\/produit\/nettoyant-aza-aza-cleaner\/\",\"name\":\"NETTOYANT AZA - cliniquegrace\",\"isPartOf\":{\"@id\":\"https:\/\/www.cliniquegrace.ca\/#website\"},\"primaryImageOfPage\":{\"@id\":\"https:\/\/www.cliniquegrace.ca\/produit\/nettoyant-aza-aza-cleaner\/#primaryimage\"},\"image\":{\"@id\":\"https:\/\/www.cliniquegrace.ca\/produit\/nettoyant-aza-aza-cleaner\/#primaryimage\"},\"thumbnailUrl\":\"https:\/\/www.cliniquegrace.ca\/wp-content\/uploads\/2025\/05\/Screen-Shot-2026-02-23-at-11.11.43-AM.png\",\"datePublished\":\"2025-05-04T12:59:37+00:00\",\"dateModified\":\"2025-05-26T01:43:44+00:00\",\"breadcrumb\":{\"@id\":\"https:\/\/www.cliniquegrace.ca\/produit\/nettoyant-aza-aza-cleaner\/#breadcrumb\"},\"inLanguage\":\"fr-FR\",\"potentialAction\":[{\"@type\":\"ReadAction\",\"target\":[\"https:\/\/www.cliniquegrace.ca\/produit\/nettoyant-aza-aza-cleaner\/\"]}]},{\"@type\":\"ImageObject\",\"inLanguage\":\"fr-FR\",\"@id\":\"https:\/\/www.cliniquegrace.ca\/produit\/nettoyant-aza-aza-cleaner\/#primaryimage\",\"url\":\"https:\/\/www.cliniquegrace.ca\/wp-content\/uploads\/2025\/05\/Screen-Shot-2026-02-23-at-11.11.43-AM.png\",\"contentUrl\":\"https:\/\/www.cliniquegrace.ca\/wp-content\/uploads\/2025\/05\/Screen-Shot-2026-02-23-at-11.11.43-AM.png\",\"width\":1938,\"height\":2268},{\"@type\":\"BreadcrumbList\",\"@id\":\"https:\/\/www.cliniquegrace.ca\/produit\/nettoyant-aza-aza-cleaner\/#breadcrumb\",\"itemListElement\":[{\"@type\":\"ListItem\",\"position\":1,\"name\":\"Home\",\"item\":\"https:\/\/www.cliniquegrace.ca\/fr\/\"},{\"@type\":\"ListItem\",\"position\":2,\"name\":\"Boutique\",\"item\":\"https:\/\/www.cliniquegrace.ca\/shop\/\"},{\"@type\":\"ListItem\",\"position\":3,\"name\":\"NETTOYANT AZA\"}]},{\"@type\":\"WebSite\",\"@id\":\"https:\/\/www.cliniquegrace.ca\/#website\",\"url\":\"https:\/\/www.cliniquegrace.ca\/\",\"name\":\"cliniquegrace\",\"description\":\"\",\"publisher\":{\"@id\":\"https:\/\/www.cliniquegrace.ca\/#organization\"},\"potentialAction\":[{\"@type\":\"SearchAction\",\"target\":{\"@type\":\"EntryPoint\",\"urlTemplate\":\"https:\/\/www.cliniquegrace.ca\/?s={search_term_string}\"},\"query-input\":{\"@type\":\"PropertyValueSpecification\",\"valueRequired\":true,\"valueName\":\"search_term_string\"}}],\"inLanguage\":\"fr-FR\"},{\"@type\":\"Organization\",\"@id\":\"https:\/\/www.cliniquegrace.ca\/#organization\",\"name\":\"cliniquegrace\",\"url\":\"https:\/\/www.cliniquegrace.ca\/\",\"logo\":{\"@type\":\"ImageObject\",\"inLanguage\":\"fr-FR\",\"@id\":\"https:\/\/www.cliniquegrace.ca\/#\/schema\/logo\/image\/\",\"url\":\"https:\/\/www.cliniquegrace.ca\/wp-content\/uploads\/2025\/04\/gree-logo.png\",\"contentUrl\":\"https:\/\/www.cliniquegrace.ca\/wp-content\/uploads\/2025\/04\/gree-logo.png\",\"width\":875,\"height\":263,\"caption\":\"cliniquegrace\"},\"image\":{\"@id\":\"https:\/\/www.cliniquegrace.ca\/#\/schema\/logo\/image\/\"}}]}<\/script>\n<!-- \/ Yoast SEO plugin. -->","yoast_head_json":{"title":"NETTOYANT AZA - cliniquegrace","robots":{"index":"index","follow":"follow","max-snippet":"max-snippet:-1","max-image-preview":"max-image-preview:large","max-video-preview":"max-video-preview:-1"},"canonical":"https:\/\/www.cliniquegrace.ca\/produit\/nettoyant-aza-aza-cleaner\/","og_locale":"fr_FR","og_type":"article","og_title":"NETTOYANT AZA - cliniquegrace","og_description":"Aza est un nettoyant clarifiant unique, riche en argile, qui agit sur l&rsquo;hydratation et les signes visibles de la peau grasse. Les ingr\u00e9dients purifiants soutiennent l&rsquo;\u00e9quilibre naturel de la peau, tandis que les actifs intensifs de conditionnement nourrissent la peau. Mode d&#8217;emploi pour le client : Appliquer sur le visage et le cou humides, en","og_url":"https:\/\/www.cliniquegrace.ca\/produit\/nettoyant-aza-aza-cleaner\/","og_site_name":"cliniquegrace","article_modified_time":"2025-05-26T01:43:44+00:00","og_image":[{"width":939,"height":800,"url":"https:\/\/www.cliniquegrace.ca\/wp-content\/uploads\/2025\/05\/13.jpg","type":"image\/jpeg"}],"twitter_card":"summary_large_image","twitter_misc":{"Dur\u00e9e de lecture estim\u00e9e":"2 minutes"},"schema":{"@context":"https:\/\/schema.org","@graph":[{"@type":"WebPage","@id":"https:\/\/www.cliniquegrace.ca\/produit\/nettoyant-aza-aza-cleaner\/","url":"https:\/\/www.cliniquegrace.ca\/produit\/nettoyant-aza-aza-cleaner\/","name":"NETTOYANT AZA - cliniquegrace","isPartOf":{"@id":"https:\/\/www.cliniquegrace.ca\/#website"},"primaryImageOfPage":{"@id":"https:\/\/www.cliniquegrace.ca\/produit\/nettoyant-aza-aza-cleaner\/#primaryimage"},"image":{"@id":"https:\/\/www.cliniquegrace.ca\/produit\/nettoyant-aza-aza-cleaner\/#primaryimage"},"thumbnailUrl":"https:\/\/www.cliniquegrace.ca\/wp-content\/uploads\/2025\/05\/Screen-Shot-2026-02-23-at-11.11.43-AM.png","datePublished":"2025-05-04T12:59:37+00:00","dateModified":"2025-05-26T01:43:44+00:00","breadcrumb":{"@id":"https:\/\/www.cliniquegrace.ca\/produit\/nettoyant-aza-aza-cleaner\/#breadcrumb"},"inLanguage":"fr-FR","potentialAction":[{"@type":"ReadAction","target":["https:\/\/www.cliniquegrace.ca\/produit\/nettoyant-aza-aza-cleaner\/"]}]},{"@type":"ImageObject","inLanguage":"fr-FR","@id":"https:\/\/www.cliniquegrace.ca\/produit\/nettoyant-aza-aza-cleaner\/#primaryimage","url":"https:\/\/www.cliniquegrace.ca\/wp-content\/uploads\/2025\/05\/Screen-Shot-2026-02-23-at-11.11.43-AM.png","contentUrl":"https:\/\/www.cliniquegrace.ca\/wp-content\/uploads\/2025\/05\/Screen-Shot-2026-02-23-at-11.11.43-AM.png","width":1938,"height":2268},{"@type":"BreadcrumbList","@id":"https:\/\/www.cliniquegrace.ca\/produit\/nettoyant-aza-aza-cleaner\/#breadcrumb","itemListElement":[{"@type":"ListItem","position":1,"name":"Home","item":"https:\/\/www.cliniquegrace.ca\/fr\/"},{"@type":"ListItem","position":2,"name":"Boutique","item":"https:\/\/www.cliniquegrace.ca\/shop\/"},{"@type":"ListItem","position":3,"name":"NETTOYANT AZA"}]},{"@type":"WebSite","@id":"https:\/\/www.cliniquegrace.ca\/#website","url":"https:\/\/www.cliniquegrace.ca\/","name":"cliniquegrace","description":"","publisher":{"@id":"https:\/\/www.cliniquegrace.ca\/#organization"},"potentialAction":[{"@type":"SearchAction","target":{"@type":"EntryPoint","urlTemplate":"https:\/\/www.cliniquegrace.ca\/?s={search_term_string}"},"query-input":{"@type":"PropertyValueSpecification","valueRequired":true,"valueName":"search_term_string"}}],"inLanguage":"fr-FR"},{"@type":"Organization","@id":"https:\/\/www.cliniquegrace.ca\/#organization","name":"cliniquegrace","url":"https:\/\/www.cliniquegrace.ca\/","logo":{"@type":"ImageObject","inLanguage":"fr-FR","@id":"https:\/\/www.cliniquegrace.ca\/#\/schema\/logo\/image\/","url":"https:\/\/www.cliniquegrace.ca\/wp-content\/uploads\/2025\/04\/gree-logo.png","contentUrl":"https:\/\/www.cliniquegrace.ca\/wp-content\/uploads\/2025\/04\/gree-logo.png","width":875,"height":263,"caption":"cliniquegrace"},"image":{"@id":"https:\/\/www.cliniquegrace.ca\/#\/schema\/logo\/image\/"}}]}},"_links":{"self":[{"href":"https:\/\/www.cliniquegrace.ca\/fr\/wp-json\/wp\/v2\/product\/6874","targetHints":{"allow":["GET"]}}],"collection":[{"href":"https:\/\/www.cliniquegrace.ca\/fr\/wp-json\/wp\/v2\/product"}],"about":[{"href":"https:\/\/www.cliniquegrace.ca\/fr\/wp-json\/wp\/v2\/types\/product"}],"replies":[{"embeddable":true,"href":"https:\/\/www.cliniquegrace.ca\/fr\/wp-json\/wp\/v2\/comments?post=6874"}],"version-history":[{"count":5,"href":"https:\/\/www.cliniquegrace.ca\/fr\/wp-json\/wp\/v2\/product\/6874\/revisions"}],"predecessor-version":[{"id":7870,"href":"https:\/\/www.cliniquegrace.ca\/fr\/wp-json\/wp\/v2\/product\/6874\/revisions\/7870"}],"wp:featuredmedia":[{"embeddable":true,"href":"https:\/\/www.cliniquegrace.ca\/fr\/wp-json\/wp\/v2\/media\/8755"}],"wp:attachment":[{"href":"https:\/\/www.cliniquegrace.ca\/fr\/wp-json\/wp\/v2\/media?parent=6874"}],"wp:term":[{"taxonomy":"product_brand","embeddable":true,"href":"https:\/\/www.cliniquegrace.ca\/fr\/wp-json\/wp\/v2\/product_brand?post=6874"},{"taxonomy":"product_cat","embeddable":true,"href":"https:\/\/www.cliniquegrace.ca\/fr\/wp-json\/wp\/v2\/product_cat?post=6874"},{"taxonomy":"product_tag","embeddable":true,"href":"https:\/\/www.cliniquegrace.ca\/fr\/wp-json\/wp\/v2\/product_tag?post=6874"}],"curies":[{"name":"wp","href":"https:\/\/api.w.org\/{rel}","templated":true}]}}