{"id":6873,"date":"2025-05-04T12:59:39","date_gmt":"2025-05-04T12:59:39","guid":{"rendered":"https:\/\/www.cliniquegrace.ca\/product\/nettoyant-illuminant-illuminating-cleanser\/"},"modified":"2025-05-26T01:45:41","modified_gmt":"2025-05-26T01:45:41","slug":"nettoyant-illuminant-illuminating-cleanser","status":"publish","type":"product","link":"https:\/\/www.cliniquegrace.ca\/fr\/produit\/nettoyant-illuminant-illuminating-cleanser\/","title":{"rendered":"NETTOYANT ILLUMINANT"},"content":{"rendered":"<p>Revitalisez et nettoyez la peau en \u00e9liminant la salet\u00e9, l&rsquo;exc\u00e8s de s\u00e9bum et d&rsquo;autres impuret\u00e9s, laissant votre peau douce et rafra\u00eechie. Extr\u00eamement aromatique, ce nettoyant quotidien offre quatre agents \u00e9claircissants qui ciblent la perte d&rsquo;\u00e9clat et l&rsquo;uniformit\u00e9 du teint.<\/p>\n<p><strong>Mode d&#8217;emploi pour le client :<\/strong> Mouiller les mains, le visage et le d\u00e9collet\u00e9 ; masser doucement le nettoyant sur la peau par de l\u00e9gers mouvements ascendants. Rincer \u00e0 l&rsquo;eau ti\u00e8de pour enlever le produit.<\/p>\n<p><strong>Mode d&#8217;emploi professionnel :<\/strong> Humidifier la peau avec des \u00e9ponges humides, frotter une petite quantit\u00e9 de nettoyant entre les mains, puis masser le visage et le cou en mouvements circulaires. Retirer soigneusement avec des \u00e9ponges humides.<\/p>\n<p><strong>Ingr\u00e9dients du produit :<\/strong> Aqua (Eau Purifi\u00e9e), Aqua (et) Sodium Lauroyl Methyl Isethionate (et) Cocamidopropyl Betaine (et) Sodium Methyl Oleoyl Taurate (et) Lauryl Glucoside (et) Coco-Glucoside, Gluconolactone (et) Benzoate de Sodium (et) Gluconate de Calcium, Hydroxyde de Sodium, Extrait de Fleur de Bellis Perennis (P\u00e2querette), Glyc\u00e9rine (et) Extrait de Feuille de Melissa Officinalis (M\u00e9lisse), Acide Kojique, Potassium Azeloyl Diglycinate, Extrait de Racine de Morus Alba (M\u00fbrier Blanc), Extrait de Racine de Glycyrrhiza Glabra (R\u00e9glisse), Huile de Ocimum Basilicum (Basilic), Parfum, Extrait Aromatique.<\/p>\n<p><strong>pH :<\/strong> 6.0 &#8211; 6.5<\/p>\n<p><strong>Ingr\u00e9dients cl\u00e9s :<\/strong><\/p>\n<ul>\n<li><span style=\"font-size: 16px;\"><strong>Potassium Azeloyl Diglycinate \u2013<\/strong> Offre des bienfaits antibact\u00e9riens, com\u00e9dolytiques et \u00e9claircissants pour la peau.<\/span><\/li>\n<li><span style=\"font-size: 16px;\"><strong>Extrait de Racine de M\u00fbrier Blanc \u2013<\/strong> Il a \u00e9t\u00e9 prouv\u00e9 que cet extrait \u00e9claircit les taches de vieillesse et unifie le teint de la peau.<\/span><\/li>\n<li><span style=\"font-size: 16px;\"><strong>Extrait de Racine de R\u00e9glisse \u2013<\/strong> Contient de l&rsquo;acide glycyrrh\u00e9tinique et des flavono\u00efdes qui ont des propri\u00e9t\u00e9s apaisantes, r\u00e9g\u00e9n\u00e9rantes et antioxydantes. L&rsquo;extrait de r\u00e9glisse est r\u00e9put\u00e9 inhiber la m\u00e9lanogen\u00e8se, ce qui en fait un agent \u00e9claircissant pour la peau.<\/span><\/li>\n<li><span style=\"font-size: 16px;\"><strong>Extrait de Fleur de P\u00e2querette \u2013<\/strong> L&rsquo;un des \u00e9claircissants naturels les plus recherch\u00e9s, il agit sur les trois principaux processus responsables des taches sombres et du teint in\u00e9gal dus aux dommages caus\u00e9s par le soleil. L&rsquo;extrait de fleur de Bellis Perennis (P\u00e2querette) influence les voies biochimiques impliqu\u00e9es dans la synth\u00e8se de la m\u00e9lanine en : inhibant la tyrosinase, en contr\u00f4lant la transcription de l&rsquo;expression de la tyrosinase, en r\u00e9duisant l&rsquo;endoth\u00e9line et l&rsquo;\u03b1 MSH (hormone stimulant la m\u00e9lanine), ainsi que la r\u00e9duction du transfert des m\u00e9lanosomes vers les k\u00e9ratinocytes.<\/span><\/li>\n<li><span style=\"font-size: 16px;\"><strong>Acide Kojique \u2013<\/strong> Utilis\u00e9 comme tonifiant et \u00e9claircissant pour la peau. C&rsquo;est un sous-produit du processus de fermentation du riz malt\u00e9. C&rsquo;est un agent d\u00e9pigmentant qui cible les taches de vieillesse en aidant \u00e0 \u00e9tablir un teint uniforme.<\/span><\/li>\n<\/ul>\n","protected":false},"excerpt":{"rendered":"<p>Nettoyant pour un \u00e9clat incroyable !<\/p>\n","protected":false},"featured_media":8680,"comment_status":"closed","ping_status":"closed","template":"","meta":{"site-sidebar-layout":"default","site-content-layout":"","ast-site-content-layout":"default","site-content-style":"default","site-sidebar-style":"default","ast-global-header-display":"","ast-banner-title-visibility":"","ast-main-header-display":"","ast-hfb-above-header-display":"","ast-hfb-below-header-display":"","ast-hfb-mobile-header-display":"","site-post-title":"","ast-breadcrumbs-content":"","ast-featured-img":"","footer-sml-layout":"","ast-disable-related-posts":"","theme-transparent-header-meta":"default","adv-header-id-meta":"","stick-header-meta":"default","header-above-stick-meta":"","header-main-stick-meta":"","header-below-stick-meta":"","astra-migrate-meta-layouts":"set","ast-page-background-enabled":"default","ast-page-background-meta":{"desktop":{"background-color":"var(--ast-global-color-4)","background-image":"","background-repeat":"repeat","background-position":"center center","background-size":"auto","background-attachment":"scroll","background-type":"","background-media":"","overlay-type":"","overlay-color":"","overlay-opacity":"","overlay-gradient":""},"tablet":{"background-color":"","background-image":"","background-repeat":"repeat","background-position":"center center","background-size":"auto","background-attachment":"scroll","background-type":"","background-media":"","overlay-type":"","overlay-color":"","overlay-opacity":"","overlay-gradient":""},"mobile":{"background-color":"","background-image":"","background-repeat":"repeat","background-position":"center center","background-size":"auto","background-attachment":"scroll","background-type":"","background-media":"","overlay-type":"","overlay-color":"","overlay-opacity":"","overlay-gradient":""}},"ast-content-background-meta":{"desktop":{"background-color":"var(--ast-global-color-5)","background-image":"","background-repeat":"repeat","background-position":"center center","background-size":"auto","background-attachment":"scroll","background-type":"","background-media":"","overlay-type":"","overlay-color":"","overlay-opacity":"","overlay-gradient":""},"tablet":{"background-color":"var(--ast-global-color-5)","background-image":"","background-repeat":"repeat","background-position":"center center","background-size":"auto","background-attachment":"scroll","background-type":"","background-media":"","overlay-type":"","overlay-color":"","overlay-opacity":"","overlay-gradient":""},"mobile":{"background-color":"var(--ast-global-color-5)","background-image":"","background-repeat":"repeat","background-position":"center center","background-size":"auto","background-attachment":"scroll","background-type":"","background-media":"","overlay-type":"","overlay-color":"","overlay-opacity":"","overlay-gradient":""}}},"product_brand":[],"product_cat":[118,117],"product_tag":[],"class_list":{"0":"post-6873","1":"product","2":"type-product","3":"status-publish","4":"has-post-thumbnail","6":"product_cat-nettoyant-fr","7":"product_cat-cleaner-fr","8":"pa_brand-grace-fr","9":"pa_milliliters-250-00-fr","10":"desktop-align-left","11":"tablet-align-left","12":"mobile-align-left","13":"ast-product-gallery-layout-horizontal-slider","14":"ast-product-gallery-with-no-image","15":"ast-product-tabs-layout-horizontal","17":"first","18":"instock","19":"taxable","20":"shipping-taxable","21":"purchasable","22":"product-type-simple"},"yoast_head":"<!-- This site is optimized with the Yoast SEO plugin v27.1.1 - https:\/\/yoast.com\/product\/yoast-seo-wordpress\/ -->\n<title>NETTOYANT ILLUMINANT - cliniquegrace<\/title>\n<meta name=\"robots\" content=\"index, follow, max-snippet:-1, max-image-preview:large, max-video-preview:-1\" \/>\n<link rel=\"canonical\" href=\"https:\/\/www.cliniquegrace.ca\/produit\/nettoyant-illuminant-illuminating-cleanser\/\" \/>\n<meta property=\"og:locale\" content=\"fr_FR\" \/>\n<meta property=\"og:type\" content=\"article\" \/>\n<meta property=\"og:title\" content=\"NETTOYANT ILLUMINANT - cliniquegrace\" \/>\n<meta property=\"og:description\" content=\"Nettoyant pour un \u00e9clat incroyable !\" \/>\n<meta property=\"og:url\" content=\"https:\/\/www.cliniquegrace.ca\/produit\/nettoyant-illuminant-illuminating-cleanser\/\" \/>\n<meta property=\"og:site_name\" content=\"cliniquegrace\" \/>\n<meta property=\"article:modified_time\" content=\"2025-05-26T01:45:41+00:00\" \/>\n<meta property=\"og:image\" content=\"https:\/\/www.cliniquegrace.ca\/wp-content\/uploads\/2025\/05\/14-1.jpg\" \/>\n\t<meta property=\"og:image:width\" content=\"926\" \/>\n\t<meta property=\"og:image:height\" content=\"802\" \/>\n\t<meta property=\"og:image:type\" content=\"image\/jpeg\" \/>\n<meta name=\"twitter:card\" content=\"summary_large_image\" \/>\n<meta name=\"twitter:label1\" content=\"Dur\u00e9e de lecture estim\u00e9e\" \/>\n\t<meta name=\"twitter:data1\" content=\"2 minutes\" \/>\n<script type=\"application\/ld+json\" class=\"yoast-schema-graph\">{\"@context\":\"https:\/\/schema.org\",\"@graph\":[{\"@type\":\"WebPage\",\"@id\":\"https:\/\/www.cliniquegrace.ca\/produit\/nettoyant-illuminant-illuminating-cleanser\/\",\"url\":\"https:\/\/www.cliniquegrace.ca\/produit\/nettoyant-illuminant-illuminating-cleanser\/\",\"name\":\"NETTOYANT ILLUMINANT - cliniquegrace\",\"isPartOf\":{\"@id\":\"https:\/\/www.cliniquegrace.ca\/#website\"},\"primaryImageOfPage\":{\"@id\":\"https:\/\/www.cliniquegrace.ca\/produit\/nettoyant-illuminant-illuminating-cleanser\/#primaryimage\"},\"image\":{\"@id\":\"https:\/\/www.cliniquegrace.ca\/produit\/nettoyant-illuminant-illuminating-cleanser\/#primaryimage\"},\"thumbnailUrl\":\"https:\/\/www.cliniquegrace.ca\/wp-content\/uploads\/2025\/05\/Screen-Shot-2026-02-17-at-1.39.27-PM.png\",\"datePublished\":\"2025-05-04T12:59:39+00:00\",\"dateModified\":\"2025-05-26T01:45:41+00:00\",\"breadcrumb\":{\"@id\":\"https:\/\/www.cliniquegrace.ca\/produit\/nettoyant-illuminant-illuminating-cleanser\/#breadcrumb\"},\"inLanguage\":\"fr-FR\",\"potentialAction\":[{\"@type\":\"ReadAction\",\"target\":[\"https:\/\/www.cliniquegrace.ca\/produit\/nettoyant-illuminant-illuminating-cleanser\/\"]}]},{\"@type\":\"ImageObject\",\"inLanguage\":\"fr-FR\",\"@id\":\"https:\/\/www.cliniquegrace.ca\/produit\/nettoyant-illuminant-illuminating-cleanser\/#primaryimage\",\"url\":\"https:\/\/www.cliniquegrace.ca\/wp-content\/uploads\/2025\/05\/Screen-Shot-2026-02-17-at-1.39.27-PM.png\",\"contentUrl\":\"https:\/\/www.cliniquegrace.ca\/wp-content\/uploads\/2025\/05\/Screen-Shot-2026-02-17-at-1.39.27-PM.png\",\"width\":2254,\"height\":2225},{\"@type\":\"BreadcrumbList\",\"@id\":\"https:\/\/www.cliniquegrace.ca\/produit\/nettoyant-illuminant-illuminating-cleanser\/#breadcrumb\",\"itemListElement\":[{\"@type\":\"ListItem\",\"position\":1,\"name\":\"Home\",\"item\":\"https:\/\/www.cliniquegrace.ca\/fr\/\"},{\"@type\":\"ListItem\",\"position\":2,\"name\":\"Boutique\",\"item\":\"https:\/\/www.cliniquegrace.ca\/shop\/\"},{\"@type\":\"ListItem\",\"position\":3,\"name\":\"NETTOYANT ILLUMINANT\"}]},{\"@type\":\"WebSite\",\"@id\":\"https:\/\/www.cliniquegrace.ca\/#website\",\"url\":\"https:\/\/www.cliniquegrace.ca\/\",\"name\":\"cliniquegrace\",\"description\":\"\",\"publisher\":{\"@id\":\"https:\/\/www.cliniquegrace.ca\/#organization\"},\"potentialAction\":[{\"@type\":\"SearchAction\",\"target\":{\"@type\":\"EntryPoint\",\"urlTemplate\":\"https:\/\/www.cliniquegrace.ca\/?s={search_term_string}\"},\"query-input\":{\"@type\":\"PropertyValueSpecification\",\"valueRequired\":true,\"valueName\":\"search_term_string\"}}],\"inLanguage\":\"fr-FR\"},{\"@type\":\"Organization\",\"@id\":\"https:\/\/www.cliniquegrace.ca\/#organization\",\"name\":\"cliniquegrace\",\"url\":\"https:\/\/www.cliniquegrace.ca\/\",\"logo\":{\"@type\":\"ImageObject\",\"inLanguage\":\"fr-FR\",\"@id\":\"https:\/\/www.cliniquegrace.ca\/#\/schema\/logo\/image\/\",\"url\":\"https:\/\/www.cliniquegrace.ca\/wp-content\/uploads\/2025\/04\/gree-logo.png\",\"contentUrl\":\"https:\/\/www.cliniquegrace.ca\/wp-content\/uploads\/2025\/04\/gree-logo.png\",\"width\":875,\"height\":263,\"caption\":\"cliniquegrace\"},\"image\":{\"@id\":\"https:\/\/www.cliniquegrace.ca\/#\/schema\/logo\/image\/\"}}]}<\/script>\n<!-- \/ Yoast SEO plugin. -->","yoast_head_json":{"title":"NETTOYANT ILLUMINANT - cliniquegrace","robots":{"index":"index","follow":"follow","max-snippet":"max-snippet:-1","max-image-preview":"max-image-preview:large","max-video-preview":"max-video-preview:-1"},"canonical":"https:\/\/www.cliniquegrace.ca\/produit\/nettoyant-illuminant-illuminating-cleanser\/","og_locale":"fr_FR","og_type":"article","og_title":"NETTOYANT ILLUMINANT - cliniquegrace","og_description":"Nettoyant pour un \u00e9clat incroyable !","og_url":"https:\/\/www.cliniquegrace.ca\/produit\/nettoyant-illuminant-illuminating-cleanser\/","og_site_name":"cliniquegrace","article_modified_time":"2025-05-26T01:45:41+00:00","og_image":[{"width":926,"height":802,"url":"https:\/\/www.cliniquegrace.ca\/wp-content\/uploads\/2025\/05\/14-1.jpg","type":"image\/jpeg"}],"twitter_card":"summary_large_image","twitter_misc":{"Dur\u00e9e de lecture estim\u00e9e":"2 minutes"},"schema":{"@context":"https:\/\/schema.org","@graph":[{"@type":"WebPage","@id":"https:\/\/www.cliniquegrace.ca\/produit\/nettoyant-illuminant-illuminating-cleanser\/","url":"https:\/\/www.cliniquegrace.ca\/produit\/nettoyant-illuminant-illuminating-cleanser\/","name":"NETTOYANT ILLUMINANT - cliniquegrace","isPartOf":{"@id":"https:\/\/www.cliniquegrace.ca\/#website"},"primaryImageOfPage":{"@id":"https:\/\/www.cliniquegrace.ca\/produit\/nettoyant-illuminant-illuminating-cleanser\/#primaryimage"},"image":{"@id":"https:\/\/www.cliniquegrace.ca\/produit\/nettoyant-illuminant-illuminating-cleanser\/#primaryimage"},"thumbnailUrl":"https:\/\/www.cliniquegrace.ca\/wp-content\/uploads\/2025\/05\/Screen-Shot-2026-02-17-at-1.39.27-PM.png","datePublished":"2025-05-04T12:59:39+00:00","dateModified":"2025-05-26T01:45:41+00:00","breadcrumb":{"@id":"https:\/\/www.cliniquegrace.ca\/produit\/nettoyant-illuminant-illuminating-cleanser\/#breadcrumb"},"inLanguage":"fr-FR","potentialAction":[{"@type":"ReadAction","target":["https:\/\/www.cliniquegrace.ca\/produit\/nettoyant-illuminant-illuminating-cleanser\/"]}]},{"@type":"ImageObject","inLanguage":"fr-FR","@id":"https:\/\/www.cliniquegrace.ca\/produit\/nettoyant-illuminant-illuminating-cleanser\/#primaryimage","url":"https:\/\/www.cliniquegrace.ca\/wp-content\/uploads\/2025\/05\/Screen-Shot-2026-02-17-at-1.39.27-PM.png","contentUrl":"https:\/\/www.cliniquegrace.ca\/wp-content\/uploads\/2025\/05\/Screen-Shot-2026-02-17-at-1.39.27-PM.png","width":2254,"height":2225},{"@type":"BreadcrumbList","@id":"https:\/\/www.cliniquegrace.ca\/produit\/nettoyant-illuminant-illuminating-cleanser\/#breadcrumb","itemListElement":[{"@type":"ListItem","position":1,"name":"Home","item":"https:\/\/www.cliniquegrace.ca\/fr\/"},{"@type":"ListItem","position":2,"name":"Boutique","item":"https:\/\/www.cliniquegrace.ca\/shop\/"},{"@type":"ListItem","position":3,"name":"NETTOYANT ILLUMINANT"}]},{"@type":"WebSite","@id":"https:\/\/www.cliniquegrace.ca\/#website","url":"https:\/\/www.cliniquegrace.ca\/","name":"cliniquegrace","description":"","publisher":{"@id":"https:\/\/www.cliniquegrace.ca\/#organization"},"potentialAction":[{"@type":"SearchAction","target":{"@type":"EntryPoint","urlTemplate":"https:\/\/www.cliniquegrace.ca\/?s={search_term_string}"},"query-input":{"@type":"PropertyValueSpecification","valueRequired":true,"valueName":"search_term_string"}}],"inLanguage":"fr-FR"},{"@type":"Organization","@id":"https:\/\/www.cliniquegrace.ca\/#organization","name":"cliniquegrace","url":"https:\/\/www.cliniquegrace.ca\/","logo":{"@type":"ImageObject","inLanguage":"fr-FR","@id":"https:\/\/www.cliniquegrace.ca\/#\/schema\/logo\/image\/","url":"https:\/\/www.cliniquegrace.ca\/wp-content\/uploads\/2025\/04\/gree-logo.png","contentUrl":"https:\/\/www.cliniquegrace.ca\/wp-content\/uploads\/2025\/04\/gree-logo.png","width":875,"height":263,"caption":"cliniquegrace"},"image":{"@id":"https:\/\/www.cliniquegrace.ca\/#\/schema\/logo\/image\/"}}]}},"_links":{"self":[{"href":"https:\/\/www.cliniquegrace.ca\/fr\/wp-json\/wp\/v2\/product\/6873","targetHints":{"allow":["GET"]}}],"collection":[{"href":"https:\/\/www.cliniquegrace.ca\/fr\/wp-json\/wp\/v2\/product"}],"about":[{"href":"https:\/\/www.cliniquegrace.ca\/fr\/wp-json\/wp\/v2\/types\/product"}],"replies":[{"embeddable":true,"href":"https:\/\/www.cliniquegrace.ca\/fr\/wp-json\/wp\/v2\/comments?post=6873"}],"version-history":[{"count":4,"href":"https:\/\/www.cliniquegrace.ca\/fr\/wp-json\/wp\/v2\/product\/6873\/revisions"}],"predecessor-version":[{"id":7872,"href":"https:\/\/www.cliniquegrace.ca\/fr\/wp-json\/wp\/v2\/product\/6873\/revisions\/7872"}],"wp:featuredmedia":[{"embeddable":true,"href":"https:\/\/www.cliniquegrace.ca\/fr\/wp-json\/wp\/v2\/media\/8680"}],"wp:attachment":[{"href":"https:\/\/www.cliniquegrace.ca\/fr\/wp-json\/wp\/v2\/media?parent=6873"}],"wp:term":[{"taxonomy":"product_brand","embeddable":true,"href":"https:\/\/www.cliniquegrace.ca\/fr\/wp-json\/wp\/v2\/product_brand?post=6873"},{"taxonomy":"product_cat","embeddable":true,"href":"https:\/\/www.cliniquegrace.ca\/fr\/wp-json\/wp\/v2\/product_cat?post=6873"},{"taxonomy":"product_tag","embeddable":true,"href":"https:\/\/www.cliniquegrace.ca\/fr\/wp-json\/wp\/v2\/product_tag?post=6873"}],"curies":[{"name":"wp","href":"https:\/\/api.w.org\/{rel}","templated":true}]}}