{"id":6872,"date":"2025-05-04T12:59:42","date_gmt":"2025-05-04T12:59:42","guid":{"rendered":"https:\/\/www.cliniquegrace.ca\/product\/serum-lactique-et-retinol-exfoliant-lactic-serum-and-retinol-exfoliant\/"},"modified":"2025-05-22T18:00:41","modified_gmt":"2025-05-22T18:00:41","slug":"serum-lactique-et-retinol-exfoliant-lactic-serum-and-retinol-exfoliant","status":"publish","type":"product","link":"https:\/\/www.cliniquegrace.ca\/fr\/produit\/serum-lactique-et-retinol-exfoliant-lactic-serum-and-retinol-exfoliant\/","title":{"rendered":"S\u00c9RUM LACTIQUE ET R\u00c9TINOL EXFOLIANT"},"content":{"rendered":"<p>S\u00e9rum Exfoliant au R\u00e9tinol et \u00e0 l&rsquo;Acide Lactique est un exfoliant conditionnant efficace qui combine le r\u00e9tinol, l\u2019acide alpha-hydroxy-lactique et les algues marines. Ce s\u00e9rum traditionnel \u00e0 base de vitamine A et d\u2019AHA est particuli\u00e8rement adapt\u00e9 \u00e0 ceux recherchant une exfoliation en profondeur. Nourrissant tout en apportant de l\u2019\u00e9clat, ce s\u00e9rum offre des bienfaits hydratants exceptionnels pour une peau qui peut devenir d\u00e9vitalis\u00e9e au fil du temps.<\/p>\n<p><strong>Mode d&#8217;emploi pour le client :<\/strong> Appliquer le soir, deux \u00e0 trois fois par semaine apr\u00e8s le nettoyage. Il est recommand\u00e9 de l&rsquo;utiliser uniquement le soir, apr\u00e8s un nettoyage en profondeur. Le client peut ressentir des picotements, des rougeurs, de la s\u00e9cheresse et une desquamation. Utiliser sous la direction d&rsquo;un professionnel des soins de la peau. La sensibilit\u00e9 aux AHA ou aux r\u00e9tinols doit \u00eatre v\u00e9rifi\u00e9e avant l&rsquo;utilisation de ce produit.<\/p>\n<p><strong>Mode d&#8217;emploi professionnel :<\/strong> Ce produit est adapt\u00e9 pour \u00eatre utilis\u00e9 comme exfoliant dans un soin professionnel. Apr\u00e8s le nettoyage, appliquer une fine couche de peeling \u00e0 l&rsquo;aide d&rsquo;un pinceau \u00e9ventail, laisser poser pendant 5 \u00e0 10 minutes. Retirer \u00e0 l&rsquo;eau ti\u00e8de \u00e0 l&rsquo;aide d&rsquo;une \u00e9ponge de gaze douce. Suivre avec une solution neutralisante sur des tampons de gaze jusqu&rsquo;\u00e0 ce que les picotements disparaissent.<\/p>\n<p>UTILISER UNIQUEMENT COMME INDIQU\u00c9. \u00c9viter le contact avec les yeux. Si l&rsquo;irritation persiste, interrompre l&rsquo;utilisation et consulter un m\u00e9decin. Il est recommand\u00e9 qu&rsquo;avant toute exposition au soleil, les utilisateurs couvrent les zones o\u00f9 les AHA ont \u00e9t\u00e9 appliqu\u00e9s avec un \u00e9cran solaire. Le contact du produit avec la peau doit \u00eatre limit\u00e9 en fr\u00e9quence ou en dur\u00e9e.<\/p>\n<p><strong>Ingr\u00e9dients du produit :<\/strong> Aqua (Eau Purifi\u00e9e), Acide Lactique, Glyc\u00e9rine, C\u00e9t\u00e9aryl Isononanoate, C\u00e9t\u00e9areth-20, Alcool C\u00e9t\u00e9arylique, Glyc\u00e9ryl St\u00e9arate, Acide Glycolique, C\u00e9t\u00e9areth-12, R\u00e9tinol, Palmitate de C\u00e9tile, Extrait d&rsquo;Algue, Hydroxyde de Sodium, Extrait de Cistus Incanus (et) Maltodextrine, Squalane, Gomme Xanthane, Ph\u00e9noxy\u00e9thanol (et) Acide Benzo\u00efque, Acide D\u00e9hydroac\u00e9tique, Ethylhexylglycerin, Polyaminopropyl Biguanide, Huile de Pelure de Citrus Nobilis (Mandarine), Huile de Pelure de Citrus Aurantium Dulcis (Orange).<\/p>\n<p><strong>pH :<\/strong> 3.5 &#8211; 4.0<\/p>\n<p><strong>Ingr\u00e9dients cl\u00e9s :<\/strong><\/p>\n<ul>\n<li><span style=\"font-size: 16px;\"><strong>Acide Lactique \u2013<\/strong> Un acide alpha-hydroxy \u00e0 la taille mol\u00e9culaire plus grande que l\u2019acide glycolique. Il augmente l\u2019hydratation, la souplesse et la flexibilit\u00e9 de la peau, excellent pour les peaux plus sensibles, fonc\u00e9es ou hyperpigment\u00e9es.<\/span><\/li>\n<li><span style=\"font-size: 16px;\"><strong>Tego Stemlastin (Extrait d&rsquo;Algue) \u2013<\/strong> D\u00e9riv\u00e9 naturellement de l&rsquo;algue Cyanidium Caldarium, riche en nutriments min\u00e9raux, acides amin\u00e9s, polyph\u00e9nols et GABA (acide gamma-aminobutyrique). Stimule les cellules souches \u00e9pidermiques et les fibroblastes dermiques. Soutient de mani\u00e8re significative le maintien de l\u2019activit\u00e9 des cellules souches \u00e9pidermiques, favorisant ainsi le rajeunissement de la peau.<\/span><\/li>\n<\/ul>\n","protected":false},"excerpt":{"rendered":"<p>S\u00e9rum Exfoliant au R\u00e9tinol et \u00e0 l&rsquo;Acide Lactique est un exfoliant conditionnant efficace qui combine le r\u00e9tinol, l\u2019acide alpha-hydroxy-lactique et les algues marines. Ce s\u00e9rum traditionnel \u00e0 base de vitamine A et d\u2019AHA est particuli\u00e8rement adapt\u00e9 \u00e0 ceux recherchant une exfoliation en profondeur. Nourrissant tout en apportant de l\u2019\u00e9clat, ce s\u00e9rum offre des bienfaits hydratants<\/p>\n","protected":false},"featured_media":8753,"comment_status":"closed","ping_status":"closed","template":"","meta":{"site-sidebar-layout":"default","site-content-layout":"","ast-site-content-layout":"default","site-content-style":"default","site-sidebar-style":"default","ast-global-header-display":"","ast-banner-title-visibility":"","ast-main-header-display":"","ast-hfb-above-header-display":"","ast-hfb-below-header-display":"","ast-hfb-mobile-header-display":"","site-post-title":"","ast-breadcrumbs-content":"","ast-featured-img":"","footer-sml-layout":"","ast-disable-related-posts":"","theme-transparent-header-meta":"default","adv-header-id-meta":"","stick-header-meta":"default","header-above-stick-meta":"","header-main-stick-meta":"","header-below-stick-meta":"","astra-migrate-meta-layouts":"set","ast-page-background-enabled":"default","ast-page-background-meta":{"desktop":{"background-color":"var(--ast-global-color-4)","background-image":"","background-repeat":"repeat","background-position":"center center","background-size":"auto","background-attachment":"scroll","background-type":"","background-media":"","overlay-type":"","overlay-color":"","overlay-opacity":"","overlay-gradient":""},"tablet":{"background-color":"","background-image":"","background-repeat":"repeat","background-position":"center center","background-size":"auto","background-attachment":"scroll","background-type":"","background-media":"","overlay-type":"","overlay-color":"","overlay-opacity":"","overlay-gradient":""},"mobile":{"background-color":"","background-image":"","background-repeat":"repeat","background-position":"center center","background-size":"auto","background-attachment":"scroll","background-type":"","background-media":"","overlay-type":"","overlay-color":"","overlay-opacity":"","overlay-gradient":""}},"ast-content-background-meta":{"desktop":{"background-color":"var(--ast-global-color-5)","background-image":"","background-repeat":"repeat","background-position":"center center","background-size":"auto","background-attachment":"scroll","background-type":"","background-media":"","overlay-type":"","overlay-color":"","overlay-opacity":"","overlay-gradient":""},"tablet":{"background-color":"var(--ast-global-color-5)","background-image":"","background-repeat":"repeat","background-position":"center center","background-size":"auto","background-attachment":"scroll","background-type":"","background-media":"","overlay-type":"","overlay-color":"","overlay-opacity":"","overlay-gradient":""},"mobile":{"background-color":"var(--ast-global-color-5)","background-image":"","background-repeat":"repeat","background-position":"center center","background-size":"auto","background-attachment":"scroll","background-type":"","background-media":"","overlay-type":"","overlay-color":"","overlay-opacity":"","overlay-gradient":""}}},"product_brand":[],"product_cat":[115],"product_tag":[],"class_list":{"0":"post-6872","1":"product","2":"type-product","3":"status-publish","4":"has-post-thumbnail","6":"product_cat-serum-fr","7":"pa_brand-grace-fr","8":"pa_milliliters-30-00-fr","9":"desktop-align-left","10":"tablet-align-left","11":"mobile-align-left","12":"ast-product-gallery-layout-horizontal-slider","13":"ast-product-gallery-with-no-image","14":"ast-product-tabs-layout-horizontal","16":"first","17":"instock","18":"taxable","19":"shipping-taxable","20":"purchasable","21":"product-type-simple"},"yoast_head":"<!-- This site is optimized with the Yoast SEO plugin v27.1.1 - https:\/\/yoast.com\/product\/yoast-seo-wordpress\/ -->\n<title>S\u00c9RUM LACTIQUE ET R\u00c9TINOL EXFOLIANT - cliniquegrace<\/title>\n<meta name=\"robots\" content=\"index, follow, max-snippet:-1, max-image-preview:large, max-video-preview:-1\" \/>\n<link rel=\"canonical\" href=\"https:\/\/www.cliniquegrace.ca\/produit\/serum-lactique-et-retinol-exfoliant-lactic-serum-and-retinol-exfoliant\/\" \/>\n<meta property=\"og:locale\" content=\"fr_FR\" \/>\n<meta property=\"og:type\" content=\"article\" \/>\n<meta property=\"og:title\" content=\"S\u00c9RUM LACTIQUE ET R\u00c9TINOL EXFOLIANT - cliniquegrace\" \/>\n<meta property=\"og:description\" content=\"S\u00e9rum Exfoliant au R\u00e9tinol et \u00e0 l&rsquo;Acide Lactique est un exfoliant conditionnant efficace qui combine le r\u00e9tinol, l\u2019acide alpha-hydroxy-lactique et les algues marines. Ce s\u00e9rum traditionnel \u00e0 base de vitamine A et d\u2019AHA est particuli\u00e8rement adapt\u00e9 \u00e0 ceux recherchant une exfoliation en profondeur. Nourrissant tout en apportant de l\u2019\u00e9clat, ce s\u00e9rum offre des bienfaits hydratants\" \/>\n<meta property=\"og:url\" content=\"https:\/\/www.cliniquegrace.ca\/produit\/serum-lactique-et-retinol-exfoliant-lactic-serum-and-retinol-exfoliant\/\" \/>\n<meta property=\"og:site_name\" content=\"cliniquegrace\" \/>\n<meta property=\"article:modified_time\" content=\"2025-05-22T18:00:41+00:00\" \/>\n<meta property=\"og:image\" content=\"https:\/\/www.cliniquegrace.ca\/wp-content\/uploads\/2025\/05\/15.jpg\" \/>\n\t<meta property=\"og:image:width\" content=\"919\" \/>\n\t<meta property=\"og:image:height\" content=\"782\" \/>\n\t<meta property=\"og:image:type\" content=\"image\/jpeg\" \/>\n<meta name=\"twitter:card\" content=\"summary_large_image\" \/>\n<meta name=\"twitter:label1\" content=\"Dur\u00e9e de lecture estim\u00e9e\" \/>\n\t<meta name=\"twitter:data1\" content=\"2 minutes\" \/>\n<script type=\"application\/ld+json\" class=\"yoast-schema-graph\">{\"@context\":\"https:\/\/schema.org\",\"@graph\":[{\"@type\":\"WebPage\",\"@id\":\"https:\/\/www.cliniquegrace.ca\/produit\/serum-lactique-et-retinol-exfoliant-lactic-serum-and-retinol-exfoliant\/\",\"url\":\"https:\/\/www.cliniquegrace.ca\/produit\/serum-lactique-et-retinol-exfoliant-lactic-serum-and-retinol-exfoliant\/\",\"name\":\"S\u00c9RUM LACTIQUE ET R\u00c9TINOL EXFOLIANT - cliniquegrace\",\"isPartOf\":{\"@id\":\"https:\/\/www.cliniquegrace.ca\/#website\"},\"primaryImageOfPage\":{\"@id\":\"https:\/\/www.cliniquegrace.ca\/produit\/serum-lactique-et-retinol-exfoliant-lactic-serum-and-retinol-exfoliant\/#primaryimage\"},\"image\":{\"@id\":\"https:\/\/www.cliniquegrace.ca\/produit\/serum-lactique-et-retinol-exfoliant-lactic-serum-and-retinol-exfoliant\/#primaryimage\"},\"thumbnailUrl\":\"https:\/\/www.cliniquegrace.ca\/wp-content\/uploads\/2025\/05\/Screen-Shot-2026-02-23-at-10.40.00-AM.png\",\"datePublished\":\"2025-05-04T12:59:42+00:00\",\"dateModified\":\"2025-05-22T18:00:41+00:00\",\"breadcrumb\":{\"@id\":\"https:\/\/www.cliniquegrace.ca\/produit\/serum-lactique-et-retinol-exfoliant-lactic-serum-and-retinol-exfoliant\/#breadcrumb\"},\"inLanguage\":\"fr-FR\",\"potentialAction\":[{\"@type\":\"ReadAction\",\"target\":[\"https:\/\/www.cliniquegrace.ca\/produit\/serum-lactique-et-retinol-exfoliant-lactic-serum-and-retinol-exfoliant\/\"]}]},{\"@type\":\"ImageObject\",\"inLanguage\":\"fr-FR\",\"@id\":\"https:\/\/www.cliniquegrace.ca\/produit\/serum-lactique-et-retinol-exfoliant-lactic-serum-and-retinol-exfoliant\/#primaryimage\",\"url\":\"https:\/\/www.cliniquegrace.ca\/wp-content\/uploads\/2025\/05\/Screen-Shot-2026-02-23-at-10.40.00-AM.png\",\"contentUrl\":\"https:\/\/www.cliniquegrace.ca\/wp-content\/uploads\/2025\/05\/Screen-Shot-2026-02-23-at-10.40.00-AM.png\",\"width\":2189,\"height\":2161},{\"@type\":\"BreadcrumbList\",\"@id\":\"https:\/\/www.cliniquegrace.ca\/produit\/serum-lactique-et-retinol-exfoliant-lactic-serum-and-retinol-exfoliant\/#breadcrumb\",\"itemListElement\":[{\"@type\":\"ListItem\",\"position\":1,\"name\":\"Home\",\"item\":\"https:\/\/www.cliniquegrace.ca\/fr\/\"},{\"@type\":\"ListItem\",\"position\":2,\"name\":\"Boutique\",\"item\":\"https:\/\/www.cliniquegrace.ca\/shop\/\"},{\"@type\":\"ListItem\",\"position\":3,\"name\":\"S\u00c9RUM LACTIQUE ET R\u00c9TINOL EXFOLIANT\"}]},{\"@type\":\"WebSite\",\"@id\":\"https:\/\/www.cliniquegrace.ca\/#website\",\"url\":\"https:\/\/www.cliniquegrace.ca\/\",\"name\":\"cliniquegrace\",\"description\":\"\",\"publisher\":{\"@id\":\"https:\/\/www.cliniquegrace.ca\/#organization\"},\"potentialAction\":[{\"@type\":\"SearchAction\",\"target\":{\"@type\":\"EntryPoint\",\"urlTemplate\":\"https:\/\/www.cliniquegrace.ca\/?s={search_term_string}\"},\"query-input\":{\"@type\":\"PropertyValueSpecification\",\"valueRequired\":true,\"valueName\":\"search_term_string\"}}],\"inLanguage\":\"fr-FR\"},{\"@type\":\"Organization\",\"@id\":\"https:\/\/www.cliniquegrace.ca\/#organization\",\"name\":\"cliniquegrace\",\"url\":\"https:\/\/www.cliniquegrace.ca\/\",\"logo\":{\"@type\":\"ImageObject\",\"inLanguage\":\"fr-FR\",\"@id\":\"https:\/\/www.cliniquegrace.ca\/#\/schema\/logo\/image\/\",\"url\":\"https:\/\/www.cliniquegrace.ca\/wp-content\/uploads\/2025\/04\/gree-logo.png\",\"contentUrl\":\"https:\/\/www.cliniquegrace.ca\/wp-content\/uploads\/2025\/04\/gree-logo.png\",\"width\":875,\"height\":263,\"caption\":\"cliniquegrace\"},\"image\":{\"@id\":\"https:\/\/www.cliniquegrace.ca\/#\/schema\/logo\/image\/\"}}]}<\/script>\n<!-- \/ Yoast SEO plugin. -->","yoast_head_json":{"title":"S\u00c9RUM LACTIQUE ET R\u00c9TINOL EXFOLIANT - cliniquegrace","robots":{"index":"index","follow":"follow","max-snippet":"max-snippet:-1","max-image-preview":"max-image-preview:large","max-video-preview":"max-video-preview:-1"},"canonical":"https:\/\/www.cliniquegrace.ca\/produit\/serum-lactique-et-retinol-exfoliant-lactic-serum-and-retinol-exfoliant\/","og_locale":"fr_FR","og_type":"article","og_title":"S\u00c9RUM LACTIQUE ET R\u00c9TINOL EXFOLIANT - cliniquegrace","og_description":"S\u00e9rum Exfoliant au R\u00e9tinol et \u00e0 l&rsquo;Acide Lactique est un exfoliant conditionnant efficace qui combine le r\u00e9tinol, l\u2019acide alpha-hydroxy-lactique et les algues marines. Ce s\u00e9rum traditionnel \u00e0 base de vitamine A et d\u2019AHA est particuli\u00e8rement adapt\u00e9 \u00e0 ceux recherchant une exfoliation en profondeur. Nourrissant tout en apportant de l\u2019\u00e9clat, ce s\u00e9rum offre des bienfaits hydratants","og_url":"https:\/\/www.cliniquegrace.ca\/produit\/serum-lactique-et-retinol-exfoliant-lactic-serum-and-retinol-exfoliant\/","og_site_name":"cliniquegrace","article_modified_time":"2025-05-22T18:00:41+00:00","og_image":[{"width":919,"height":782,"url":"https:\/\/www.cliniquegrace.ca\/wp-content\/uploads\/2025\/05\/15.jpg","type":"image\/jpeg"}],"twitter_card":"summary_large_image","twitter_misc":{"Dur\u00e9e de lecture estim\u00e9e":"2 minutes"},"schema":{"@context":"https:\/\/schema.org","@graph":[{"@type":"WebPage","@id":"https:\/\/www.cliniquegrace.ca\/produit\/serum-lactique-et-retinol-exfoliant-lactic-serum-and-retinol-exfoliant\/","url":"https:\/\/www.cliniquegrace.ca\/produit\/serum-lactique-et-retinol-exfoliant-lactic-serum-and-retinol-exfoliant\/","name":"S\u00c9RUM LACTIQUE ET R\u00c9TINOL EXFOLIANT - cliniquegrace","isPartOf":{"@id":"https:\/\/www.cliniquegrace.ca\/#website"},"primaryImageOfPage":{"@id":"https:\/\/www.cliniquegrace.ca\/produit\/serum-lactique-et-retinol-exfoliant-lactic-serum-and-retinol-exfoliant\/#primaryimage"},"image":{"@id":"https:\/\/www.cliniquegrace.ca\/produit\/serum-lactique-et-retinol-exfoliant-lactic-serum-and-retinol-exfoliant\/#primaryimage"},"thumbnailUrl":"https:\/\/www.cliniquegrace.ca\/wp-content\/uploads\/2025\/05\/Screen-Shot-2026-02-23-at-10.40.00-AM.png","datePublished":"2025-05-04T12:59:42+00:00","dateModified":"2025-05-22T18:00:41+00:00","breadcrumb":{"@id":"https:\/\/www.cliniquegrace.ca\/produit\/serum-lactique-et-retinol-exfoliant-lactic-serum-and-retinol-exfoliant\/#breadcrumb"},"inLanguage":"fr-FR","potentialAction":[{"@type":"ReadAction","target":["https:\/\/www.cliniquegrace.ca\/produit\/serum-lactique-et-retinol-exfoliant-lactic-serum-and-retinol-exfoliant\/"]}]},{"@type":"ImageObject","inLanguage":"fr-FR","@id":"https:\/\/www.cliniquegrace.ca\/produit\/serum-lactique-et-retinol-exfoliant-lactic-serum-and-retinol-exfoliant\/#primaryimage","url":"https:\/\/www.cliniquegrace.ca\/wp-content\/uploads\/2025\/05\/Screen-Shot-2026-02-23-at-10.40.00-AM.png","contentUrl":"https:\/\/www.cliniquegrace.ca\/wp-content\/uploads\/2025\/05\/Screen-Shot-2026-02-23-at-10.40.00-AM.png","width":2189,"height":2161},{"@type":"BreadcrumbList","@id":"https:\/\/www.cliniquegrace.ca\/produit\/serum-lactique-et-retinol-exfoliant-lactic-serum-and-retinol-exfoliant\/#breadcrumb","itemListElement":[{"@type":"ListItem","position":1,"name":"Home","item":"https:\/\/www.cliniquegrace.ca\/fr\/"},{"@type":"ListItem","position":2,"name":"Boutique","item":"https:\/\/www.cliniquegrace.ca\/shop\/"},{"@type":"ListItem","position":3,"name":"S\u00c9RUM LACTIQUE ET R\u00c9TINOL EXFOLIANT"}]},{"@type":"WebSite","@id":"https:\/\/www.cliniquegrace.ca\/#website","url":"https:\/\/www.cliniquegrace.ca\/","name":"cliniquegrace","description":"","publisher":{"@id":"https:\/\/www.cliniquegrace.ca\/#organization"},"potentialAction":[{"@type":"SearchAction","target":{"@type":"EntryPoint","urlTemplate":"https:\/\/www.cliniquegrace.ca\/?s={search_term_string}"},"query-input":{"@type":"PropertyValueSpecification","valueRequired":true,"valueName":"search_term_string"}}],"inLanguage":"fr-FR"},{"@type":"Organization","@id":"https:\/\/www.cliniquegrace.ca\/#organization","name":"cliniquegrace","url":"https:\/\/www.cliniquegrace.ca\/","logo":{"@type":"ImageObject","inLanguage":"fr-FR","@id":"https:\/\/www.cliniquegrace.ca\/#\/schema\/logo\/image\/","url":"https:\/\/www.cliniquegrace.ca\/wp-content\/uploads\/2025\/04\/gree-logo.png","contentUrl":"https:\/\/www.cliniquegrace.ca\/wp-content\/uploads\/2025\/04\/gree-logo.png","width":875,"height":263,"caption":"cliniquegrace"},"image":{"@id":"https:\/\/www.cliniquegrace.ca\/#\/schema\/logo\/image\/"}}]}},"_links":{"self":[{"href":"https:\/\/www.cliniquegrace.ca\/fr\/wp-json\/wp\/v2\/product\/6872","targetHints":{"allow":["GET"]}}],"collection":[{"href":"https:\/\/www.cliniquegrace.ca\/fr\/wp-json\/wp\/v2\/product"}],"about":[{"href":"https:\/\/www.cliniquegrace.ca\/fr\/wp-json\/wp\/v2\/types\/product"}],"replies":[{"embeddable":true,"href":"https:\/\/www.cliniquegrace.ca\/fr\/wp-json\/wp\/v2\/comments?post=6872"}],"version-history":[{"count":4,"href":"https:\/\/www.cliniquegrace.ca\/fr\/wp-json\/wp\/v2\/product\/6872\/revisions"}],"predecessor-version":[{"id":7773,"href":"https:\/\/www.cliniquegrace.ca\/fr\/wp-json\/wp\/v2\/product\/6872\/revisions\/7773"}],"wp:featuredmedia":[{"embeddable":true,"href":"https:\/\/www.cliniquegrace.ca\/fr\/wp-json\/wp\/v2\/media\/8753"}],"wp:attachment":[{"href":"https:\/\/www.cliniquegrace.ca\/fr\/wp-json\/wp\/v2\/media?parent=6872"}],"wp:term":[{"taxonomy":"product_brand","embeddable":true,"href":"https:\/\/www.cliniquegrace.ca\/fr\/wp-json\/wp\/v2\/product_brand?post=6872"},{"taxonomy":"product_cat","embeddable":true,"href":"https:\/\/www.cliniquegrace.ca\/fr\/wp-json\/wp\/v2\/product_cat?post=6872"},{"taxonomy":"product_tag","embeddable":true,"href":"https:\/\/www.cliniquegrace.ca\/fr\/wp-json\/wp\/v2\/product_tag?post=6872"}],"curies":[{"name":"wp","href":"https:\/\/api.w.org\/{rel}","templated":true}]}}