{"id":6865,"date":"2025-05-04T12:59:55","date_gmt":"2025-05-04T12:59:55","guid":{"rendered":"https:\/\/www.cliniquegrace.ca\/product\/sensicalm-tonique-apaisant-sensicalm-soothing-tonic\/"},"modified":"2025-05-23T09:27:07","modified_gmt":"2025-05-23T09:27:07","slug":"sensicalm-tonique-apaisant-sensicalm-soothing-tonic","status":"publish","type":"product","link":"https:\/\/www.cliniquegrace.ca\/fr\/produit\/sensicalm-tonique-apaisant-sensicalm-soothing-tonic\/","title":{"rendered":"Tonique sensicalm apaisant"},"content":{"rendered":"<p>Tonique Doux recommand\u00e9 pour les peaux normales \u00e0 sensibles. Sans alcool, ce conditionneur cutan\u00e9 est \u00e9quilibr\u00e9 et rafra\u00eechissant gr\u00e2ce aux extraits de Camomille, Guaiazul\u00e8ne et Calendula. Le Boswellia Serrata, apaisant pour les peaux s\u00e8ches, calme les zones d\u00e9ficientes en humidit\u00e9 pour un confort optimal et un aspect de peau saine et revitalis\u00e9e.<\/p>\n<p><strong>Mode d&#8217;emploi pour le client :<\/strong> Apr\u00e8s le nettoyage, tapotez la peau pour la s\u00e9cher et appliquez le tonique sur une compresse ou un coton, puis lissez-le sur le visage et le cou. Laissez-le p\u00e9n\u00e9trer dans la peau.<\/p>\n<p><strong>Mode d&#8217;emploi professionnel :<\/strong> Apr\u00e8s le nettoyage ou le masque, appliquez le tonique avec un coton pour \u00e9liminer les r\u00e9sidus de nettoyant, de maquillage ou d&rsquo;eau dure.<\/p>\n<p><strong>Ingr\u00e9dients du produit :<\/strong> Aqua (Eau Purifi\u00e9e), Glyc\u00e9rine, Polysorbate 20, 1,2-Hexanediol, Caprylyl Glycol, Allanto\u00efne, Extrait de R\u00e9sine de Boswellia Serrata, Panth\u00e9nol, Lauramine Oxide, Extrait de Fleur de Calendula Officinalis, Extrait de Fleur de Citrus Aurantium Amara (Orange Am\u00e8re), Huile de Peel de Citrus Aurantium Amara (Orange Am\u00e8re), T\u00e9trasodium Glutamate Diacetate, Guaiazul\u00e8ne, Huile de Lavandula Angustifolia (Lavande), Extrait de Fleur d&rsquo;Arnica Montana, Extrait de Fleur d&rsquo;Anthemis Nobilis, Linalool.<\/p>\n<p><strong>pH :<\/strong> 5.0 &#8211; 6.0<\/p>\n<p><strong>Ingr\u00e9dients cl\u00e9s :<\/strong><\/p>\n<ul>\n<li><span style=\"font-size: 16px;\"><strong>Guaiazul\u00e8ne :<\/strong> Un ingr\u00e9dient populaire en soin de la peau en raison de ses puissantes propri\u00e9t\u00e9s apaisantes et calmantes.<\/span><\/li>\n<li><span style=\"font-size: 16px;\"><strong>Calendula :<\/strong> Extrait des fleurs de Calendula officinalis, c&rsquo;est un ingr\u00e9dient de soin tr\u00e8s b\u00e9n\u00e9fique pour la peau, offrant des bienfaits \u00e9mollients, particuli\u00e8rement adapt\u00e9 aux peaux s\u00e8ches.<\/span><\/li>\n<li><span style=\"font-size: 16px;\"><strong>Extrait de Camomille Romaine :<\/strong> Un extrait botanique naturel obtenu \u00e0 partir des fleurs de camomille romaine, utilis\u00e9 dans la formulation de produits apaisants pour les peaux sensibles et r\u00e9actives.<\/span><\/li>\n<\/ul>\n","protected":false},"excerpt":{"rendered":"<p>Tonique Doux recommand\u00e9 pour les peaux normales \u00e0 sensibles. Sans alcool, ce conditionneur cutan\u00e9 est \u00e9quilibr\u00e9 et rafra\u00eechissant gr\u00e2ce aux extraits de Camomille, Guaiazul\u00e8ne et Calendula. Le Boswellia Serrata, apaisant pour les peaux s\u00e8ches, calme les zones d\u00e9ficientes en humidit\u00e9 pour un confort optimal et un aspect de peau saine et revitalis\u00e9e. Mode d&#8217;emploi pour<\/p>\n","protected":false},"featured_media":8729,"comment_status":"closed","ping_status":"closed","template":"","meta":{"site-sidebar-layout":"default","site-content-layout":"","ast-site-content-layout":"default","site-content-style":"default","site-sidebar-style":"default","ast-global-header-display":"","ast-banner-title-visibility":"","ast-main-header-display":"","ast-hfb-above-header-display":"","ast-hfb-below-header-display":"","ast-hfb-mobile-header-display":"","site-post-title":"","ast-breadcrumbs-content":"","ast-featured-img":"","footer-sml-layout":"","ast-disable-related-posts":"","theme-transparent-header-meta":"default","adv-header-id-meta":"","stick-header-meta":"default","header-above-stick-meta":"","header-main-stick-meta":"","header-below-stick-meta":"","astra-migrate-meta-layouts":"set","ast-page-background-enabled":"default","ast-page-background-meta":{"desktop":{"background-color":"var(--ast-global-color-4)","background-image":"","background-repeat":"repeat","background-position":"center center","background-size":"auto","background-attachment":"scroll","background-type":"","background-media":"","overlay-type":"","overlay-color":"","overlay-opacity":"","overlay-gradient":""},"tablet":{"background-color":"","background-image":"","background-repeat":"repeat","background-position":"center center","background-size":"auto","background-attachment":"scroll","background-type":"","background-media":"","overlay-type":"","overlay-color":"","overlay-opacity":"","overlay-gradient":""},"mobile":{"background-color":"","background-image":"","background-repeat":"repeat","background-position":"center center","background-size":"auto","background-attachment":"scroll","background-type":"","background-media":"","overlay-type":"","overlay-color":"","overlay-opacity":"","overlay-gradient":""}},"ast-content-background-meta":{"desktop":{"background-color":"var(--ast-global-color-5)","background-image":"","background-repeat":"repeat","background-position":"center center","background-size":"auto","background-attachment":"scroll","background-type":"","background-media":"","overlay-type":"","overlay-color":"","overlay-opacity":"","overlay-gradient":""},"tablet":{"background-color":"var(--ast-global-color-5)","background-image":"","background-repeat":"repeat","background-position":"center center","background-size":"auto","background-attachment":"scroll","background-type":"","background-media":"","overlay-type":"","overlay-color":"","overlay-opacity":"","overlay-gradient":""},"mobile":{"background-color":"var(--ast-global-color-5)","background-image":"","background-repeat":"repeat","background-position":"center center","background-size":"auto","background-attachment":"scroll","background-type":"","background-media":"","overlay-type":"","overlay-color":"","overlay-opacity":"","overlay-gradient":""}}},"product_brand":[],"product_cat":[122,121],"product_tag":[],"class_list":{"0":"post-6865","1":"product","2":"type-product","3":"status-publish","4":"has-post-thumbnail","6":"product_cat-tonique-fr","7":"product_cat-toner-fr","8":"pa_brand-grace-fr","9":"pa_milliliters-250-00-fr","10":"desktop-align-left","11":"tablet-align-left","12":"mobile-align-left","13":"ast-product-gallery-layout-horizontal-slider","14":"ast-product-gallery-with-no-image","15":"ast-product-tabs-layout-horizontal","17":"first","18":"instock","19":"taxable","20":"shipping-taxable","21":"purchasable","22":"product-type-simple"},"yoast_head":"<!-- This site is optimized with the Yoast SEO plugin v27.1.1 - https:\/\/yoast.com\/product\/yoast-seo-wordpress\/ -->\n<title>Tonique sensicalm apaisant - cliniquegrace<\/title>\n<meta name=\"robots\" content=\"index, follow, max-snippet:-1, max-image-preview:large, max-video-preview:-1\" \/>\n<link rel=\"canonical\" href=\"https:\/\/www.cliniquegrace.ca\/produit\/sensicalm-tonique-apaisant-sensicalm-soothing-tonic\/\" \/>\n<meta property=\"og:locale\" content=\"fr_FR\" \/>\n<meta property=\"og:type\" content=\"article\" \/>\n<meta property=\"og:title\" content=\"Tonique sensicalm apaisant - cliniquegrace\" \/>\n<meta property=\"og:description\" content=\"Tonique Doux recommand\u00e9 pour les peaux normales \u00e0 sensibles. Sans alcool, ce conditionneur cutan\u00e9 est \u00e9quilibr\u00e9 et rafra\u00eechissant gr\u00e2ce aux extraits de Camomille, Guaiazul\u00e8ne et Calendula. Le Boswellia Serrata, apaisant pour les peaux s\u00e8ches, calme les zones d\u00e9ficientes en humidit\u00e9 pour un confort optimal et un aspect de peau saine et revitalis\u00e9e. Mode d&#8217;emploi pour\" \/>\n<meta property=\"og:url\" content=\"https:\/\/www.cliniquegrace.ca\/produit\/sensicalm-tonique-apaisant-sensicalm-soothing-tonic\/\" \/>\n<meta property=\"og:site_name\" content=\"cliniquegrace\" \/>\n<meta property=\"article:modified_time\" content=\"2025-05-23T09:27:07+00:00\" \/>\n<meta property=\"og:image\" content=\"https:\/\/www.cliniquegrace.ca\/wp-content\/uploads\/2025\/05\/21.jpg\" \/>\n\t<meta property=\"og:image:width\" content=\"881\" \/>\n\t<meta property=\"og:image:height\" content=\"758\" \/>\n\t<meta property=\"og:image:type\" content=\"image\/jpeg\" \/>\n<meta name=\"twitter:card\" content=\"summary_large_image\" \/>\n<meta name=\"twitter:label1\" content=\"Dur\u00e9e de lecture estim\u00e9e\" \/>\n\t<meta name=\"twitter:data1\" content=\"1 minute\" \/>\n<script type=\"application\/ld+json\" class=\"yoast-schema-graph\">{\"@context\":\"https:\/\/schema.org\",\"@graph\":[{\"@type\":\"WebPage\",\"@id\":\"https:\/\/www.cliniquegrace.ca\/produit\/sensicalm-tonique-apaisant-sensicalm-soothing-tonic\/\",\"url\":\"https:\/\/www.cliniquegrace.ca\/produit\/sensicalm-tonique-apaisant-sensicalm-soothing-tonic\/\",\"name\":\"Tonique sensicalm apaisant - cliniquegrace\",\"isPartOf\":{\"@id\":\"https:\/\/www.cliniquegrace.ca\/#website\"},\"primaryImageOfPage\":{\"@id\":\"https:\/\/www.cliniquegrace.ca\/produit\/sensicalm-tonique-apaisant-sensicalm-soothing-tonic\/#primaryimage\"},\"image\":{\"@id\":\"https:\/\/www.cliniquegrace.ca\/produit\/sensicalm-tonique-apaisant-sensicalm-soothing-tonic\/#primaryimage\"},\"thumbnailUrl\":\"https:\/\/www.cliniquegrace.ca\/wp-content\/uploads\/2025\/05\/Screen-Shot-2026-02-17-at-3.19.52-PM.png\",\"datePublished\":\"2025-05-04T12:59:55+00:00\",\"dateModified\":\"2025-05-23T09:27:07+00:00\",\"breadcrumb\":{\"@id\":\"https:\/\/www.cliniquegrace.ca\/produit\/sensicalm-tonique-apaisant-sensicalm-soothing-tonic\/#breadcrumb\"},\"inLanguage\":\"fr-FR\",\"potentialAction\":[{\"@type\":\"ReadAction\",\"target\":[\"https:\/\/www.cliniquegrace.ca\/produit\/sensicalm-tonique-apaisant-sensicalm-soothing-tonic\/\"]}]},{\"@type\":\"ImageObject\",\"inLanguage\":\"fr-FR\",\"@id\":\"https:\/\/www.cliniquegrace.ca\/produit\/sensicalm-tonique-apaisant-sensicalm-soothing-tonic\/#primaryimage\",\"url\":\"https:\/\/www.cliniquegrace.ca\/wp-content\/uploads\/2025\/05\/Screen-Shot-2026-02-17-at-3.19.52-PM.png\",\"contentUrl\":\"https:\/\/www.cliniquegrace.ca\/wp-content\/uploads\/2025\/05\/Screen-Shot-2026-02-17-at-3.19.52-PM.png\",\"width\":2197,\"height\":2235},{\"@type\":\"BreadcrumbList\",\"@id\":\"https:\/\/www.cliniquegrace.ca\/produit\/sensicalm-tonique-apaisant-sensicalm-soothing-tonic\/#breadcrumb\",\"itemListElement\":[{\"@type\":\"ListItem\",\"position\":1,\"name\":\"Home\",\"item\":\"https:\/\/www.cliniquegrace.ca\/fr\/\"},{\"@type\":\"ListItem\",\"position\":2,\"name\":\"Boutique\",\"item\":\"https:\/\/www.cliniquegrace.ca\/shop\/\"},{\"@type\":\"ListItem\",\"position\":3,\"name\":\"Tonique sensicalm apaisant\"}]},{\"@type\":\"WebSite\",\"@id\":\"https:\/\/www.cliniquegrace.ca\/#website\",\"url\":\"https:\/\/www.cliniquegrace.ca\/\",\"name\":\"cliniquegrace\",\"description\":\"\",\"publisher\":{\"@id\":\"https:\/\/www.cliniquegrace.ca\/#organization\"},\"potentialAction\":[{\"@type\":\"SearchAction\",\"target\":{\"@type\":\"EntryPoint\",\"urlTemplate\":\"https:\/\/www.cliniquegrace.ca\/?s={search_term_string}\"},\"query-input\":{\"@type\":\"PropertyValueSpecification\",\"valueRequired\":true,\"valueName\":\"search_term_string\"}}],\"inLanguage\":\"fr-FR\"},{\"@type\":\"Organization\",\"@id\":\"https:\/\/www.cliniquegrace.ca\/#organization\",\"name\":\"cliniquegrace\",\"url\":\"https:\/\/www.cliniquegrace.ca\/\",\"logo\":{\"@type\":\"ImageObject\",\"inLanguage\":\"fr-FR\",\"@id\":\"https:\/\/www.cliniquegrace.ca\/#\/schema\/logo\/image\/\",\"url\":\"https:\/\/www.cliniquegrace.ca\/wp-content\/uploads\/2025\/04\/gree-logo.png\",\"contentUrl\":\"https:\/\/www.cliniquegrace.ca\/wp-content\/uploads\/2025\/04\/gree-logo.png\",\"width\":875,\"height\":263,\"caption\":\"cliniquegrace\"},\"image\":{\"@id\":\"https:\/\/www.cliniquegrace.ca\/#\/schema\/logo\/image\/\"}}]}<\/script>\n<!-- \/ Yoast SEO plugin. -->","yoast_head_json":{"title":"Tonique sensicalm apaisant - cliniquegrace","robots":{"index":"index","follow":"follow","max-snippet":"max-snippet:-1","max-image-preview":"max-image-preview:large","max-video-preview":"max-video-preview:-1"},"canonical":"https:\/\/www.cliniquegrace.ca\/produit\/sensicalm-tonique-apaisant-sensicalm-soothing-tonic\/","og_locale":"fr_FR","og_type":"article","og_title":"Tonique sensicalm apaisant - cliniquegrace","og_description":"Tonique Doux recommand\u00e9 pour les peaux normales \u00e0 sensibles. Sans alcool, ce conditionneur cutan\u00e9 est \u00e9quilibr\u00e9 et rafra\u00eechissant gr\u00e2ce aux extraits de Camomille, Guaiazul\u00e8ne et Calendula. Le Boswellia Serrata, apaisant pour les peaux s\u00e8ches, calme les zones d\u00e9ficientes en humidit\u00e9 pour un confort optimal et un aspect de peau saine et revitalis\u00e9e. Mode d&#8217;emploi pour","og_url":"https:\/\/www.cliniquegrace.ca\/produit\/sensicalm-tonique-apaisant-sensicalm-soothing-tonic\/","og_site_name":"cliniquegrace","article_modified_time":"2025-05-23T09:27:07+00:00","og_image":[{"width":881,"height":758,"url":"https:\/\/www.cliniquegrace.ca\/wp-content\/uploads\/2025\/05\/21.jpg","type":"image\/jpeg"}],"twitter_card":"summary_large_image","twitter_misc":{"Dur\u00e9e de lecture estim\u00e9e":"1 minute"},"schema":{"@context":"https:\/\/schema.org","@graph":[{"@type":"WebPage","@id":"https:\/\/www.cliniquegrace.ca\/produit\/sensicalm-tonique-apaisant-sensicalm-soothing-tonic\/","url":"https:\/\/www.cliniquegrace.ca\/produit\/sensicalm-tonique-apaisant-sensicalm-soothing-tonic\/","name":"Tonique sensicalm apaisant - cliniquegrace","isPartOf":{"@id":"https:\/\/www.cliniquegrace.ca\/#website"},"primaryImageOfPage":{"@id":"https:\/\/www.cliniquegrace.ca\/produit\/sensicalm-tonique-apaisant-sensicalm-soothing-tonic\/#primaryimage"},"image":{"@id":"https:\/\/www.cliniquegrace.ca\/produit\/sensicalm-tonique-apaisant-sensicalm-soothing-tonic\/#primaryimage"},"thumbnailUrl":"https:\/\/www.cliniquegrace.ca\/wp-content\/uploads\/2025\/05\/Screen-Shot-2026-02-17-at-3.19.52-PM.png","datePublished":"2025-05-04T12:59:55+00:00","dateModified":"2025-05-23T09:27:07+00:00","breadcrumb":{"@id":"https:\/\/www.cliniquegrace.ca\/produit\/sensicalm-tonique-apaisant-sensicalm-soothing-tonic\/#breadcrumb"},"inLanguage":"fr-FR","potentialAction":[{"@type":"ReadAction","target":["https:\/\/www.cliniquegrace.ca\/produit\/sensicalm-tonique-apaisant-sensicalm-soothing-tonic\/"]}]},{"@type":"ImageObject","inLanguage":"fr-FR","@id":"https:\/\/www.cliniquegrace.ca\/produit\/sensicalm-tonique-apaisant-sensicalm-soothing-tonic\/#primaryimage","url":"https:\/\/www.cliniquegrace.ca\/wp-content\/uploads\/2025\/05\/Screen-Shot-2026-02-17-at-3.19.52-PM.png","contentUrl":"https:\/\/www.cliniquegrace.ca\/wp-content\/uploads\/2025\/05\/Screen-Shot-2026-02-17-at-3.19.52-PM.png","width":2197,"height":2235},{"@type":"BreadcrumbList","@id":"https:\/\/www.cliniquegrace.ca\/produit\/sensicalm-tonique-apaisant-sensicalm-soothing-tonic\/#breadcrumb","itemListElement":[{"@type":"ListItem","position":1,"name":"Home","item":"https:\/\/www.cliniquegrace.ca\/fr\/"},{"@type":"ListItem","position":2,"name":"Boutique","item":"https:\/\/www.cliniquegrace.ca\/shop\/"},{"@type":"ListItem","position":3,"name":"Tonique sensicalm apaisant"}]},{"@type":"WebSite","@id":"https:\/\/www.cliniquegrace.ca\/#website","url":"https:\/\/www.cliniquegrace.ca\/","name":"cliniquegrace","description":"","publisher":{"@id":"https:\/\/www.cliniquegrace.ca\/#organization"},"potentialAction":[{"@type":"SearchAction","target":{"@type":"EntryPoint","urlTemplate":"https:\/\/www.cliniquegrace.ca\/?s={search_term_string}"},"query-input":{"@type":"PropertyValueSpecification","valueRequired":true,"valueName":"search_term_string"}}],"inLanguage":"fr-FR"},{"@type":"Organization","@id":"https:\/\/www.cliniquegrace.ca\/#organization","name":"cliniquegrace","url":"https:\/\/www.cliniquegrace.ca\/","logo":{"@type":"ImageObject","inLanguage":"fr-FR","@id":"https:\/\/www.cliniquegrace.ca\/#\/schema\/logo\/image\/","url":"https:\/\/www.cliniquegrace.ca\/wp-content\/uploads\/2025\/04\/gree-logo.png","contentUrl":"https:\/\/www.cliniquegrace.ca\/wp-content\/uploads\/2025\/04\/gree-logo.png","width":875,"height":263,"caption":"cliniquegrace"},"image":{"@id":"https:\/\/www.cliniquegrace.ca\/#\/schema\/logo\/image\/"}}]}},"_links":{"self":[{"href":"https:\/\/www.cliniquegrace.ca\/fr\/wp-json\/wp\/v2\/product\/6865","targetHints":{"allow":["GET"]}}],"collection":[{"href":"https:\/\/www.cliniquegrace.ca\/fr\/wp-json\/wp\/v2\/product"}],"about":[{"href":"https:\/\/www.cliniquegrace.ca\/fr\/wp-json\/wp\/v2\/types\/product"}],"replies":[{"embeddable":true,"href":"https:\/\/www.cliniquegrace.ca\/fr\/wp-json\/wp\/v2\/comments?post=6865"}],"version-history":[{"count":4,"href":"https:\/\/www.cliniquegrace.ca\/fr\/wp-json\/wp\/v2\/product\/6865\/revisions"}],"predecessor-version":[{"id":7799,"href":"https:\/\/www.cliniquegrace.ca\/fr\/wp-json\/wp\/v2\/product\/6865\/revisions\/7799"}],"wp:featuredmedia":[{"embeddable":true,"href":"https:\/\/www.cliniquegrace.ca\/fr\/wp-json\/wp\/v2\/media\/8729"}],"wp:attachment":[{"href":"https:\/\/www.cliniquegrace.ca\/fr\/wp-json\/wp\/v2\/media?parent=6865"}],"wp:term":[{"taxonomy":"product_brand","embeddable":true,"href":"https:\/\/www.cliniquegrace.ca\/fr\/wp-json\/wp\/v2\/product_brand?post=6865"},{"taxonomy":"product_cat","embeddable":true,"href":"https:\/\/www.cliniquegrace.ca\/fr\/wp-json\/wp\/v2\/product_cat?post=6865"},{"taxonomy":"product_tag","embeddable":true,"href":"https:\/\/www.cliniquegrace.ca\/fr\/wp-json\/wp\/v2\/product_tag?post=6865"}],"curies":[{"name":"wp","href":"https:\/\/api.w.org\/{rel}","templated":true}]}}