{"id":6864,"date":"2025-05-04T12:59:57","date_gmt":"2025-05-04T12:59:57","guid":{"rendered":"https:\/\/www.cliniquegrace.ca\/product\/creme-de-nuit-anti-age-skinretin-0-3\/"},"modified":"2025-05-22T17:54:24","modified_gmt":"2025-05-22T17:54:24","slug":"creme-de-nuit-anti-age-skinretin-0-3","status":"publish","type":"product","link":"https:\/\/www.cliniquegrace.ca\/fr\/produit\/creme-de-nuit-anti-age-skinretin-0-3\/","title":{"rendered":"CR\u00c8ME DE NUIT ANTI-AGE"},"content":{"rendered":"<p>Cr\u00e8me combinant du r\u00e9tinol pur et du bakuchiol avec une action intensive r\u00e9g\u00e9n\u00e9rante et renouvelante. Revitalise, \u00e9claircit et rajeunit la peau.<\/p>\n<p><strong>Cr\u00e8me de nuit intensive pour traiter les signes du vieillissement :<\/strong><br \/>\n\u2013 Teint irr\u00e9gulier et perte de luminosit\u00e9<br \/>\n\u2013 Rides profondes et lignes d\u2019expression<br \/>\n\u2013 Perte de densit\u00e9 et d\u2019\u00e9lasticit\u00e9 de la peau<\/p>\n<p>Formule dermatologiquement test\u00e9e. Soutenue par des \u00e9tudes cliniques et in vitro.<\/p>\n<p><strong>Apr\u00e8s 28 jours, nos volontaires ont signal\u00e9 :<\/strong><br \/>\n\u2013 R\u00e9duction des rides de plus de 50 %\u00b9<br \/>\n\u2013 Am\u00e9lioration de la texture de la peau de plus de 70 %\u00b9<\/p>\n<p>Cr\u00e8me de nuit \u00e0 la texture l\u00e9g\u00e8re, adapt\u00e9e \u00e0 tous les types de peau.<\/p>\n<p>La combinaison de r\u00e9tinol pur et de bakuchiol maximise les bienfaits anti-\u00e2ge de la formule et favorise un \u00e9quilibre optimal en termes de tol\u00e9rance. De plus, en int\u00e9grant notre complexe exclusif post-biotique, nous renfor\u00e7ons la capacit\u00e9 de renouvellement de la peau tout en respectant et en renfor\u00e7ant le microbiote cutan\u00e9.<\/p>\n<p>\u00b9Les \u00e9tudes in vitro ont d\u00e9montr\u00e9 l&rsquo;efficacit\u00e9 en termes de renouvellement cellulaire, avec un taux de r\u00e9g\u00e9n\u00e9ration 9,8 fois plus rapide.<\/p>\n","protected":false},"excerpt":{"rendered":"<p>Cr\u00e8me combinant du r\u00e9tinol pur et du bakuchiol avec une action intensive r\u00e9g\u00e9n\u00e9rante et renouvelante. Revitalise, \u00e9claircit et rajeunit la peau. Cr\u00e8me de nuit intensive pour traiter les signes du vieillissement : \u2013 Teint irr\u00e9gulier et perte de luminosit\u00e9 \u2013 Rides profondes et lignes d\u2019expression \u2013 Perte de densit\u00e9 et d\u2019\u00e9lasticit\u00e9 de la peau Formule<\/p>\n","protected":false},"featured_media":8725,"comment_status":"closed","ping_status":"closed","template":"","meta":{"site-sidebar-layout":"default","site-content-layout":"","ast-site-content-layout":"default","site-content-style":"default","site-sidebar-style":"default","ast-global-header-display":"","ast-banner-title-visibility":"","ast-main-header-display":"","ast-hfb-above-header-display":"","ast-hfb-below-header-display":"","ast-hfb-mobile-header-display":"","site-post-title":"","ast-breadcrumbs-content":"","ast-featured-img":"","footer-sml-layout":"","ast-disable-related-posts":"","theme-transparent-header-meta":"default","adv-header-id-meta":"","stick-header-meta":"default","header-above-stick-meta":"","header-main-stick-meta":"","header-below-stick-meta":"","astra-migrate-meta-layouts":"set","ast-page-background-enabled":"default","ast-page-background-meta":{"desktop":{"background-color":"var(--ast-global-color-4)","background-image":"","background-repeat":"repeat","background-position":"center center","background-size":"auto","background-attachment":"scroll","background-type":"","background-media":"","overlay-type":"","overlay-color":"","overlay-opacity":"","overlay-gradient":""},"tablet":{"background-color":"","background-image":"","background-repeat":"repeat","background-position":"center center","background-size":"auto","background-attachment":"scroll","background-type":"","background-media":"","overlay-type":"","overlay-color":"","overlay-opacity":"","overlay-gradient":""},"mobile":{"background-color":"","background-image":"","background-repeat":"repeat","background-position":"center center","background-size":"auto","background-attachment":"scroll","background-type":"","background-media":"","overlay-type":"","overlay-color":"","overlay-opacity":"","overlay-gradient":""}},"ast-content-background-meta":{"desktop":{"background-color":"var(--ast-global-color-5)","background-image":"","background-repeat":"repeat","background-position":"center center","background-size":"auto","background-attachment":"scroll","background-type":"","background-media":"","overlay-type":"","overlay-color":"","overlay-opacity":"","overlay-gradient":""},"tablet":{"background-color":"var(--ast-global-color-5)","background-image":"","background-repeat":"repeat","background-position":"center center","background-size":"auto","background-attachment":"scroll","background-type":"","background-media":"","overlay-type":"","overlay-color":"","overlay-opacity":"","overlay-gradient":""},"mobile":{"background-color":"var(--ast-global-color-5)","background-image":"","background-repeat":"repeat","background-position":"center center","background-size":"auto","background-attachment":"scroll","background-type":"","background-media":"","overlay-type":"","overlay-color":"","overlay-opacity":"","overlay-gradient":""}}},"product_brand":[],"product_cat":[119,120],"product_tag":[],"class_list":{"0":"post-6864","1":"product","2":"type-product","3":"status-publish","4":"has-post-thumbnail","6":"product_cat-creme-pour-le-visage-fr","7":"product_cat-face-cream-fr","8":"pa_brand-mesoestetic-fr","9":"desktop-align-left","10":"tablet-align-left","11":"mobile-align-left","12":"ast-product-gallery-layout-horizontal-slider","13":"ast-product-gallery-with-no-image","14":"ast-product-tabs-layout-horizontal","16":"first","17":"instock","18":"taxable","19":"shipping-taxable","20":"purchasable","21":"product-type-simple"},"yoast_head":"<!-- This site is optimized with the Yoast SEO plugin v27.1.1 - https:\/\/yoast.com\/product\/yoast-seo-wordpress\/ -->\n<title>CR\u00c8ME DE NUIT ANTI-AGE - cliniquegrace<\/title>\n<meta name=\"robots\" content=\"index, follow, max-snippet:-1, max-image-preview:large, max-video-preview:-1\" \/>\n<link rel=\"canonical\" href=\"https:\/\/www.cliniquegrace.ca\/produit\/creme-de-nuit-anti-age-skinretin-0-3\/\" \/>\n<meta property=\"og:locale\" content=\"fr_FR\" \/>\n<meta property=\"og:type\" content=\"article\" \/>\n<meta property=\"og:title\" content=\"CR\u00c8ME DE NUIT ANTI-AGE - cliniquegrace\" \/>\n<meta property=\"og:description\" content=\"Cr\u00e8me combinant du r\u00e9tinol pur et du bakuchiol avec une action intensive r\u00e9g\u00e9n\u00e9rante et renouvelante. Revitalise, \u00e9claircit et rajeunit la peau. Cr\u00e8me de nuit intensive pour traiter les signes du vieillissement : \u2013 Teint irr\u00e9gulier et perte de luminosit\u00e9 \u2013 Rides profondes et lignes d\u2019expression \u2013 Perte de densit\u00e9 et d\u2019\u00e9lasticit\u00e9 de la peau Formule\" \/>\n<meta property=\"og:url\" content=\"https:\/\/www.cliniquegrace.ca\/produit\/creme-de-nuit-anti-age-skinretin-0-3\/\" \/>\n<meta property=\"og:site_name\" content=\"cliniquegrace\" \/>\n<meta property=\"article:modified_time\" content=\"2025-05-22T17:54:24+00:00\" \/>\n<meta property=\"og:image\" content=\"https:\/\/www.cliniquegrace.ca\/wp-content\/uploads\/2025\/05\/22.jpg\" \/>\n\t<meta property=\"og:image:width\" content=\"835\" \/>\n\t<meta property=\"og:image:height\" content=\"770\" \/>\n\t<meta property=\"og:image:type\" content=\"image\/jpeg\" \/>\n<meta name=\"twitter:card\" content=\"summary_large_image\" \/>\n<meta name=\"twitter:label1\" content=\"Dur\u00e9e de lecture estim\u00e9e\" \/>\n\t<meta name=\"twitter:data1\" content=\"1 minute\" \/>\n<script type=\"application\/ld+json\" class=\"yoast-schema-graph\">{\"@context\":\"https:\/\/schema.org\",\"@graph\":[{\"@type\":\"WebPage\",\"@id\":\"https:\/\/www.cliniquegrace.ca\/produit\/creme-de-nuit-anti-age-skinretin-0-3\/\",\"url\":\"https:\/\/www.cliniquegrace.ca\/produit\/creme-de-nuit-anti-age-skinretin-0-3\/\",\"name\":\"CR\u00c8ME DE NUIT ANTI-AGE - cliniquegrace\",\"isPartOf\":{\"@id\":\"https:\/\/www.cliniquegrace.ca\/#website\"},\"primaryImageOfPage\":{\"@id\":\"https:\/\/www.cliniquegrace.ca\/produit\/creme-de-nuit-anti-age-skinretin-0-3\/#primaryimage\"},\"image\":{\"@id\":\"https:\/\/www.cliniquegrace.ca\/produit\/creme-de-nuit-anti-age-skinretin-0-3\/#primaryimage\"},\"thumbnailUrl\":\"https:\/\/www.cliniquegrace.ca\/wp-content\/uploads\/2025\/05\/Screen-Shot-2026-02-17-at-3.16.05-PM.png\",\"datePublished\":\"2025-05-04T12:59:57+00:00\",\"dateModified\":\"2025-05-22T17:54:24+00:00\",\"breadcrumb\":{\"@id\":\"https:\/\/www.cliniquegrace.ca\/produit\/creme-de-nuit-anti-age-skinretin-0-3\/#breadcrumb\"},\"inLanguage\":\"fr-FR\",\"potentialAction\":[{\"@type\":\"ReadAction\",\"target\":[\"https:\/\/www.cliniquegrace.ca\/produit\/creme-de-nuit-anti-age-skinretin-0-3\/\"]}]},{\"@type\":\"ImageObject\",\"inLanguage\":\"fr-FR\",\"@id\":\"https:\/\/www.cliniquegrace.ca\/produit\/creme-de-nuit-anti-age-skinretin-0-3\/#primaryimage\",\"url\":\"https:\/\/www.cliniquegrace.ca\/wp-content\/uploads\/2025\/05\/Screen-Shot-2026-02-17-at-3.16.05-PM.png\",\"contentUrl\":\"https:\/\/www.cliniquegrace.ca\/wp-content\/uploads\/2025\/05\/Screen-Shot-2026-02-17-at-3.16.05-PM.png\",\"width\":2123,\"height\":2083},{\"@type\":\"BreadcrumbList\",\"@id\":\"https:\/\/www.cliniquegrace.ca\/produit\/creme-de-nuit-anti-age-skinretin-0-3\/#breadcrumb\",\"itemListElement\":[{\"@type\":\"ListItem\",\"position\":1,\"name\":\"Home\",\"item\":\"https:\/\/www.cliniquegrace.ca\/fr\/\"},{\"@type\":\"ListItem\",\"position\":2,\"name\":\"Boutique\",\"item\":\"https:\/\/www.cliniquegrace.ca\/shop\/\"},{\"@type\":\"ListItem\",\"position\":3,\"name\":\"CR\u00c8ME DE NUIT ANTI-AGE\"}]},{\"@type\":\"WebSite\",\"@id\":\"https:\/\/www.cliniquegrace.ca\/#website\",\"url\":\"https:\/\/www.cliniquegrace.ca\/\",\"name\":\"cliniquegrace\",\"description\":\"\",\"publisher\":{\"@id\":\"https:\/\/www.cliniquegrace.ca\/#organization\"},\"potentialAction\":[{\"@type\":\"SearchAction\",\"target\":{\"@type\":\"EntryPoint\",\"urlTemplate\":\"https:\/\/www.cliniquegrace.ca\/?s={search_term_string}\"},\"query-input\":{\"@type\":\"PropertyValueSpecification\",\"valueRequired\":true,\"valueName\":\"search_term_string\"}}],\"inLanguage\":\"fr-FR\"},{\"@type\":\"Organization\",\"@id\":\"https:\/\/www.cliniquegrace.ca\/#organization\",\"name\":\"cliniquegrace\",\"url\":\"https:\/\/www.cliniquegrace.ca\/\",\"logo\":{\"@type\":\"ImageObject\",\"inLanguage\":\"fr-FR\",\"@id\":\"https:\/\/www.cliniquegrace.ca\/#\/schema\/logo\/image\/\",\"url\":\"https:\/\/www.cliniquegrace.ca\/wp-content\/uploads\/2025\/04\/gree-logo.png\",\"contentUrl\":\"https:\/\/www.cliniquegrace.ca\/wp-content\/uploads\/2025\/04\/gree-logo.png\",\"width\":875,\"height\":263,\"caption\":\"cliniquegrace\"},\"image\":{\"@id\":\"https:\/\/www.cliniquegrace.ca\/#\/schema\/logo\/image\/\"}}]}<\/script>\n<!-- \/ Yoast SEO plugin. -->","yoast_head_json":{"title":"CR\u00c8ME DE NUIT ANTI-AGE - cliniquegrace","robots":{"index":"index","follow":"follow","max-snippet":"max-snippet:-1","max-image-preview":"max-image-preview:large","max-video-preview":"max-video-preview:-1"},"canonical":"https:\/\/www.cliniquegrace.ca\/produit\/creme-de-nuit-anti-age-skinretin-0-3\/","og_locale":"fr_FR","og_type":"article","og_title":"CR\u00c8ME DE NUIT ANTI-AGE - cliniquegrace","og_description":"Cr\u00e8me combinant du r\u00e9tinol pur et du bakuchiol avec une action intensive r\u00e9g\u00e9n\u00e9rante et renouvelante. Revitalise, \u00e9claircit et rajeunit la peau. Cr\u00e8me de nuit intensive pour traiter les signes du vieillissement : \u2013 Teint irr\u00e9gulier et perte de luminosit\u00e9 \u2013 Rides profondes et lignes d\u2019expression \u2013 Perte de densit\u00e9 et d\u2019\u00e9lasticit\u00e9 de la peau Formule","og_url":"https:\/\/www.cliniquegrace.ca\/produit\/creme-de-nuit-anti-age-skinretin-0-3\/","og_site_name":"cliniquegrace","article_modified_time":"2025-05-22T17:54:24+00:00","og_image":[{"width":835,"height":770,"url":"https:\/\/www.cliniquegrace.ca\/wp-content\/uploads\/2025\/05\/22.jpg","type":"image\/jpeg"}],"twitter_card":"summary_large_image","twitter_misc":{"Dur\u00e9e de lecture estim\u00e9e":"1 minute"},"schema":{"@context":"https:\/\/schema.org","@graph":[{"@type":"WebPage","@id":"https:\/\/www.cliniquegrace.ca\/produit\/creme-de-nuit-anti-age-skinretin-0-3\/","url":"https:\/\/www.cliniquegrace.ca\/produit\/creme-de-nuit-anti-age-skinretin-0-3\/","name":"CR\u00c8ME DE NUIT ANTI-AGE - cliniquegrace","isPartOf":{"@id":"https:\/\/www.cliniquegrace.ca\/#website"},"primaryImageOfPage":{"@id":"https:\/\/www.cliniquegrace.ca\/produit\/creme-de-nuit-anti-age-skinretin-0-3\/#primaryimage"},"image":{"@id":"https:\/\/www.cliniquegrace.ca\/produit\/creme-de-nuit-anti-age-skinretin-0-3\/#primaryimage"},"thumbnailUrl":"https:\/\/www.cliniquegrace.ca\/wp-content\/uploads\/2025\/05\/Screen-Shot-2026-02-17-at-3.16.05-PM.png","datePublished":"2025-05-04T12:59:57+00:00","dateModified":"2025-05-22T17:54:24+00:00","breadcrumb":{"@id":"https:\/\/www.cliniquegrace.ca\/produit\/creme-de-nuit-anti-age-skinretin-0-3\/#breadcrumb"},"inLanguage":"fr-FR","potentialAction":[{"@type":"ReadAction","target":["https:\/\/www.cliniquegrace.ca\/produit\/creme-de-nuit-anti-age-skinretin-0-3\/"]}]},{"@type":"ImageObject","inLanguage":"fr-FR","@id":"https:\/\/www.cliniquegrace.ca\/produit\/creme-de-nuit-anti-age-skinretin-0-3\/#primaryimage","url":"https:\/\/www.cliniquegrace.ca\/wp-content\/uploads\/2025\/05\/Screen-Shot-2026-02-17-at-3.16.05-PM.png","contentUrl":"https:\/\/www.cliniquegrace.ca\/wp-content\/uploads\/2025\/05\/Screen-Shot-2026-02-17-at-3.16.05-PM.png","width":2123,"height":2083},{"@type":"BreadcrumbList","@id":"https:\/\/www.cliniquegrace.ca\/produit\/creme-de-nuit-anti-age-skinretin-0-3\/#breadcrumb","itemListElement":[{"@type":"ListItem","position":1,"name":"Home","item":"https:\/\/www.cliniquegrace.ca\/fr\/"},{"@type":"ListItem","position":2,"name":"Boutique","item":"https:\/\/www.cliniquegrace.ca\/shop\/"},{"@type":"ListItem","position":3,"name":"CR\u00c8ME DE NUIT ANTI-AGE"}]},{"@type":"WebSite","@id":"https:\/\/www.cliniquegrace.ca\/#website","url":"https:\/\/www.cliniquegrace.ca\/","name":"cliniquegrace","description":"","publisher":{"@id":"https:\/\/www.cliniquegrace.ca\/#organization"},"potentialAction":[{"@type":"SearchAction","target":{"@type":"EntryPoint","urlTemplate":"https:\/\/www.cliniquegrace.ca\/?s={search_term_string}"},"query-input":{"@type":"PropertyValueSpecification","valueRequired":true,"valueName":"search_term_string"}}],"inLanguage":"fr-FR"},{"@type":"Organization","@id":"https:\/\/www.cliniquegrace.ca\/#organization","name":"cliniquegrace","url":"https:\/\/www.cliniquegrace.ca\/","logo":{"@type":"ImageObject","inLanguage":"fr-FR","@id":"https:\/\/www.cliniquegrace.ca\/#\/schema\/logo\/image\/","url":"https:\/\/www.cliniquegrace.ca\/wp-content\/uploads\/2025\/04\/gree-logo.png","contentUrl":"https:\/\/www.cliniquegrace.ca\/wp-content\/uploads\/2025\/04\/gree-logo.png","width":875,"height":263,"caption":"cliniquegrace"},"image":{"@id":"https:\/\/www.cliniquegrace.ca\/#\/schema\/logo\/image\/"}}]}},"_links":{"self":[{"href":"https:\/\/www.cliniquegrace.ca\/fr\/wp-json\/wp\/v2\/product\/6864","targetHints":{"allow":["GET"]}}],"collection":[{"href":"https:\/\/www.cliniquegrace.ca\/fr\/wp-json\/wp\/v2\/product"}],"about":[{"href":"https:\/\/www.cliniquegrace.ca\/fr\/wp-json\/wp\/v2\/types\/product"}],"replies":[{"embeddable":true,"href":"https:\/\/www.cliniquegrace.ca\/fr\/wp-json\/wp\/v2\/comments?post=6864"}],"version-history":[{"count":3,"href":"https:\/\/www.cliniquegrace.ca\/fr\/wp-json\/wp\/v2\/product\/6864\/revisions"}],"predecessor-version":[{"id":7763,"href":"https:\/\/www.cliniquegrace.ca\/fr\/wp-json\/wp\/v2\/product\/6864\/revisions\/7763"}],"wp:featuredmedia":[{"embeddable":true,"href":"https:\/\/www.cliniquegrace.ca\/fr\/wp-json\/wp\/v2\/media\/8725"}],"wp:attachment":[{"href":"https:\/\/www.cliniquegrace.ca\/fr\/wp-json\/wp\/v2\/media?parent=6864"}],"wp:term":[{"taxonomy":"product_brand","embeddable":true,"href":"https:\/\/www.cliniquegrace.ca\/fr\/wp-json\/wp\/v2\/product_brand?post=6864"},{"taxonomy":"product_cat","embeddable":true,"href":"https:\/\/www.cliniquegrace.ca\/fr\/wp-json\/wp\/v2\/product_cat?post=6864"},{"taxonomy":"product_tag","embeddable":true,"href":"https:\/\/www.cliniquegrace.ca\/fr\/wp-json\/wp\/v2\/product_tag?post=6864"}],"curies":[{"name":"wp","href":"https:\/\/api.w.org\/{rel}","templated":true}]}}