{"id":6860,"date":"2025-05-04T13:00:03","date_gmt":"2025-05-04T13:00:03","guid":{"rendered":"https:\/\/www.cliniquegrace.ca\/product\/complexe-acide-hyaluronique-peptide-pour-les-yeux-hyaluronic-acid-peptide-complex-for-eyes\/"},"modified":"2025-05-22T17:49:36","modified_gmt":"2025-05-22T17:49:36","slug":"complexe-acide-hyaluronique-peptide-pour-les-yeux-hyaluronic-acid-peptide-complex-for-eyes","status":"publish","type":"product","link":"https:\/\/www.cliniquegrace.ca\/fr\/produit\/complexe-acide-hyaluronique-peptide-pour-les-yeux-hyaluronic-acid-peptide-complex-for-eyes\/","title":{"rendered":"COMPLEXE ACIDE HYALURONIQUE + PEPTIDE POUR LES YEUX"},"content":{"rendered":"<p>Cr\u00e8me Contour des Yeux \u00e0 l&rsquo;Acide Hyaluronique est une cr\u00e8me \u00e0 base d&rsquo;Acide Hyaluronique et de pseudo-Collag\u00e8ne qui restaure l&rsquo;hydratation tout en prot\u00e9geant la peau d\u00e9licate autour des yeux. Elle hydrate en profondeur et soutient la souplesse de la peau. Un complexe synergique de peptides revitalisants, d&rsquo;extraits botaniques, de vitamines et d&rsquo;illuminateurs naturels fait de cette cr\u00e8me un choix tr\u00e8s appr\u00e9ci\u00e9 pour ceux qui connaissent une perte de vitalit\u00e9 de la peau.<\/p>\n<p><strong>Mode d&#8217;emploi pour le client :<\/strong> Matin et soir. D\u00e9posez 1 \u00e0 2 gouttes sur vos doigts et tapotez doucement sur la zone des yeux, au-dessus et en dessous de la zone mobile des yeux.<\/p>\n<p><strong>Avertissement :<\/strong> Usage externe uniquement. \u00c9viter le contact avec les yeux, les paupi\u00e8res et les muqueuses. Tenir hors de port\u00e9e des enfants.<\/p>\n<p><strong>Mode d&#8217;emploi professionnel :<\/strong> Tapotez doucement dans la zone sous les yeux en tant que traitement final, avec un hydratant appropri\u00e9.<\/p>\n<p><strong>Ingr\u00e9dients du produit :<\/strong> Aqua (eau purifi\u00e9e), Huile de graines de Helianthus Annuus (tournesol), Glyc\u00e9rine, Triglyc\u00e9ride Caprylique\/Caprique, Beurre de Butyrospermum Parkii (karit\u00e9), Niacinamide, Glyc\u00e9ryl St\u00e9arate, Huile de graines de Simmondsia Chinensis (jojoba), Alcool st\u00e9arylique, Alcool arachidique, Glucoside de C\u00e9t\u00e9aryle, Alcool c\u00e9t\u00e9arylique, Ac\u00e9tate de Tocoph\u00e9rol, Bisabolol, Squalane, Alcool c\u00e9tile, Alcool beh\u00e9nique, 1,2-Hexanediol, Caprylyl Glycol, Prot\u00e9ine de bl\u00e9 hydrolys\u00e9e, Acrylates\/C10-30 Alkyl Acrylate Crosspolymer, Glucoside d&rsquo;Arachidyle, Panth\u00e9nol, Butyl\u00e8ne Glycol, Pullulan, Alcool, Extrait de fleur\/feuille de Leontopodium Alpinum, L\u00e9cithine, Extrait de levure, Filtrat de ferment de racine de radis Leuconostoc, Extrait de Macrocystis Pyrifera (kelp), Extrait de fruit de Cucumis Sativus (concombre), Extrait de graine de Cola Nitidia, Extrait de Nannochloropsis Oculata, Extrait de Dunaliella Salina, Extrait de feuille de Ilex Paraguariensis, Extrait de graine de Paullinia Cupana, Extrait de fleur de Centaurea Cyanus, Filtrat de ferment de racine de radis Leuconostoc, Tropolone, Extrait d&rsquo;Artemisia Umbelliformis, Arbutine, Extrait d&rsquo;Euphrasia Officinalis, Palmitoyl Tripeptide-5, Pantolactone, Sodium Hyaluronate, Poudre de diamant, Ac\u00e9tyl Tetrapeptide-5, Ac\u00e9tyl Hexapeptide-8, Glutathion, Acide Linol\u00e9nique, Acide Linol\u00e9ique, Ascorbyl Palmitate, Extrait de Palmaria Palmata, Extrait de Chondrus Crispus, Extrait de Fucus Vesiculosus, Filtrat de ferment Leuconostoc.<\/p>\n<p><strong>pH :<\/strong> 5.5 &#8211; 6.5<\/p>\n<p><strong>Ingr\u00e9dients cl\u00e9s :<\/strong><\/p>\n<ul>\n<li><strong style=\"font-size: 16px;\">Dermapeptide :<\/strong><span style=\"font-size: 16px;\"> un pseudo-peptide r\u00e9volutionnaire qui revitalise la peau et produit divers bienfaits anti-\u00e2ge.<\/span><\/li>\n<li><strong style=\"font-size: 16px;\">Extrait de Kelp G\u00e9ant :<\/strong><span style=\"font-size: 16px;\"> une source naturelle d&rsquo;hydratation qui adoucit la peau et aide \u00e0 retenir l&rsquo;humidit\u00e9.<\/span><\/li>\n<li><strong style=\"font-size: 16px;\">Alfaflor\u00ae Artemisia :<\/strong><span style=\"font-size: 16px;\"> un extrait rare de plante alpine riche en huile essentielle, acide chlorog\u00e9nique, tanins et flavono\u00efdes. Il poss\u00e8de des propri\u00e9t\u00e9s anti-oxydantes naturelles.<\/span><\/li>\n<li><strong style=\"font-size: 16px;\">Peptide Syneye\u2122 :<\/strong><span style=\"font-size: 16px;\"> aide \u00e0 am\u00e9liorer la texture de la peau, rendant la peau d\u00e9licate autour des yeux plus lisse.<\/span><\/li>\n<\/ul>\n","protected":false},"excerpt":{"rendered":"<p>Cr\u00e8me Contour des Yeux \u00e0 l&rsquo;Acide Hyaluronique est une cr\u00e8me \u00e0 base d&rsquo;Acide Hyaluronique et de pseudo-Collag\u00e8ne qui restaure l&rsquo;hydratation tout en prot\u00e9geant la peau d\u00e9licate autour des yeux. Elle hydrate en profondeur et soutient la souplesse de la peau. Un complexe synergique de peptides revitalisants, d&rsquo;extraits botaniques, de vitamines et d&rsquo;illuminateurs naturels fait de<\/p>\n","protected":false},"featured_media":8717,"comment_status":"closed","ping_status":"closed","template":"","meta":{"site-sidebar-layout":"default","site-content-layout":"","ast-site-content-layout":"default","site-content-style":"default","site-sidebar-style":"default","ast-global-header-display":"","ast-banner-title-visibility":"","ast-main-header-display":"","ast-hfb-above-header-display":"","ast-hfb-below-header-display":"","ast-hfb-mobile-header-display":"","site-post-title":"","ast-breadcrumbs-content":"","ast-featured-img":"","footer-sml-layout":"","ast-disable-related-posts":"","theme-transparent-header-meta":"default","adv-header-id-meta":"","stick-header-meta":"default","header-above-stick-meta":"","header-main-stick-meta":"","header-below-stick-meta":"","astra-migrate-meta-layouts":"set","ast-page-background-enabled":"default","ast-page-background-meta":{"desktop":{"background-color":"var(--ast-global-color-4)","background-image":"","background-repeat":"repeat","background-position":"center center","background-size":"auto","background-attachment":"scroll","background-type":"","background-media":"","overlay-type":"","overlay-color":"","overlay-opacity":"","overlay-gradient":""},"tablet":{"background-color":"","background-image":"","background-repeat":"repeat","background-position":"center center","background-size":"auto","background-attachment":"scroll","background-type":"","background-media":"","overlay-type":"","overlay-color":"","overlay-opacity":"","overlay-gradient":""},"mobile":{"background-color":"","background-image":"","background-repeat":"repeat","background-position":"center center","background-size":"auto","background-attachment":"scroll","background-type":"","background-media":"","overlay-type":"","overlay-color":"","overlay-opacity":"","overlay-gradient":""}},"ast-content-background-meta":{"desktop":{"background-color":"var(--ast-global-color-5)","background-image":"","background-repeat":"repeat","background-position":"center center","background-size":"auto","background-attachment":"scroll","background-type":"","background-media":"","overlay-type":"","overlay-color":"","overlay-opacity":"","overlay-gradient":""},"tablet":{"background-color":"var(--ast-global-color-5)","background-image":"","background-repeat":"repeat","background-position":"center center","background-size":"auto","background-attachment":"scroll","background-type":"","background-media":"","overlay-type":"","overlay-color":"","overlay-opacity":"","overlay-gradient":""},"mobile":{"background-color":"var(--ast-global-color-5)","background-image":"","background-repeat":"repeat","background-position":"center center","background-size":"auto","background-attachment":"scroll","background-type":"","background-media":"","overlay-type":"","overlay-color":"","overlay-opacity":"","overlay-gradient":""}}},"product_brand":[],"product_cat":[123,124],"product_tag":[],"class_list":{"0":"post-6860","1":"product","2":"type-product","3":"status-publish","4":"has-post-thumbnail","6":"product_cat-contour-des-yeux-fr","7":"product_cat-eye-contour-fr","8":"pa_brand-grace-fr","9":"pa_milliliters-15-00-fr","10":"desktop-align-left","11":"tablet-align-left","12":"mobile-align-left","13":"ast-product-gallery-layout-horizontal-slider","14":"ast-product-gallery-with-no-image","15":"ast-product-tabs-layout-horizontal","17":"first","18":"instock","19":"taxable","20":"shipping-taxable","21":"purchasable","22":"product-type-simple"},"yoast_head":"<!-- This site is optimized with the Yoast SEO plugin v27.1.1 - https:\/\/yoast.com\/product\/yoast-seo-wordpress\/ -->\n<title>COMPLEXE ACIDE HYALURONIQUE + PEPTIDE POUR LES YEUX - cliniquegrace<\/title>\n<meta name=\"robots\" content=\"index, follow, max-snippet:-1, max-image-preview:large, max-video-preview:-1\" \/>\n<link rel=\"canonical\" href=\"https:\/\/www.cliniquegrace.ca\/fr\/produit\/complexe-acide-hyaluronique-peptide-pour-les-yeux-hyaluronic-acid-peptide-complex-for-eyes\/\" \/>\n<meta property=\"og:locale\" content=\"fr_FR\" \/>\n<meta property=\"og:type\" content=\"article\" \/>\n<meta property=\"og:title\" content=\"COMPLEXE ACIDE HYALURONIQUE + PEPTIDE POUR LES YEUX - cliniquegrace\" \/>\n<meta property=\"og:description\" content=\"Cr\u00e8me Contour des Yeux \u00e0 l&rsquo;Acide Hyaluronique est une cr\u00e8me \u00e0 base d&rsquo;Acide Hyaluronique et de pseudo-Collag\u00e8ne qui restaure l&rsquo;hydratation tout en prot\u00e9geant la peau d\u00e9licate autour des yeux. Elle hydrate en profondeur et soutient la souplesse de la peau. Un complexe synergique de peptides revitalisants, d&rsquo;extraits botaniques, de vitamines et d&rsquo;illuminateurs naturels fait de\" \/>\n<meta property=\"og:url\" content=\"https:\/\/www.cliniquegrace.ca\/fr\/produit\/complexe-acide-hyaluronique-peptide-pour-les-yeux-hyaluronic-acid-peptide-complex-for-eyes\/\" \/>\n<meta property=\"og:site_name\" content=\"cliniquegrace\" \/>\n<meta property=\"article:modified_time\" content=\"2025-05-22T17:49:36+00:00\" \/>\n<meta property=\"og:image\" content=\"https:\/\/www.cliniquegrace.ca\/wp-content\/uploads\/2025\/05\/Screen-Shot-2026-02-17-at-2.59.41-PM-1019x1024.png\" \/>\n\t<meta property=\"og:image:width\" content=\"1019\" \/>\n\t<meta property=\"og:image:height\" content=\"1024\" \/>\n\t<meta property=\"og:image:type\" content=\"image\/png\" \/>\n<meta name=\"twitter:card\" content=\"summary_large_image\" \/>\n<meta name=\"twitter:label1\" content=\"Dur\u00e9e de lecture estim\u00e9e\" \/>\n\t<meta name=\"twitter:data1\" content=\"2 minutes\" \/>\n<script type=\"application\/ld+json\" class=\"yoast-schema-graph\">{\"@context\":\"https:\/\/schema.org\",\"@graph\":[{\"@type\":\"WebPage\",\"@id\":\"https:\/\/www.cliniquegrace.ca\/fr\/produit\/complexe-acide-hyaluronique-peptide-pour-les-yeux-hyaluronic-acid-peptide-complex-for-eyes\/\",\"url\":\"https:\/\/www.cliniquegrace.ca\/fr\/produit\/complexe-acide-hyaluronique-peptide-pour-les-yeux-hyaluronic-acid-peptide-complex-for-eyes\/\",\"name\":\"COMPLEXE ACIDE HYALURONIQUE + PEPTIDE POUR LES YEUX - cliniquegrace\",\"isPartOf\":{\"@id\":\"https:\/\/www.cliniquegrace.ca\/#website\"},\"primaryImageOfPage\":{\"@id\":\"https:\/\/www.cliniquegrace.ca\/fr\/produit\/complexe-acide-hyaluronique-peptide-pour-les-yeux-hyaluronic-acid-peptide-complex-for-eyes\/#primaryimage\"},\"image\":{\"@id\":\"https:\/\/www.cliniquegrace.ca\/fr\/produit\/complexe-acide-hyaluronique-peptide-pour-les-yeux-hyaluronic-acid-peptide-complex-for-eyes\/#primaryimage\"},\"thumbnailUrl\":\"https:\/\/www.cliniquegrace.ca\/wp-content\/uploads\/2025\/05\/Screen-Shot-2026-02-17-at-2.59.41-PM.png\",\"datePublished\":\"2025-05-04T13:00:03+00:00\",\"dateModified\":\"2025-05-22T17:49:36+00:00\",\"breadcrumb\":{\"@id\":\"https:\/\/www.cliniquegrace.ca\/fr\/produit\/complexe-acide-hyaluronique-peptide-pour-les-yeux-hyaluronic-acid-peptide-complex-for-eyes\/#breadcrumb\"},\"inLanguage\":\"fr-FR\",\"potentialAction\":[{\"@type\":\"ReadAction\",\"target\":[\"https:\/\/www.cliniquegrace.ca\/fr\/produit\/complexe-acide-hyaluronique-peptide-pour-les-yeux-hyaluronic-acid-peptide-complex-for-eyes\/\"]}]},{\"@type\":\"ImageObject\",\"inLanguage\":\"fr-FR\",\"@id\":\"https:\/\/www.cliniquegrace.ca\/fr\/produit\/complexe-acide-hyaluronique-peptide-pour-les-yeux-hyaluronic-acid-peptide-complex-for-eyes\/#primaryimage\",\"url\":\"https:\/\/www.cliniquegrace.ca\/wp-content\/uploads\/2025\/05\/Screen-Shot-2026-02-17-at-2.59.41-PM.png\",\"contentUrl\":\"https:\/\/www.cliniquegrace.ca\/wp-content\/uploads\/2025\/05\/Screen-Shot-2026-02-17-at-2.59.41-PM.png\",\"width\":2118,\"height\":2129},{\"@type\":\"BreadcrumbList\",\"@id\":\"https:\/\/www.cliniquegrace.ca\/fr\/produit\/complexe-acide-hyaluronique-peptide-pour-les-yeux-hyaluronic-acid-peptide-complex-for-eyes\/#breadcrumb\",\"itemListElement\":[{\"@type\":\"ListItem\",\"position\":1,\"name\":\"Home\",\"item\":\"https:\/\/www.cliniquegrace.ca\/fr\/\"},{\"@type\":\"ListItem\",\"position\":2,\"name\":\"Boutique\",\"item\":\"https:\/\/www.cliniquegrace.ca\/shop\/\"},{\"@type\":\"ListItem\",\"position\":3,\"name\":\"COMPLEXE ACIDE HYALURONIQUE + PEPTIDE POUR LES YEUX\"}]},{\"@type\":\"WebSite\",\"@id\":\"https:\/\/www.cliniquegrace.ca\/#website\",\"url\":\"https:\/\/www.cliniquegrace.ca\/\",\"name\":\"cliniquegrace\",\"description\":\"\",\"publisher\":{\"@id\":\"https:\/\/www.cliniquegrace.ca\/#organization\"},\"potentialAction\":[{\"@type\":\"SearchAction\",\"target\":{\"@type\":\"EntryPoint\",\"urlTemplate\":\"https:\/\/www.cliniquegrace.ca\/?s={search_term_string}\"},\"query-input\":{\"@type\":\"PropertyValueSpecification\",\"valueRequired\":true,\"valueName\":\"search_term_string\"}}],\"inLanguage\":\"fr-FR\"},{\"@type\":\"Organization\",\"@id\":\"https:\/\/www.cliniquegrace.ca\/#organization\",\"name\":\"cliniquegrace\",\"url\":\"https:\/\/www.cliniquegrace.ca\/\",\"logo\":{\"@type\":\"ImageObject\",\"inLanguage\":\"fr-FR\",\"@id\":\"https:\/\/www.cliniquegrace.ca\/#\/schema\/logo\/image\/\",\"url\":\"https:\/\/www.cliniquegrace.ca\/wp-content\/uploads\/2025\/04\/gree-logo.png\",\"contentUrl\":\"https:\/\/www.cliniquegrace.ca\/wp-content\/uploads\/2025\/04\/gree-logo.png\",\"width\":875,\"height\":263,\"caption\":\"cliniquegrace\"},\"image\":{\"@id\":\"https:\/\/www.cliniquegrace.ca\/#\/schema\/logo\/image\/\"}}]}<\/script>\n<!-- \/ Yoast SEO plugin. -->","yoast_head_json":{"title":"COMPLEXE ACIDE HYALURONIQUE + PEPTIDE POUR LES YEUX - cliniquegrace","robots":{"index":"index","follow":"follow","max-snippet":"max-snippet:-1","max-image-preview":"max-image-preview:large","max-video-preview":"max-video-preview:-1"},"canonical":"https:\/\/www.cliniquegrace.ca\/fr\/produit\/complexe-acide-hyaluronique-peptide-pour-les-yeux-hyaluronic-acid-peptide-complex-for-eyes\/","og_locale":"fr_FR","og_type":"article","og_title":"COMPLEXE ACIDE HYALURONIQUE + PEPTIDE POUR LES YEUX - cliniquegrace","og_description":"Cr\u00e8me Contour des Yeux \u00e0 l&rsquo;Acide Hyaluronique est une cr\u00e8me \u00e0 base d&rsquo;Acide Hyaluronique et de pseudo-Collag\u00e8ne qui restaure l&rsquo;hydratation tout en prot\u00e9geant la peau d\u00e9licate autour des yeux. Elle hydrate en profondeur et soutient la souplesse de la peau. Un complexe synergique de peptides revitalisants, d&rsquo;extraits botaniques, de vitamines et d&rsquo;illuminateurs naturels fait de","og_url":"https:\/\/www.cliniquegrace.ca\/fr\/produit\/complexe-acide-hyaluronique-peptide-pour-les-yeux-hyaluronic-acid-peptide-complex-for-eyes\/","og_site_name":"cliniquegrace","article_modified_time":"2025-05-22T17:49:36+00:00","og_image":[{"width":1019,"height":1024,"url":"https:\/\/www.cliniquegrace.ca\/wp-content\/uploads\/2025\/05\/Screen-Shot-2026-02-17-at-2.59.41-PM-1019x1024.png","type":"image\/png"}],"twitter_card":"summary_large_image","twitter_misc":{"Dur\u00e9e de lecture estim\u00e9e":"2 minutes"},"schema":{"@context":"https:\/\/schema.org","@graph":[{"@type":"WebPage","@id":"https:\/\/www.cliniquegrace.ca\/fr\/produit\/complexe-acide-hyaluronique-peptide-pour-les-yeux-hyaluronic-acid-peptide-complex-for-eyes\/","url":"https:\/\/www.cliniquegrace.ca\/fr\/produit\/complexe-acide-hyaluronique-peptide-pour-les-yeux-hyaluronic-acid-peptide-complex-for-eyes\/","name":"COMPLEXE ACIDE HYALURONIQUE + PEPTIDE POUR LES YEUX - cliniquegrace","isPartOf":{"@id":"https:\/\/www.cliniquegrace.ca\/#website"},"primaryImageOfPage":{"@id":"https:\/\/www.cliniquegrace.ca\/fr\/produit\/complexe-acide-hyaluronique-peptide-pour-les-yeux-hyaluronic-acid-peptide-complex-for-eyes\/#primaryimage"},"image":{"@id":"https:\/\/www.cliniquegrace.ca\/fr\/produit\/complexe-acide-hyaluronique-peptide-pour-les-yeux-hyaluronic-acid-peptide-complex-for-eyes\/#primaryimage"},"thumbnailUrl":"https:\/\/www.cliniquegrace.ca\/wp-content\/uploads\/2025\/05\/Screen-Shot-2026-02-17-at-2.59.41-PM.png","datePublished":"2025-05-04T13:00:03+00:00","dateModified":"2025-05-22T17:49:36+00:00","breadcrumb":{"@id":"https:\/\/www.cliniquegrace.ca\/fr\/produit\/complexe-acide-hyaluronique-peptide-pour-les-yeux-hyaluronic-acid-peptide-complex-for-eyes\/#breadcrumb"},"inLanguage":"fr-FR","potentialAction":[{"@type":"ReadAction","target":["https:\/\/www.cliniquegrace.ca\/fr\/produit\/complexe-acide-hyaluronique-peptide-pour-les-yeux-hyaluronic-acid-peptide-complex-for-eyes\/"]}]},{"@type":"ImageObject","inLanguage":"fr-FR","@id":"https:\/\/www.cliniquegrace.ca\/fr\/produit\/complexe-acide-hyaluronique-peptide-pour-les-yeux-hyaluronic-acid-peptide-complex-for-eyes\/#primaryimage","url":"https:\/\/www.cliniquegrace.ca\/wp-content\/uploads\/2025\/05\/Screen-Shot-2026-02-17-at-2.59.41-PM.png","contentUrl":"https:\/\/www.cliniquegrace.ca\/wp-content\/uploads\/2025\/05\/Screen-Shot-2026-02-17-at-2.59.41-PM.png","width":2118,"height":2129},{"@type":"BreadcrumbList","@id":"https:\/\/www.cliniquegrace.ca\/fr\/produit\/complexe-acide-hyaluronique-peptide-pour-les-yeux-hyaluronic-acid-peptide-complex-for-eyes\/#breadcrumb","itemListElement":[{"@type":"ListItem","position":1,"name":"Home","item":"https:\/\/www.cliniquegrace.ca\/fr\/"},{"@type":"ListItem","position":2,"name":"Boutique","item":"https:\/\/www.cliniquegrace.ca\/shop\/"},{"@type":"ListItem","position":3,"name":"COMPLEXE ACIDE HYALURONIQUE + PEPTIDE POUR LES YEUX"}]},{"@type":"WebSite","@id":"https:\/\/www.cliniquegrace.ca\/#website","url":"https:\/\/www.cliniquegrace.ca\/","name":"cliniquegrace","description":"","publisher":{"@id":"https:\/\/www.cliniquegrace.ca\/#organization"},"potentialAction":[{"@type":"SearchAction","target":{"@type":"EntryPoint","urlTemplate":"https:\/\/www.cliniquegrace.ca\/?s={search_term_string}"},"query-input":{"@type":"PropertyValueSpecification","valueRequired":true,"valueName":"search_term_string"}}],"inLanguage":"fr-FR"},{"@type":"Organization","@id":"https:\/\/www.cliniquegrace.ca\/#organization","name":"cliniquegrace","url":"https:\/\/www.cliniquegrace.ca\/","logo":{"@type":"ImageObject","inLanguage":"fr-FR","@id":"https:\/\/www.cliniquegrace.ca\/#\/schema\/logo\/image\/","url":"https:\/\/www.cliniquegrace.ca\/wp-content\/uploads\/2025\/04\/gree-logo.png","contentUrl":"https:\/\/www.cliniquegrace.ca\/wp-content\/uploads\/2025\/04\/gree-logo.png","width":875,"height":263,"caption":"cliniquegrace"},"image":{"@id":"https:\/\/www.cliniquegrace.ca\/#\/schema\/logo\/image\/"}}]}},"_links":{"self":[{"href":"https:\/\/www.cliniquegrace.ca\/fr\/wp-json\/wp\/v2\/product\/6860","targetHints":{"allow":["GET"]}}],"collection":[{"href":"https:\/\/www.cliniquegrace.ca\/fr\/wp-json\/wp\/v2\/product"}],"about":[{"href":"https:\/\/www.cliniquegrace.ca\/fr\/wp-json\/wp\/v2\/types\/product"}],"replies":[{"embeddable":true,"href":"https:\/\/www.cliniquegrace.ca\/fr\/wp-json\/wp\/v2\/comments?post=6860"}],"version-history":[{"count":3,"href":"https:\/\/www.cliniquegrace.ca\/fr\/wp-json\/wp\/v2\/product\/6860\/revisions"}],"predecessor-version":[{"id":7759,"href":"https:\/\/www.cliniquegrace.ca\/fr\/wp-json\/wp\/v2\/product\/6860\/revisions\/7759"}],"wp:featuredmedia":[{"embeddable":true,"href":"https:\/\/www.cliniquegrace.ca\/fr\/wp-json\/wp\/v2\/media\/8717"}],"wp:attachment":[{"href":"https:\/\/www.cliniquegrace.ca\/fr\/wp-json\/wp\/v2\/media?parent=6860"}],"wp:term":[{"taxonomy":"product_brand","embeddable":true,"href":"https:\/\/www.cliniquegrace.ca\/fr\/wp-json\/wp\/v2\/product_brand?post=6860"},{"taxonomy":"product_cat","embeddable":true,"href":"https:\/\/www.cliniquegrace.ca\/fr\/wp-json\/wp\/v2\/product_cat?post=6860"},{"taxonomy":"product_tag","embeddable":true,"href":"https:\/\/www.cliniquegrace.ca\/fr\/wp-json\/wp\/v2\/product_tag?post=6860"}],"curies":[{"name":"wp","href":"https:\/\/api.w.org\/{rel}","templated":true}]}}