{"id":6859,"date":"2025-05-04T13:00:05","date_gmt":"2025-05-04T13:00:05","guid":{"rendered":"https:\/\/www.cliniquegrace.ca\/product\/masque-purifiant-au-kaolin-purifying-kaolin-mask\/"},"modified":"2025-05-22T17:48:27","modified_gmt":"2025-05-22T17:48:27","slug":"masque-purifiant-au-kaolin-purifying-kaolin-mask","status":"publish","type":"product","link":"https:\/\/www.cliniquegrace.ca\/fr\/produit\/masque-purifiant-au-kaolin-purifying-kaolin-mask\/","title":{"rendered":"MASQUE PURIFIANT AU KAOLIN"},"content":{"rendered":"<p><strong>Masque Purifiant :<\/strong> Ce masque purifiant contient des argiles de Kaolin et Bentonite qui ciblent les impuret\u00e9s sur la peau, susceptibles de compromettre la clart\u00e9 naturelle. Infus\u00e9 d&rsquo;un complexe botanique brevet\u00e9, b\u00e9n\u00e9fique pour les types de peau ayant tendance \u00e0 \u00eatre gras, cet ingr\u00e9dient soutient l&rsquo;\u00e9quilibre hydrique de la peau. Les extraits botaniques de Gotu Kola, Clou de Girofle et Pr\u00eale amplifient et revitalisent la vitalit\u00e9 pour un \u00e9clat d&rsquo;apparence saine.<\/p>\n<p><strong>Mode d&#8217;emploi pour le client :<\/strong> Une \u00e0 deux fois par semaine. Apr\u00e8s avoir nettoy\u00e9 la peau, appliquez une couche uniforme sur le visage et le cou. Laissez poser pendant jusqu&rsquo;\u00e0 10 minutes. Le masque s\u00e8chera et se resserrera au fil du temps. Rincez abondamment \u00e0 l&rsquo;eau ti\u00e8de \u00e0 l&rsquo;aide d&rsquo;une \u00e9ponge pour le visage ou d&rsquo;un chiffon doux. Si un effet moins ass\u00e9chant est souhait\u00e9, gardez le masque humide et\/ou utilisez une couche plus fine de produit.<\/p>\n<p><strong>Mode d&#8217;emploi professionnel :<\/strong> Id\u00e9al pour les types de peau grasses et congestionn\u00e9es. Appliquez une fine couche uniforme sur le visage et le cou. Laissez agir pendant 10 \u00e0 15 minutes. Retirez soigneusement \u00e0 l&rsquo;aide d&rsquo;un linge humide ou d&rsquo;\u00e9ponges.<\/p>\n<p><strong>Ingr\u00e9dients du produit :<\/strong> Aqua (eau purifi\u00e9e), Kaolin, Illite, Bentonite, Glyc\u00e9rine, Argilla, Niacinamide, Copolym\u00e8re de Sodium Acrylates, Caf\u00e9ine, 1,2-Hexanediol, Caprylyl Glycol, L\u00e9cithine, Huile de Citrus Aurantifolia (citron vert), Gomme de Xanthane, Acide L\u00e9vulinique, Huile de Citrus Paradisi (pamplemousse), Acide Benzo\u00efque, Acide Sorbique, Extrait de Feuille de Equisetum Arvense (pr\u00eale), Extrait de Centella Asiatica, Tropolone, Extrait de Son de Oryza Sativa (riz), Extrait de Miel, Extrait de R\u00e9sine de Boswellia Serrata, Oligopeptide-10, Limon\u00e8ne.<\/p>\n<p><strong>pH :<\/strong> 6.5 &#8211; 7.5<\/p>\n<p><strong>Ingr\u00e9dients cl\u00e9s :<\/strong><\/p>\n<ul>\n<li><strong style=\"font-size: 16px;\">Granactive\u2122 ACNE :<\/strong><span style=\"font-size: 16px;\"> Un complexe actif qui favorise une peau d&rsquo;apparence saine. Il p\u00e9n\u00e8tre efficacement les pores pour des performances maximales et inclut des extraits de son de riz, de Boswellia Serrata et de miel pour apaiser et lisser la peau. Il a un effet b\u00e9n\u00e9fique sur l&rsquo;\u00e9piderme gr\u00e2ce \u00e0 son apport en phospholipides et c\u00e9ramides, ce qui permet de restaurer la structure typique \u00ab\u00a0brique et mortier\u00a0\u00bb de la peau.<\/span><\/li>\n<li><strong style=\"font-size: 16px;\">Niacinamide :<\/strong><span style=\"font-size: 16px;\"> Une forme de vitamine B3, une vitamine hydrosoluble. C&rsquo;est un agent conditionneur de la peau avec des propri\u00e9t\u00e9s lissantes.<\/span><\/li>\n<li><strong style=\"font-size: 16px;\">Argile Kaolin :<\/strong><span style=\"font-size: 16px;\"> Une argile blanche et douce contenant de tr\u00e8s faibles niveaux d&rsquo;\u00e9l\u00e9ments traces, y compris de faibles quantit\u00e9s de m\u00e9taux lourds.<\/span><\/li>\n<li><strong style=\"font-size: 16px;\">Bentonite :<\/strong><span style=\"font-size: 16px;\"> Un phyllosilicate d&rsquo;aluminium absorbant compos\u00e9 principalement de montmorillonite. La bentonite est connue pour sa capacit\u00e9 \u00e0 absorber et \u00e9liminer les toxines, les m\u00e9taux lourds, les impuret\u00e9s et les produits chimiques. L&rsquo;argile bentonite est la plus courante et la plus riche en min\u00e9raux. Elle poss\u00e8de une capacit\u00e9 d&rsquo;absorption significative, offrant des bienfaits purifiants et matifiants renforc\u00e9s.<\/span><\/li>\n<li><strong style=\"font-size: 16px;\">Caf\u00e9ine :<\/strong><span style=\"font-size: 16px;\"> Un antioxydant et un agent conditionneur de la peau.<\/span><\/li>\n<\/ul>\n","protected":false},"excerpt":{"rendered":"<p>Masque Purifiant : Ce masque purifiant contient des argiles de Kaolin et Bentonite qui ciblent les impuret\u00e9s sur la peau, susceptibles de compromettre la clart\u00e9 naturelle. Infus\u00e9 d&rsquo;un complexe botanique brevet\u00e9, b\u00e9n\u00e9fique pour les types de peau ayant tendance \u00e0 \u00eatre gras, cet ingr\u00e9dient soutient l&rsquo;\u00e9quilibre hydrique de la peau. Les extraits botaniques de Gotu<\/p>\n","protected":false},"featured_media":8715,"comment_status":"closed","ping_status":"closed","template":"","meta":{"site-sidebar-layout":"default","site-content-layout":"","ast-site-content-layout":"default","site-content-style":"default","site-sidebar-style":"default","ast-global-header-display":"","ast-banner-title-visibility":"","ast-main-header-display":"","ast-hfb-above-header-display":"","ast-hfb-below-header-display":"","ast-hfb-mobile-header-display":"","site-post-title":"","ast-breadcrumbs-content":"","ast-featured-img":"","footer-sml-layout":"","ast-disable-related-posts":"","theme-transparent-header-meta":"default","adv-header-id-meta":"","stick-header-meta":"default","header-above-stick-meta":"","header-main-stick-meta":"","header-below-stick-meta":"","astra-migrate-meta-layouts":"set","ast-page-background-enabled":"default","ast-page-background-meta":{"desktop":{"background-color":"var(--ast-global-color-4)","background-image":"","background-repeat":"repeat","background-position":"center center","background-size":"auto","background-attachment":"scroll","background-type":"","background-media":"","overlay-type":"","overlay-color":"","overlay-opacity":"","overlay-gradient":""},"tablet":{"background-color":"","background-image":"","background-repeat":"repeat","background-position":"center center","background-size":"auto","background-attachment":"scroll","background-type":"","background-media":"","overlay-type":"","overlay-color":"","overlay-opacity":"","overlay-gradient":""},"mobile":{"background-color":"","background-image":"","background-repeat":"repeat","background-position":"center center","background-size":"auto","background-attachment":"scroll","background-type":"","background-media":"","overlay-type":"","overlay-color":"","overlay-opacity":"","overlay-gradient":""}},"ast-content-background-meta":{"desktop":{"background-color":"var(--ast-global-color-5)","background-image":"","background-repeat":"repeat","background-position":"center center","background-size":"auto","background-attachment":"scroll","background-type":"","background-media":"","overlay-type":"","overlay-color":"","overlay-opacity":"","overlay-gradient":""},"tablet":{"background-color":"var(--ast-global-color-5)","background-image":"","background-repeat":"repeat","background-position":"center center","background-size":"auto","background-attachment":"scroll","background-type":"","background-media":"","overlay-type":"","overlay-color":"","overlay-opacity":"","overlay-gradient":""},"mobile":{"background-color":"var(--ast-global-color-5)","background-image":"","background-repeat":"repeat","background-position":"center center","background-size":"auto","background-attachment":"scroll","background-type":"","background-media":"","overlay-type":"","overlay-color":"","overlay-opacity":"","overlay-gradient":""}}},"product_brand":[],"product_cat":[101,102],"product_tag":[],"class_list":{"0":"post-6859","1":"product","2":"type-product","3":"status-publish","4":"has-post-thumbnail","6":"product_cat-mask-fr","7":"product_cat-masque-fr","8":"pa_brand-grace-fr","9":"pa_milliliters-60-00-fr","10":"desktop-align-left","11":"tablet-align-left","12":"mobile-align-left","13":"ast-product-gallery-layout-horizontal-slider","14":"ast-product-gallery-with-no-image","15":"ast-product-tabs-layout-horizontal","17":"first","18":"instock","19":"taxable","20":"shipping-taxable","21":"purchasable","22":"product-type-simple"},"yoast_head":"<!-- This site is optimized with the Yoast SEO plugin v27.1.1 - https:\/\/yoast.com\/product\/yoast-seo-wordpress\/ -->\n<title>MASQUE PURIFIANT AU KAOLIN - cliniquegrace<\/title>\n<meta name=\"robots\" content=\"index, follow, max-snippet:-1, max-image-preview:large, max-video-preview:-1\" \/>\n<link rel=\"canonical\" href=\"https:\/\/www.cliniquegrace.ca\/fr\/produit\/masque-purifiant-au-kaolin-purifying-kaolin-mask\/\" \/>\n<meta property=\"og:locale\" content=\"fr_FR\" \/>\n<meta property=\"og:type\" content=\"article\" \/>\n<meta property=\"og:title\" content=\"MASQUE PURIFIANT AU KAOLIN - cliniquegrace\" \/>\n<meta property=\"og:description\" content=\"Masque Purifiant : Ce masque purifiant contient des argiles de Kaolin et Bentonite qui ciblent les impuret\u00e9s sur la peau, susceptibles de compromettre la clart\u00e9 naturelle. Infus\u00e9 d&rsquo;un complexe botanique brevet\u00e9, b\u00e9n\u00e9fique pour les types de peau ayant tendance \u00e0 \u00eatre gras, cet ingr\u00e9dient soutient l&rsquo;\u00e9quilibre hydrique de la peau. Les extraits botaniques de Gotu\" \/>\n<meta property=\"og:url\" content=\"https:\/\/www.cliniquegrace.ca\/fr\/produit\/masque-purifiant-au-kaolin-purifying-kaolin-mask\/\" \/>\n<meta property=\"og:site_name\" content=\"cliniquegrace\" \/>\n<meta property=\"article:modified_time\" content=\"2025-05-22T17:48:27+00:00\" \/>\n<meta property=\"og:image\" content=\"https:\/\/www.cliniquegrace.ca\/wp-content\/uploads\/2025\/05\/Screen-Shot-2026-02-17-at-2.56.19-PM-1024x990.png\" \/>\n\t<meta property=\"og:image:width\" content=\"1024\" \/>\n\t<meta property=\"og:image:height\" content=\"990\" \/>\n\t<meta property=\"og:image:type\" content=\"image\/png\" \/>\n<meta name=\"twitter:card\" content=\"summary_large_image\" \/>\n<meta name=\"twitter:label1\" content=\"Dur\u00e9e de lecture estim\u00e9e\" \/>\n\t<meta name=\"twitter:data1\" content=\"2 minutes\" \/>\n<script type=\"application\/ld+json\" class=\"yoast-schema-graph\">{\"@context\":\"https:\/\/schema.org\",\"@graph\":[{\"@type\":\"WebPage\",\"@id\":\"https:\/\/www.cliniquegrace.ca\/fr\/produit\/masque-purifiant-au-kaolin-purifying-kaolin-mask\/\",\"url\":\"https:\/\/www.cliniquegrace.ca\/fr\/produit\/masque-purifiant-au-kaolin-purifying-kaolin-mask\/\",\"name\":\"MASQUE PURIFIANT AU KAOLIN - cliniquegrace\",\"isPartOf\":{\"@id\":\"https:\/\/www.cliniquegrace.ca\/#website\"},\"primaryImageOfPage\":{\"@id\":\"https:\/\/www.cliniquegrace.ca\/fr\/produit\/masque-purifiant-au-kaolin-purifying-kaolin-mask\/#primaryimage\"},\"image\":{\"@id\":\"https:\/\/www.cliniquegrace.ca\/fr\/produit\/masque-purifiant-au-kaolin-purifying-kaolin-mask\/#primaryimage\"},\"thumbnailUrl\":\"https:\/\/www.cliniquegrace.ca\/wp-content\/uploads\/2025\/05\/Screen-Shot-2026-02-17-at-2.56.19-PM.png\",\"datePublished\":\"2025-05-04T13:00:05+00:00\",\"dateModified\":\"2025-05-22T17:48:27+00:00\",\"breadcrumb\":{\"@id\":\"https:\/\/www.cliniquegrace.ca\/fr\/produit\/masque-purifiant-au-kaolin-purifying-kaolin-mask\/#breadcrumb\"},\"inLanguage\":\"fr-FR\",\"potentialAction\":[{\"@type\":\"ReadAction\",\"target\":[\"https:\/\/www.cliniquegrace.ca\/fr\/produit\/masque-purifiant-au-kaolin-purifying-kaolin-mask\/\"]}]},{\"@type\":\"ImageObject\",\"inLanguage\":\"fr-FR\",\"@id\":\"https:\/\/www.cliniquegrace.ca\/fr\/produit\/masque-purifiant-au-kaolin-purifying-kaolin-mask\/#primaryimage\",\"url\":\"https:\/\/www.cliniquegrace.ca\/wp-content\/uploads\/2025\/05\/Screen-Shot-2026-02-17-at-2.56.19-PM.png\",\"contentUrl\":\"https:\/\/www.cliniquegrace.ca\/wp-content\/uploads\/2025\/05\/Screen-Shot-2026-02-17-at-2.56.19-PM.png\",\"width\":2262,\"height\":2187},{\"@type\":\"BreadcrumbList\",\"@id\":\"https:\/\/www.cliniquegrace.ca\/fr\/produit\/masque-purifiant-au-kaolin-purifying-kaolin-mask\/#breadcrumb\",\"itemListElement\":[{\"@type\":\"ListItem\",\"position\":1,\"name\":\"Home\",\"item\":\"https:\/\/www.cliniquegrace.ca\/fr\/\"},{\"@type\":\"ListItem\",\"position\":2,\"name\":\"Boutique\",\"item\":\"https:\/\/www.cliniquegrace.ca\/shop\/\"},{\"@type\":\"ListItem\",\"position\":3,\"name\":\"MASQUE PURIFIANT AU KAOLIN\"}]},{\"@type\":\"WebSite\",\"@id\":\"https:\/\/www.cliniquegrace.ca\/#website\",\"url\":\"https:\/\/www.cliniquegrace.ca\/\",\"name\":\"cliniquegrace\",\"description\":\"\",\"publisher\":{\"@id\":\"https:\/\/www.cliniquegrace.ca\/#organization\"},\"potentialAction\":[{\"@type\":\"SearchAction\",\"target\":{\"@type\":\"EntryPoint\",\"urlTemplate\":\"https:\/\/www.cliniquegrace.ca\/?s={search_term_string}\"},\"query-input\":{\"@type\":\"PropertyValueSpecification\",\"valueRequired\":true,\"valueName\":\"search_term_string\"}}],\"inLanguage\":\"fr-FR\"},{\"@type\":\"Organization\",\"@id\":\"https:\/\/www.cliniquegrace.ca\/#organization\",\"name\":\"cliniquegrace\",\"url\":\"https:\/\/www.cliniquegrace.ca\/\",\"logo\":{\"@type\":\"ImageObject\",\"inLanguage\":\"fr-FR\",\"@id\":\"https:\/\/www.cliniquegrace.ca\/#\/schema\/logo\/image\/\",\"url\":\"https:\/\/www.cliniquegrace.ca\/wp-content\/uploads\/2025\/04\/gree-logo.png\",\"contentUrl\":\"https:\/\/www.cliniquegrace.ca\/wp-content\/uploads\/2025\/04\/gree-logo.png\",\"width\":875,\"height\":263,\"caption\":\"cliniquegrace\"},\"image\":{\"@id\":\"https:\/\/www.cliniquegrace.ca\/#\/schema\/logo\/image\/\"}}]}<\/script>\n<!-- \/ Yoast SEO plugin. -->","yoast_head_json":{"title":"MASQUE PURIFIANT AU KAOLIN - cliniquegrace","robots":{"index":"index","follow":"follow","max-snippet":"max-snippet:-1","max-image-preview":"max-image-preview:large","max-video-preview":"max-video-preview:-1"},"canonical":"https:\/\/www.cliniquegrace.ca\/fr\/produit\/masque-purifiant-au-kaolin-purifying-kaolin-mask\/","og_locale":"fr_FR","og_type":"article","og_title":"MASQUE PURIFIANT AU KAOLIN - cliniquegrace","og_description":"Masque Purifiant : Ce masque purifiant contient des argiles de Kaolin et Bentonite qui ciblent les impuret\u00e9s sur la peau, susceptibles de compromettre la clart\u00e9 naturelle. Infus\u00e9 d&rsquo;un complexe botanique brevet\u00e9, b\u00e9n\u00e9fique pour les types de peau ayant tendance \u00e0 \u00eatre gras, cet ingr\u00e9dient soutient l&rsquo;\u00e9quilibre hydrique de la peau. Les extraits botaniques de Gotu","og_url":"https:\/\/www.cliniquegrace.ca\/fr\/produit\/masque-purifiant-au-kaolin-purifying-kaolin-mask\/","og_site_name":"cliniquegrace","article_modified_time":"2025-05-22T17:48:27+00:00","og_image":[{"width":1024,"height":990,"url":"https:\/\/www.cliniquegrace.ca\/wp-content\/uploads\/2025\/05\/Screen-Shot-2026-02-17-at-2.56.19-PM-1024x990.png","type":"image\/png"}],"twitter_card":"summary_large_image","twitter_misc":{"Dur\u00e9e de lecture estim\u00e9e":"2 minutes"},"schema":{"@context":"https:\/\/schema.org","@graph":[{"@type":"WebPage","@id":"https:\/\/www.cliniquegrace.ca\/fr\/produit\/masque-purifiant-au-kaolin-purifying-kaolin-mask\/","url":"https:\/\/www.cliniquegrace.ca\/fr\/produit\/masque-purifiant-au-kaolin-purifying-kaolin-mask\/","name":"MASQUE PURIFIANT AU KAOLIN - cliniquegrace","isPartOf":{"@id":"https:\/\/www.cliniquegrace.ca\/#website"},"primaryImageOfPage":{"@id":"https:\/\/www.cliniquegrace.ca\/fr\/produit\/masque-purifiant-au-kaolin-purifying-kaolin-mask\/#primaryimage"},"image":{"@id":"https:\/\/www.cliniquegrace.ca\/fr\/produit\/masque-purifiant-au-kaolin-purifying-kaolin-mask\/#primaryimage"},"thumbnailUrl":"https:\/\/www.cliniquegrace.ca\/wp-content\/uploads\/2025\/05\/Screen-Shot-2026-02-17-at-2.56.19-PM.png","datePublished":"2025-05-04T13:00:05+00:00","dateModified":"2025-05-22T17:48:27+00:00","breadcrumb":{"@id":"https:\/\/www.cliniquegrace.ca\/fr\/produit\/masque-purifiant-au-kaolin-purifying-kaolin-mask\/#breadcrumb"},"inLanguage":"fr-FR","potentialAction":[{"@type":"ReadAction","target":["https:\/\/www.cliniquegrace.ca\/fr\/produit\/masque-purifiant-au-kaolin-purifying-kaolin-mask\/"]}]},{"@type":"ImageObject","inLanguage":"fr-FR","@id":"https:\/\/www.cliniquegrace.ca\/fr\/produit\/masque-purifiant-au-kaolin-purifying-kaolin-mask\/#primaryimage","url":"https:\/\/www.cliniquegrace.ca\/wp-content\/uploads\/2025\/05\/Screen-Shot-2026-02-17-at-2.56.19-PM.png","contentUrl":"https:\/\/www.cliniquegrace.ca\/wp-content\/uploads\/2025\/05\/Screen-Shot-2026-02-17-at-2.56.19-PM.png","width":2262,"height":2187},{"@type":"BreadcrumbList","@id":"https:\/\/www.cliniquegrace.ca\/fr\/produit\/masque-purifiant-au-kaolin-purifying-kaolin-mask\/#breadcrumb","itemListElement":[{"@type":"ListItem","position":1,"name":"Home","item":"https:\/\/www.cliniquegrace.ca\/fr\/"},{"@type":"ListItem","position":2,"name":"Boutique","item":"https:\/\/www.cliniquegrace.ca\/shop\/"},{"@type":"ListItem","position":3,"name":"MASQUE PURIFIANT AU KAOLIN"}]},{"@type":"WebSite","@id":"https:\/\/www.cliniquegrace.ca\/#website","url":"https:\/\/www.cliniquegrace.ca\/","name":"cliniquegrace","description":"","publisher":{"@id":"https:\/\/www.cliniquegrace.ca\/#organization"},"potentialAction":[{"@type":"SearchAction","target":{"@type":"EntryPoint","urlTemplate":"https:\/\/www.cliniquegrace.ca\/?s={search_term_string}"},"query-input":{"@type":"PropertyValueSpecification","valueRequired":true,"valueName":"search_term_string"}}],"inLanguage":"fr-FR"},{"@type":"Organization","@id":"https:\/\/www.cliniquegrace.ca\/#organization","name":"cliniquegrace","url":"https:\/\/www.cliniquegrace.ca\/","logo":{"@type":"ImageObject","inLanguage":"fr-FR","@id":"https:\/\/www.cliniquegrace.ca\/#\/schema\/logo\/image\/","url":"https:\/\/www.cliniquegrace.ca\/wp-content\/uploads\/2025\/04\/gree-logo.png","contentUrl":"https:\/\/www.cliniquegrace.ca\/wp-content\/uploads\/2025\/04\/gree-logo.png","width":875,"height":263,"caption":"cliniquegrace"},"image":{"@id":"https:\/\/www.cliniquegrace.ca\/#\/schema\/logo\/image\/"}}]}},"_links":{"self":[{"href":"https:\/\/www.cliniquegrace.ca\/fr\/wp-json\/wp\/v2\/product\/6859","targetHints":{"allow":["GET"]}}],"collection":[{"href":"https:\/\/www.cliniquegrace.ca\/fr\/wp-json\/wp\/v2\/product"}],"about":[{"href":"https:\/\/www.cliniquegrace.ca\/fr\/wp-json\/wp\/v2\/types\/product"}],"replies":[{"embeddable":true,"href":"https:\/\/www.cliniquegrace.ca\/fr\/wp-json\/wp\/v2\/comments?post=6859"}],"version-history":[{"count":4,"href":"https:\/\/www.cliniquegrace.ca\/fr\/wp-json\/wp\/v2\/product\/6859\/revisions"}],"predecessor-version":[{"id":7758,"href":"https:\/\/www.cliniquegrace.ca\/fr\/wp-json\/wp\/v2\/product\/6859\/revisions\/7758"}],"wp:featuredmedia":[{"embeddable":true,"href":"https:\/\/www.cliniquegrace.ca\/fr\/wp-json\/wp\/v2\/media\/8715"}],"wp:attachment":[{"href":"https:\/\/www.cliniquegrace.ca\/fr\/wp-json\/wp\/v2\/media?parent=6859"}],"wp:term":[{"taxonomy":"product_brand","embeddable":true,"href":"https:\/\/www.cliniquegrace.ca\/fr\/wp-json\/wp\/v2\/product_brand?post=6859"},{"taxonomy":"product_cat","embeddable":true,"href":"https:\/\/www.cliniquegrace.ca\/fr\/wp-json\/wp\/v2\/product_cat?post=6859"},{"taxonomy":"product_tag","embeddable":true,"href":"https:\/\/www.cliniquegrace.ca\/fr\/wp-json\/wp\/v2\/product_tag?post=6859"}],"curies":[{"name":"wp","href":"https:\/\/api.w.org\/{rel}","templated":true}]}}