{"id":6856,"date":"2025-05-04T13:00:09","date_gmt":"2025-05-04T13:00:09","guid":{"rendered":"https:\/\/www.cliniquegrace.ca\/product\/serum-azapure-azapure-serum\/"},"modified":"2025-05-22T17:28:27","modified_gmt":"2025-05-22T17:28:27","slug":"serum-azapure-azapure-serum","status":"publish","type":"product","link":"https:\/\/www.cliniquegrace.ca\/fr\/produit\/serum-azapure-azapure-serum\/","title":{"rendered":"S\u00c9RUM AZAPURE"},"content":{"rendered":"<p>Ce s\u00e9rum clarifiant contient de l&rsquo;acide lactique exfoliant, de l&rsquo;acide salicylique purifiant, de l&rsquo;acide az\u00e9la\u00efque illuminant et de la vitamine B3. Le soufre et les extraits de fruit de tomate nourrissent et clarifient, tandis que l&rsquo;alcool de citron bio astringent rafra\u00eechit et favorise l&rsquo;\u00e9quilibre hydrique.<\/p>\n<p><strong>Utilisation client :<\/strong> AM et PM. Appliquez 2 \u00e0 3 gouttes de s\u00e9rum sur le visage et le d\u00e9collet\u00e9 apr\u00e8s avoir nettoy\u00e9 soigneusement la peau. Laissez absorber.<\/p>\n","protected":false},"excerpt":{"rendered":"<p>Ce s\u00e9rum clarifiant contient de l&rsquo;acide lactique exfoliant, de l&rsquo;acide salicylique purifiant, de l&rsquo;acide az\u00e9la\u00efque illuminant et de la vitamine B3. Le soufre et les extraits de fruit de tomate nourrissent et clarifient, tandis que l&rsquo;alcool de citron bio astringent rafra\u00eechit et favorise l&rsquo;\u00e9quilibre hydrique. Utilisation client : AM et PM. Appliquez 2 \u00e0 3<\/p>\n","protected":false},"featured_media":8709,"comment_status":"closed","ping_status":"closed","template":"","meta":{"site-sidebar-layout":"default","site-content-layout":"","ast-site-content-layout":"default","site-content-style":"default","site-sidebar-style":"default","ast-global-header-display":"","ast-banner-title-visibility":"","ast-main-header-display":"","ast-hfb-above-header-display":"","ast-hfb-below-header-display":"","ast-hfb-mobile-header-display":"","site-post-title":"","ast-breadcrumbs-content":"","ast-featured-img":"","footer-sml-layout":"","ast-disable-related-posts":"","theme-transparent-header-meta":"default","adv-header-id-meta":"","stick-header-meta":"default","header-above-stick-meta":"","header-main-stick-meta":"","header-below-stick-meta":"","astra-migrate-meta-layouts":"set","ast-page-background-enabled":"default","ast-page-background-meta":{"desktop":{"background-color":"var(--ast-global-color-4)","background-image":"","background-repeat":"repeat","background-position":"center center","background-size":"auto","background-attachment":"scroll","background-type":"","background-media":"","overlay-type":"","overlay-color":"","overlay-opacity":"","overlay-gradient":""},"tablet":{"background-color":"","background-image":"","background-repeat":"repeat","background-position":"center center","background-size":"auto","background-attachment":"scroll","background-type":"","background-media":"","overlay-type":"","overlay-color":"","overlay-opacity":"","overlay-gradient":""},"mobile":{"background-color":"","background-image":"","background-repeat":"repeat","background-position":"center center","background-size":"auto","background-attachment":"scroll","background-type":"","background-media":"","overlay-type":"","overlay-color":"","overlay-opacity":"","overlay-gradient":""}},"ast-content-background-meta":{"desktop":{"background-color":"var(--ast-global-color-5)","background-image":"","background-repeat":"repeat","background-position":"center center","background-size":"auto","background-attachment":"scroll","background-type":"","background-media":"","overlay-type":"","overlay-color":"","overlay-opacity":"","overlay-gradient":""},"tablet":{"background-color":"var(--ast-global-color-5)","background-image":"","background-repeat":"repeat","background-position":"center center","background-size":"auto","background-attachment":"scroll","background-type":"","background-media":"","overlay-type":"","overlay-color":"","overlay-opacity":"","overlay-gradient":""},"mobile":{"background-color":"var(--ast-global-color-5)","background-image":"","background-repeat":"repeat","background-position":"center center","background-size":"auto","background-attachment":"scroll","background-type":"","background-media":"","overlay-type":"","overlay-color":"","overlay-opacity":"","overlay-gradient":""}}},"product_brand":[],"product_cat":[115],"product_tag":[],"class_list":{"0":"post-6856","1":"product","2":"type-product","3":"status-publish","4":"has-post-thumbnail","6":"product_cat-serum-fr","7":"pa_brand-grace-fr","8":"pa_milliliters-30-00-fr","9":"desktop-align-left","10":"tablet-align-left","11":"mobile-align-left","12":"ast-product-gallery-layout-horizontal-slider","13":"ast-product-gallery-with-no-image","14":"ast-product-tabs-layout-horizontal","16":"first","17":"instock","18":"taxable","19":"shipping-taxable","20":"purchasable","21":"product-type-simple"},"yoast_head":"<!-- This site is optimized with the Yoast SEO plugin v27.1.1 - https:\/\/yoast.com\/product\/yoast-seo-wordpress\/ -->\n<title>S\u00c9RUM AZAPURE - cliniquegrace<\/title>\n<meta name=\"robots\" content=\"index, follow, max-snippet:-1, max-image-preview:large, max-video-preview:-1\" \/>\n<link rel=\"canonical\" href=\"https:\/\/www.cliniquegrace.ca\/produit\/serum-azapure-azapure-serum\/\" \/>\n<meta property=\"og:locale\" content=\"fr_FR\" \/>\n<meta property=\"og:type\" content=\"article\" \/>\n<meta property=\"og:title\" content=\"S\u00c9RUM AZAPURE - cliniquegrace\" \/>\n<meta property=\"og:description\" content=\"Ce s\u00e9rum clarifiant contient de l&rsquo;acide lactique exfoliant, de l&rsquo;acide salicylique purifiant, de l&rsquo;acide az\u00e9la\u00efque illuminant et de la vitamine B3. Le soufre et les extraits de fruit de tomate nourrissent et clarifient, tandis que l&rsquo;alcool de citron bio astringent rafra\u00eechit et favorise l&rsquo;\u00e9quilibre hydrique. Utilisation client : AM et PM. Appliquez 2 \u00e0 3\" \/>\n<meta property=\"og:url\" content=\"https:\/\/www.cliniquegrace.ca\/produit\/serum-azapure-azapure-serum\/\" \/>\n<meta property=\"og:site_name\" content=\"cliniquegrace\" \/>\n<meta property=\"article:modified_time\" content=\"2025-05-22T17:28:27+00:00\" \/>\n<meta property=\"og:image\" content=\"https:\/\/www.cliniquegrace.ca\/wp-content\/uploads\/2025\/05\/30.jpg\" \/>\n\t<meta property=\"og:image:width\" content=\"884\" \/>\n\t<meta property=\"og:image:height\" content=\"769\" \/>\n\t<meta property=\"og:image:type\" content=\"image\/jpeg\" \/>\n<meta name=\"twitter:card\" content=\"summary_large_image\" \/>\n<script type=\"application\/ld+json\" class=\"yoast-schema-graph\">{\"@context\":\"https:\/\/schema.org\",\"@graph\":[{\"@type\":\"WebPage\",\"@id\":\"https:\/\/www.cliniquegrace.ca\/produit\/serum-azapure-azapure-serum\/\",\"url\":\"https:\/\/www.cliniquegrace.ca\/produit\/serum-azapure-azapure-serum\/\",\"name\":\"S\u00c9RUM AZAPURE - cliniquegrace\",\"isPartOf\":{\"@id\":\"https:\/\/www.cliniquegrace.ca\/#website\"},\"primaryImageOfPage\":{\"@id\":\"https:\/\/www.cliniquegrace.ca\/produit\/serum-azapure-azapure-serum\/#primaryimage\"},\"image\":{\"@id\":\"https:\/\/www.cliniquegrace.ca\/produit\/serum-azapure-azapure-serum\/#primaryimage\"},\"thumbnailUrl\":\"https:\/\/www.cliniquegrace.ca\/wp-content\/uploads\/2025\/05\/Screen-Shot-2026-02-17-at-2.45.35-PM.png\",\"datePublished\":\"2025-05-04T13:00:09+00:00\",\"dateModified\":\"2025-05-22T17:28:27+00:00\",\"breadcrumb\":{\"@id\":\"https:\/\/www.cliniquegrace.ca\/produit\/serum-azapure-azapure-serum\/#breadcrumb\"},\"inLanguage\":\"fr-FR\",\"potentialAction\":[{\"@type\":\"ReadAction\",\"target\":[\"https:\/\/www.cliniquegrace.ca\/produit\/serum-azapure-azapure-serum\/\"]}]},{\"@type\":\"ImageObject\",\"inLanguage\":\"fr-FR\",\"@id\":\"https:\/\/www.cliniquegrace.ca\/produit\/serum-azapure-azapure-serum\/#primaryimage\",\"url\":\"https:\/\/www.cliniquegrace.ca\/wp-content\/uploads\/2025\/05\/Screen-Shot-2026-02-17-at-2.45.35-PM.png\",\"contentUrl\":\"https:\/\/www.cliniquegrace.ca\/wp-content\/uploads\/2025\/05\/Screen-Shot-2026-02-17-at-2.45.35-PM.png\",\"width\":1757,\"height\":1721},{\"@type\":\"BreadcrumbList\",\"@id\":\"https:\/\/www.cliniquegrace.ca\/produit\/serum-azapure-azapure-serum\/#breadcrumb\",\"itemListElement\":[{\"@type\":\"ListItem\",\"position\":1,\"name\":\"Home\",\"item\":\"https:\/\/www.cliniquegrace.ca\/fr\/\"},{\"@type\":\"ListItem\",\"position\":2,\"name\":\"Boutique\",\"item\":\"https:\/\/www.cliniquegrace.ca\/shop\/\"},{\"@type\":\"ListItem\",\"position\":3,\"name\":\"S\u00c9RUM AZAPURE\"}]},{\"@type\":\"WebSite\",\"@id\":\"https:\/\/www.cliniquegrace.ca\/#website\",\"url\":\"https:\/\/www.cliniquegrace.ca\/\",\"name\":\"cliniquegrace\",\"description\":\"\",\"publisher\":{\"@id\":\"https:\/\/www.cliniquegrace.ca\/#organization\"},\"potentialAction\":[{\"@type\":\"SearchAction\",\"target\":{\"@type\":\"EntryPoint\",\"urlTemplate\":\"https:\/\/www.cliniquegrace.ca\/?s={search_term_string}\"},\"query-input\":{\"@type\":\"PropertyValueSpecification\",\"valueRequired\":true,\"valueName\":\"search_term_string\"}}],\"inLanguage\":\"fr-FR\"},{\"@type\":\"Organization\",\"@id\":\"https:\/\/www.cliniquegrace.ca\/#organization\",\"name\":\"cliniquegrace\",\"url\":\"https:\/\/www.cliniquegrace.ca\/\",\"logo\":{\"@type\":\"ImageObject\",\"inLanguage\":\"fr-FR\",\"@id\":\"https:\/\/www.cliniquegrace.ca\/#\/schema\/logo\/image\/\",\"url\":\"https:\/\/www.cliniquegrace.ca\/wp-content\/uploads\/2025\/04\/gree-logo.png\",\"contentUrl\":\"https:\/\/www.cliniquegrace.ca\/wp-content\/uploads\/2025\/04\/gree-logo.png\",\"width\":875,\"height\":263,\"caption\":\"cliniquegrace\"},\"image\":{\"@id\":\"https:\/\/www.cliniquegrace.ca\/#\/schema\/logo\/image\/\"}}]}<\/script>\n<!-- \/ Yoast SEO plugin. -->","yoast_head_json":{"title":"S\u00c9RUM AZAPURE - cliniquegrace","robots":{"index":"index","follow":"follow","max-snippet":"max-snippet:-1","max-image-preview":"max-image-preview:large","max-video-preview":"max-video-preview:-1"},"canonical":"https:\/\/www.cliniquegrace.ca\/produit\/serum-azapure-azapure-serum\/","og_locale":"fr_FR","og_type":"article","og_title":"S\u00c9RUM AZAPURE - cliniquegrace","og_description":"Ce s\u00e9rum clarifiant contient de l&rsquo;acide lactique exfoliant, de l&rsquo;acide salicylique purifiant, de l&rsquo;acide az\u00e9la\u00efque illuminant et de la vitamine B3. Le soufre et les extraits de fruit de tomate nourrissent et clarifient, tandis que l&rsquo;alcool de citron bio astringent rafra\u00eechit et favorise l&rsquo;\u00e9quilibre hydrique. Utilisation client : AM et PM. Appliquez 2 \u00e0 3","og_url":"https:\/\/www.cliniquegrace.ca\/produit\/serum-azapure-azapure-serum\/","og_site_name":"cliniquegrace","article_modified_time":"2025-05-22T17:28:27+00:00","og_image":[{"width":884,"height":769,"url":"https:\/\/www.cliniquegrace.ca\/wp-content\/uploads\/2025\/05\/30.jpg","type":"image\/jpeg"}],"twitter_card":"summary_large_image","schema":{"@context":"https:\/\/schema.org","@graph":[{"@type":"WebPage","@id":"https:\/\/www.cliniquegrace.ca\/produit\/serum-azapure-azapure-serum\/","url":"https:\/\/www.cliniquegrace.ca\/produit\/serum-azapure-azapure-serum\/","name":"S\u00c9RUM AZAPURE - cliniquegrace","isPartOf":{"@id":"https:\/\/www.cliniquegrace.ca\/#website"},"primaryImageOfPage":{"@id":"https:\/\/www.cliniquegrace.ca\/produit\/serum-azapure-azapure-serum\/#primaryimage"},"image":{"@id":"https:\/\/www.cliniquegrace.ca\/produit\/serum-azapure-azapure-serum\/#primaryimage"},"thumbnailUrl":"https:\/\/www.cliniquegrace.ca\/wp-content\/uploads\/2025\/05\/Screen-Shot-2026-02-17-at-2.45.35-PM.png","datePublished":"2025-05-04T13:00:09+00:00","dateModified":"2025-05-22T17:28:27+00:00","breadcrumb":{"@id":"https:\/\/www.cliniquegrace.ca\/produit\/serum-azapure-azapure-serum\/#breadcrumb"},"inLanguage":"fr-FR","potentialAction":[{"@type":"ReadAction","target":["https:\/\/www.cliniquegrace.ca\/produit\/serum-azapure-azapure-serum\/"]}]},{"@type":"ImageObject","inLanguage":"fr-FR","@id":"https:\/\/www.cliniquegrace.ca\/produit\/serum-azapure-azapure-serum\/#primaryimage","url":"https:\/\/www.cliniquegrace.ca\/wp-content\/uploads\/2025\/05\/Screen-Shot-2026-02-17-at-2.45.35-PM.png","contentUrl":"https:\/\/www.cliniquegrace.ca\/wp-content\/uploads\/2025\/05\/Screen-Shot-2026-02-17-at-2.45.35-PM.png","width":1757,"height":1721},{"@type":"BreadcrumbList","@id":"https:\/\/www.cliniquegrace.ca\/produit\/serum-azapure-azapure-serum\/#breadcrumb","itemListElement":[{"@type":"ListItem","position":1,"name":"Home","item":"https:\/\/www.cliniquegrace.ca\/fr\/"},{"@type":"ListItem","position":2,"name":"Boutique","item":"https:\/\/www.cliniquegrace.ca\/shop\/"},{"@type":"ListItem","position":3,"name":"S\u00c9RUM AZAPURE"}]},{"@type":"WebSite","@id":"https:\/\/www.cliniquegrace.ca\/#website","url":"https:\/\/www.cliniquegrace.ca\/","name":"cliniquegrace","description":"","publisher":{"@id":"https:\/\/www.cliniquegrace.ca\/#organization"},"potentialAction":[{"@type":"SearchAction","target":{"@type":"EntryPoint","urlTemplate":"https:\/\/www.cliniquegrace.ca\/?s={search_term_string}"},"query-input":{"@type":"PropertyValueSpecification","valueRequired":true,"valueName":"search_term_string"}}],"inLanguage":"fr-FR"},{"@type":"Organization","@id":"https:\/\/www.cliniquegrace.ca\/#organization","name":"cliniquegrace","url":"https:\/\/www.cliniquegrace.ca\/","logo":{"@type":"ImageObject","inLanguage":"fr-FR","@id":"https:\/\/www.cliniquegrace.ca\/#\/schema\/logo\/image\/","url":"https:\/\/www.cliniquegrace.ca\/wp-content\/uploads\/2025\/04\/gree-logo.png","contentUrl":"https:\/\/www.cliniquegrace.ca\/wp-content\/uploads\/2025\/04\/gree-logo.png","width":875,"height":263,"caption":"cliniquegrace"},"image":{"@id":"https:\/\/www.cliniquegrace.ca\/#\/schema\/logo\/image\/"}}]}},"_links":{"self":[{"href":"https:\/\/www.cliniquegrace.ca\/fr\/wp-json\/wp\/v2\/product\/6856","targetHints":{"allow":["GET"]}}],"collection":[{"href":"https:\/\/www.cliniquegrace.ca\/fr\/wp-json\/wp\/v2\/product"}],"about":[{"href":"https:\/\/www.cliniquegrace.ca\/fr\/wp-json\/wp\/v2\/types\/product"}],"replies":[{"embeddable":true,"href":"https:\/\/www.cliniquegrace.ca\/fr\/wp-json\/wp\/v2\/comments?post=6856"}],"version-history":[{"count":4,"href":"https:\/\/www.cliniquegrace.ca\/fr\/wp-json\/wp\/v2\/product\/6856\/revisions"}],"predecessor-version":[{"id":7756,"href":"https:\/\/www.cliniquegrace.ca\/fr\/wp-json\/wp\/v2\/product\/6856\/revisions\/7756"}],"wp:featuredmedia":[{"embeddable":true,"href":"https:\/\/www.cliniquegrace.ca\/fr\/wp-json\/wp\/v2\/media\/8709"}],"wp:attachment":[{"href":"https:\/\/www.cliniquegrace.ca\/fr\/wp-json\/wp\/v2\/media?parent=6856"}],"wp:term":[{"taxonomy":"product_brand","embeddable":true,"href":"https:\/\/www.cliniquegrace.ca\/fr\/wp-json\/wp\/v2\/product_brand?post=6856"},{"taxonomy":"product_cat","embeddable":true,"href":"https:\/\/www.cliniquegrace.ca\/fr\/wp-json\/wp\/v2\/product_cat?post=6856"},{"taxonomy":"product_tag","embeddable":true,"href":"https:\/\/www.cliniquegrace.ca\/fr\/wp-json\/wp\/v2\/product_tag?post=6856"}],"curies":[{"name":"wp","href":"https:\/\/api.w.org\/{rel}","templated":true}]}}