{"id":6854,"date":"2025-05-04T13:00:12","date_gmt":"2025-05-04T13:00:12","guid":{"rendered":"https:\/\/www.cliniquegrace.ca\/product\/creme-coenzyme-q10-a-la-canneberge-coenzyme-q10-cream-with-cranberry\/"},"modified":"2025-05-22T18:09:35","modified_gmt":"2025-05-22T18:09:35","slug":"creme-coenzyme-q10-a-la-canneberge-coenzyme-q10-cream-with-cranberry","status":"publish","type":"product","link":"https:\/\/www.cliniquegrace.ca\/fr\/produit\/creme-coenzyme-q10-a-la-canneberge-coenzyme-q10-cream-with-cranberry\/","title":{"rendered":"CR\u00c8ME COENZYME Q10 A LA CANNEBERGE"},"content":{"rendered":"<p><strong>Cr\u00e8me Hydratante \u00e0 la Canneberge :<\/strong> Profitez d&rsquo;une hydratation quotidienne ! Ce soin hydratant naturel et soyeux conditionne la peau, la laissant douce, lisse et souple sans r\u00e9sidu gras. Les nutriments nourrissants soutiennent une peau saine et \u00e9clatante, tandis que le DMAE, l&rsquo;Huile de Graine de Canneberge et la Coenzyme Q10 am\u00e9liorent les beurres et huiles naturels qui rendent cette cr\u00e8me id\u00e9ale pour la plupart des types de peau.<\/p>\n<p><strong>Mode d&#8217;emploi pour le client :<\/strong> Apr\u00e8s le nettoyage et le tonique, r\u00e9chauffez une petite quantit\u00e9 de cr\u00e8me entre vos paumes et appliquez sur le visage et le cou. Recommand\u00e9e le matin et le soir pour des bienfaits r\u00e9parateurs durant la nuit.<\/p>\n<p><strong>Mode d&#8217;emploi professionnel :<\/strong> En tant que produit de finition pour les clients ayant la peau s\u00e8che \u00e0 normale, r\u00e9chauffez une petite quantit\u00e9 de Cr\u00e8me Hydratante \u00e0 la Canneberge entre vos paumes et massez sur le visage et le cou.<\/p>\n<p><strong>Ingr\u00e9dients du produit :<\/strong> Aqua (eau purifi\u00e9e), Huile de Graine de Helianthus Annuus (tournesol), Huile de Persea Gratissima (avocat), Alcool C\u00e9t\u00e9arylique, Glyc\u00e9rine, Cire de Euphorbia Cerifera (candelilla), St\u00e9arate de Glyc\u00e9ryle, Beurre de Butyrospermum Parkii (karit\u00e9), Lactate de Lauryle, Silicate de Magn\u00e9sium et d&rsquo;Aluminium, Alcool Arachidylique, Glucoside d&rsquo;Arachidyle, Alcool B\u00e9henylique, Caprylyl Glycol, 1,2 Hexanediol, Extrait de Fruit de Fragaria Vesca (fraise), Ac\u00e9tate de Tocoph\u00e9rol, Gomme Xanthan, Extrait de Fleur de Tilia Cordata, Dim\u00e9thyl MEA, L\u00e9cithine, Phosphate de Sodium Ascorbyl, Acide Thioctique, Huile de Graine de Vaccinium Macrocarpon (canneberge), Acide Lactique, Huile de Fleur de Cananga Odorata (ylang-ylang), Gluconolactone, Huile de Graine d&rsquo;Orbignya Oleifera, Butyrate d&rsquo;\u00c9thyle, Huile de Graine de Simmondsia Chinensis (jojoba), Beurre de Graine d&rsquo;Astrocaryum Murumuru, Huile de Zeste de Citrus Reticulata (mandarine), Oxydes de Fer, Extrait de Feuille d&rsquo;Aspalathus Linearis (rooibos), Extrait de Fleur de Calendula Officinalis, Sorbate de Potassium, Extrait de Feuille de Rosmarinus Officinalis (romarin), Extrait de Fucus Vesiculosus, Extrait de Fruit de Vaccinium Angustifolium (myrtille), Huile de Citrus Aurantifolia (citron vert), Huile de Salvia Sclarea (sauge), Extrait de Fleur de Hibiscus Sabdariffa, Extrait de Fruit de Hippophae Rhamnoides (argousier), Extrait de Fruit de Rubus Idaeus (framboise), Extrait de Fleur de Jasminum Grandiflorum (jasmin), Huile de Santalum Album (santal), Palmitoyl Tripeptide-5, Ubiquinone, Cinnamyl Alcool, Benzyl Salicylate, G\u00e9raniol, Farn\u00e9sol, Benzyl Benzoate, Linalool, Limon\u00e8ne, Eug\u00e9nol. (*ingr\u00e9dient biologique)<\/p>\n<p><strong>pH :<\/strong> 6.0 &#8211; 7.0<\/p>\n<p><strong>Ingr\u00e9dients cl\u00e9s :<\/strong><\/p>\n<ul>\n<li><strong style=\"font-size: 16px;\">Acide Thioctique :<\/strong><span style=\"font-size: 16px;\"> peut prot\u00e9ger la peau contre le stress oxydatif et les rayons UV du soleil. Il peut \u00e9galement soutenir les niveaux d&rsquo;autres antioxydants, tels que le glutathion, ce qui aide \u00e0 prot\u00e9ger contre les dommages cutan\u00e9s.<\/span><\/li>\n<li><strong style=\"font-size: 16px;\">Coenzyme Q10 :<\/strong><span style=\"font-size: 16px;\"> est essentiel pour les soins de la peau, car elle joue un r\u00f4le vital dans la production de collag\u00e8ne et d&rsquo;autres prot\u00e9ines qui composent la matrice extracellulaire.<\/span><\/li>\n<\/ul>\n","protected":false},"excerpt":{"rendered":"<p>Cr\u00e8me Hydratante \u00e0 la Canneberge : Profitez d&rsquo;une hydratation quotidienne ! Ce soin hydratant naturel et soyeux conditionne la peau, la laissant douce, lisse et souple sans r\u00e9sidu gras. Les nutriments nourrissants soutiennent une peau saine et \u00e9clatante, tandis que le DMAE, l&rsquo;Huile de Graine de Canneberge et la Coenzyme Q10 am\u00e9liorent les beurres et<\/p>\n","protected":false},"featured_media":6570,"comment_status":"closed","ping_status":"closed","template":"","meta":{"site-sidebar-layout":"default","site-content-layout":"","ast-site-content-layout":"default","site-content-style":"default","site-sidebar-style":"default","ast-global-header-display":"","ast-banner-title-visibility":"","ast-main-header-display":"","ast-hfb-above-header-display":"","ast-hfb-below-header-display":"","ast-hfb-mobile-header-display":"","site-post-title":"","ast-breadcrumbs-content":"","ast-featured-img":"","footer-sml-layout":"","ast-disable-related-posts":"","theme-transparent-header-meta":"default","adv-header-id-meta":"","stick-header-meta":"default","header-above-stick-meta":"","header-main-stick-meta":"","header-below-stick-meta":"","astra-migrate-meta-layouts":"set","ast-page-background-enabled":"default","ast-page-background-meta":{"desktop":{"background-color":"var(--ast-global-color-4)","background-image":"","background-repeat":"repeat","background-position":"center center","background-size":"auto","background-attachment":"scroll","background-type":"","background-media":"","overlay-type":"","overlay-color":"","overlay-opacity":"","overlay-gradient":""},"tablet":{"background-color":"","background-image":"","background-repeat":"repeat","background-position":"center center","background-size":"auto","background-attachment":"scroll","background-type":"","background-media":"","overlay-type":"","overlay-color":"","overlay-opacity":"","overlay-gradient":""},"mobile":{"background-color":"","background-image":"","background-repeat":"repeat","background-position":"center center","background-size":"auto","background-attachment":"scroll","background-type":"","background-media":"","overlay-type":"","overlay-color":"","overlay-opacity":"","overlay-gradient":""}},"ast-content-background-meta":{"desktop":{"background-color":"var(--ast-global-color-5)","background-image":"","background-repeat":"repeat","background-position":"center center","background-size":"auto","background-attachment":"scroll","background-type":"","background-media":"","overlay-type":"","overlay-color":"","overlay-opacity":"","overlay-gradient":""},"tablet":{"background-color":"var(--ast-global-color-5)","background-image":"","background-repeat":"repeat","background-position":"center center","background-size":"auto","background-attachment":"scroll","background-type":"","background-media":"","overlay-type":"","overlay-color":"","overlay-opacity":"","overlay-gradient":""},"mobile":{"background-color":"var(--ast-global-color-5)","background-image":"","background-repeat":"repeat","background-position":"center center","background-size":"auto","background-attachment":"scroll","background-type":"","background-media":"","overlay-type":"","overlay-color":"","overlay-opacity":"","overlay-gradient":""}}},"product_brand":[],"product_cat":[119,120],"product_tag":[],"class_list":{"0":"post-6854","1":"product","2":"type-product","3":"status-publish","4":"has-post-thumbnail","6":"product_cat-creme-pour-le-visage-fr","7":"product_cat-face-cream-fr","8":"pa_brand-grace-fr","9":"pa_milliliters-60-00-fr","10":"desktop-align-left","11":"tablet-align-left","12":"mobile-align-left","13":"ast-product-gallery-layout-horizontal-slider","14":"ast-product-gallery-with-no-image","15":"ast-product-tabs-layout-horizontal","17":"first","18":"instock","19":"taxable","20":"shipping-taxable","21":"purchasable","22":"product-type-simple"},"yoast_head":"<!-- This site is optimized with the Yoast SEO plugin v27.1.1 - https:\/\/yoast.com\/product\/yoast-seo-wordpress\/ -->\n<title>CR\u00c8ME COENZYME Q10 A LA CANNEBERGE - cliniquegrace<\/title>\n<meta name=\"robots\" content=\"index, follow, max-snippet:-1, max-image-preview:large, max-video-preview:-1\" \/>\n<link rel=\"canonical\" href=\"https:\/\/www.cliniquegrace.ca\/produit\/creme-coenzyme-q10-a-la-canneberge-coenzyme-q10-cream-with-cranberry\/\" \/>\n<meta property=\"og:locale\" content=\"fr_FR\" \/>\n<meta property=\"og:type\" content=\"article\" \/>\n<meta property=\"og:title\" content=\"CR\u00c8ME COENZYME Q10 A LA CANNEBERGE - cliniquegrace\" \/>\n<meta property=\"og:description\" content=\"Cr\u00e8me Hydratante \u00e0 la Canneberge : Profitez d&rsquo;une hydratation quotidienne ! Ce soin hydratant naturel et soyeux conditionne la peau, la laissant douce, lisse et souple sans r\u00e9sidu gras. Les nutriments nourrissants soutiennent une peau saine et \u00e9clatante, tandis que le DMAE, l&rsquo;Huile de Graine de Canneberge et la Coenzyme Q10 am\u00e9liorent les beurres et\" \/>\n<meta property=\"og:url\" content=\"https:\/\/www.cliniquegrace.ca\/produit\/creme-coenzyme-q10-a-la-canneberge-coenzyme-q10-cream-with-cranberry\/\" \/>\n<meta property=\"og:site_name\" content=\"cliniquegrace\" \/>\n<meta property=\"article:modified_time\" content=\"2025-05-22T18:09:35+00:00\" \/>\n<meta property=\"og:image\" content=\"https:\/\/www.cliniquegrace.ca\/wp-content\/uploads\/2025\/05\/32.jpg\" \/>\n\t<meta property=\"og:image:width\" content=\"895\" \/>\n\t<meta property=\"og:image:height\" content=\"787\" \/>\n\t<meta property=\"og:image:type\" content=\"image\/jpeg\" \/>\n<meta name=\"twitter:card\" content=\"summary_large_image\" \/>\n<meta name=\"twitter:label1\" content=\"Dur\u00e9e de lecture estim\u00e9e\" \/>\n\t<meta name=\"twitter:data1\" content=\"2 minutes\" \/>\n<script type=\"application\/ld+json\" class=\"yoast-schema-graph\">{\"@context\":\"https:\/\/schema.org\",\"@graph\":[{\"@type\":\"WebPage\",\"@id\":\"https:\/\/www.cliniquegrace.ca\/produit\/creme-coenzyme-q10-a-la-canneberge-coenzyme-q10-cream-with-cranberry\/\",\"url\":\"https:\/\/www.cliniquegrace.ca\/produit\/creme-coenzyme-q10-a-la-canneberge-coenzyme-q10-cream-with-cranberry\/\",\"name\":\"CR\u00c8ME COENZYME Q10 A LA CANNEBERGE - cliniquegrace\",\"isPartOf\":{\"@id\":\"https:\/\/www.cliniquegrace.ca\/#website\"},\"primaryImageOfPage\":{\"@id\":\"https:\/\/www.cliniquegrace.ca\/produit\/creme-coenzyme-q10-a-la-canneberge-coenzyme-q10-cream-with-cranberry\/#primaryimage\"},\"image\":{\"@id\":\"https:\/\/www.cliniquegrace.ca\/produit\/creme-coenzyme-q10-a-la-canneberge-coenzyme-q10-cream-with-cranberry\/#primaryimage\"},\"thumbnailUrl\":\"https:\/\/www.cliniquegrace.ca\/wp-content\/uploads\/2025\/05\/32.jpg\",\"datePublished\":\"2025-05-04T13:00:12+00:00\",\"dateModified\":\"2025-05-22T18:09:35+00:00\",\"breadcrumb\":{\"@id\":\"https:\/\/www.cliniquegrace.ca\/produit\/creme-coenzyme-q10-a-la-canneberge-coenzyme-q10-cream-with-cranberry\/#breadcrumb\"},\"inLanguage\":\"fr-FR\",\"potentialAction\":[{\"@type\":\"ReadAction\",\"target\":[\"https:\/\/www.cliniquegrace.ca\/produit\/creme-coenzyme-q10-a-la-canneberge-coenzyme-q10-cream-with-cranberry\/\"]}]},{\"@type\":\"ImageObject\",\"inLanguage\":\"fr-FR\",\"@id\":\"https:\/\/www.cliniquegrace.ca\/produit\/creme-coenzyme-q10-a-la-canneberge-coenzyme-q10-cream-with-cranberry\/#primaryimage\",\"url\":\"https:\/\/www.cliniquegrace.ca\/wp-content\/uploads\/2025\/05\/32.jpg\",\"contentUrl\":\"https:\/\/www.cliniquegrace.ca\/wp-content\/uploads\/2025\/05\/32.jpg\",\"width\":895,\"height\":787},{\"@type\":\"BreadcrumbList\",\"@id\":\"https:\/\/www.cliniquegrace.ca\/produit\/creme-coenzyme-q10-a-la-canneberge-coenzyme-q10-cream-with-cranberry\/#breadcrumb\",\"itemListElement\":[{\"@type\":\"ListItem\",\"position\":1,\"name\":\"Home\",\"item\":\"https:\/\/www.cliniquegrace.ca\/fr\/\"},{\"@type\":\"ListItem\",\"position\":2,\"name\":\"Boutique\",\"item\":\"https:\/\/www.cliniquegrace.ca\/shop\/\"},{\"@type\":\"ListItem\",\"position\":3,\"name\":\"CR\u00c8ME COENZYME Q10 A LA CANNEBERGE\"}]},{\"@type\":\"WebSite\",\"@id\":\"https:\/\/www.cliniquegrace.ca\/#website\",\"url\":\"https:\/\/www.cliniquegrace.ca\/\",\"name\":\"cliniquegrace\",\"description\":\"\",\"publisher\":{\"@id\":\"https:\/\/www.cliniquegrace.ca\/#organization\"},\"potentialAction\":[{\"@type\":\"SearchAction\",\"target\":{\"@type\":\"EntryPoint\",\"urlTemplate\":\"https:\/\/www.cliniquegrace.ca\/?s={search_term_string}\"},\"query-input\":{\"@type\":\"PropertyValueSpecification\",\"valueRequired\":true,\"valueName\":\"search_term_string\"}}],\"inLanguage\":\"fr-FR\"},{\"@type\":\"Organization\",\"@id\":\"https:\/\/www.cliniquegrace.ca\/#organization\",\"name\":\"cliniquegrace\",\"url\":\"https:\/\/www.cliniquegrace.ca\/\",\"logo\":{\"@type\":\"ImageObject\",\"inLanguage\":\"fr-FR\",\"@id\":\"https:\/\/www.cliniquegrace.ca\/#\/schema\/logo\/image\/\",\"url\":\"https:\/\/www.cliniquegrace.ca\/wp-content\/uploads\/2025\/04\/gree-logo.png\",\"contentUrl\":\"https:\/\/www.cliniquegrace.ca\/wp-content\/uploads\/2025\/04\/gree-logo.png\",\"width\":875,\"height\":263,\"caption\":\"cliniquegrace\"},\"image\":{\"@id\":\"https:\/\/www.cliniquegrace.ca\/#\/schema\/logo\/image\/\"}}]}<\/script>\n<!-- \/ Yoast SEO plugin. -->","yoast_head_json":{"title":"CR\u00c8ME COENZYME Q10 A LA CANNEBERGE - cliniquegrace","robots":{"index":"index","follow":"follow","max-snippet":"max-snippet:-1","max-image-preview":"max-image-preview:large","max-video-preview":"max-video-preview:-1"},"canonical":"https:\/\/www.cliniquegrace.ca\/produit\/creme-coenzyme-q10-a-la-canneberge-coenzyme-q10-cream-with-cranberry\/","og_locale":"fr_FR","og_type":"article","og_title":"CR\u00c8ME COENZYME Q10 A LA CANNEBERGE - cliniquegrace","og_description":"Cr\u00e8me Hydratante \u00e0 la Canneberge : Profitez d&rsquo;une hydratation quotidienne ! Ce soin hydratant naturel et soyeux conditionne la peau, la laissant douce, lisse et souple sans r\u00e9sidu gras. Les nutriments nourrissants soutiennent une peau saine et \u00e9clatante, tandis que le DMAE, l&rsquo;Huile de Graine de Canneberge et la Coenzyme Q10 am\u00e9liorent les beurres et","og_url":"https:\/\/www.cliniquegrace.ca\/produit\/creme-coenzyme-q10-a-la-canneberge-coenzyme-q10-cream-with-cranberry\/","og_site_name":"cliniquegrace","article_modified_time":"2025-05-22T18:09:35+00:00","og_image":[{"width":895,"height":787,"url":"https:\/\/www.cliniquegrace.ca\/wp-content\/uploads\/2025\/05\/32.jpg","type":"image\/jpeg"}],"twitter_card":"summary_large_image","twitter_misc":{"Dur\u00e9e de lecture estim\u00e9e":"2 minutes"},"schema":{"@context":"https:\/\/schema.org","@graph":[{"@type":"WebPage","@id":"https:\/\/www.cliniquegrace.ca\/produit\/creme-coenzyme-q10-a-la-canneberge-coenzyme-q10-cream-with-cranberry\/","url":"https:\/\/www.cliniquegrace.ca\/produit\/creme-coenzyme-q10-a-la-canneberge-coenzyme-q10-cream-with-cranberry\/","name":"CR\u00c8ME COENZYME Q10 A LA CANNEBERGE - cliniquegrace","isPartOf":{"@id":"https:\/\/www.cliniquegrace.ca\/#website"},"primaryImageOfPage":{"@id":"https:\/\/www.cliniquegrace.ca\/produit\/creme-coenzyme-q10-a-la-canneberge-coenzyme-q10-cream-with-cranberry\/#primaryimage"},"image":{"@id":"https:\/\/www.cliniquegrace.ca\/produit\/creme-coenzyme-q10-a-la-canneberge-coenzyme-q10-cream-with-cranberry\/#primaryimage"},"thumbnailUrl":"https:\/\/www.cliniquegrace.ca\/wp-content\/uploads\/2025\/05\/32.jpg","datePublished":"2025-05-04T13:00:12+00:00","dateModified":"2025-05-22T18:09:35+00:00","breadcrumb":{"@id":"https:\/\/www.cliniquegrace.ca\/produit\/creme-coenzyme-q10-a-la-canneberge-coenzyme-q10-cream-with-cranberry\/#breadcrumb"},"inLanguage":"fr-FR","potentialAction":[{"@type":"ReadAction","target":["https:\/\/www.cliniquegrace.ca\/produit\/creme-coenzyme-q10-a-la-canneberge-coenzyme-q10-cream-with-cranberry\/"]}]},{"@type":"ImageObject","inLanguage":"fr-FR","@id":"https:\/\/www.cliniquegrace.ca\/produit\/creme-coenzyme-q10-a-la-canneberge-coenzyme-q10-cream-with-cranberry\/#primaryimage","url":"https:\/\/www.cliniquegrace.ca\/wp-content\/uploads\/2025\/05\/32.jpg","contentUrl":"https:\/\/www.cliniquegrace.ca\/wp-content\/uploads\/2025\/05\/32.jpg","width":895,"height":787},{"@type":"BreadcrumbList","@id":"https:\/\/www.cliniquegrace.ca\/produit\/creme-coenzyme-q10-a-la-canneberge-coenzyme-q10-cream-with-cranberry\/#breadcrumb","itemListElement":[{"@type":"ListItem","position":1,"name":"Home","item":"https:\/\/www.cliniquegrace.ca\/fr\/"},{"@type":"ListItem","position":2,"name":"Boutique","item":"https:\/\/www.cliniquegrace.ca\/shop\/"},{"@type":"ListItem","position":3,"name":"CR\u00c8ME COENZYME Q10 A LA CANNEBERGE"}]},{"@type":"WebSite","@id":"https:\/\/www.cliniquegrace.ca\/#website","url":"https:\/\/www.cliniquegrace.ca\/","name":"cliniquegrace","description":"","publisher":{"@id":"https:\/\/www.cliniquegrace.ca\/#organization"},"potentialAction":[{"@type":"SearchAction","target":{"@type":"EntryPoint","urlTemplate":"https:\/\/www.cliniquegrace.ca\/?s={search_term_string}"},"query-input":{"@type":"PropertyValueSpecification","valueRequired":true,"valueName":"search_term_string"}}],"inLanguage":"fr-FR"},{"@type":"Organization","@id":"https:\/\/www.cliniquegrace.ca\/#organization","name":"cliniquegrace","url":"https:\/\/www.cliniquegrace.ca\/","logo":{"@type":"ImageObject","inLanguage":"fr-FR","@id":"https:\/\/www.cliniquegrace.ca\/#\/schema\/logo\/image\/","url":"https:\/\/www.cliniquegrace.ca\/wp-content\/uploads\/2025\/04\/gree-logo.png","contentUrl":"https:\/\/www.cliniquegrace.ca\/wp-content\/uploads\/2025\/04\/gree-logo.png","width":875,"height":263,"caption":"cliniquegrace"},"image":{"@id":"https:\/\/www.cliniquegrace.ca\/#\/schema\/logo\/image\/"}}]}},"_links":{"self":[{"href":"https:\/\/www.cliniquegrace.ca\/fr\/wp-json\/wp\/v2\/product\/6854","targetHints":{"allow":["GET"]}}],"collection":[{"href":"https:\/\/www.cliniquegrace.ca\/fr\/wp-json\/wp\/v2\/product"}],"about":[{"href":"https:\/\/www.cliniquegrace.ca\/fr\/wp-json\/wp\/v2\/types\/product"}],"replies":[{"embeddable":true,"href":"https:\/\/www.cliniquegrace.ca\/fr\/wp-json\/wp\/v2\/comments?post=6854"}],"version-history":[{"count":5,"href":"https:\/\/www.cliniquegrace.ca\/fr\/wp-json\/wp\/v2\/product\/6854\/revisions"}],"predecessor-version":[{"id":7787,"href":"https:\/\/www.cliniquegrace.ca\/fr\/wp-json\/wp\/v2\/product\/6854\/revisions\/7787"}],"wp:featuredmedia":[{"embeddable":true,"href":"https:\/\/www.cliniquegrace.ca\/fr\/wp-json\/wp\/v2\/media\/6570"}],"wp:attachment":[{"href":"https:\/\/www.cliniquegrace.ca\/fr\/wp-json\/wp\/v2\/media?parent=6854"}],"wp:term":[{"taxonomy":"product_brand","embeddable":true,"href":"https:\/\/www.cliniquegrace.ca\/fr\/wp-json\/wp\/v2\/product_brand?post=6854"},{"taxonomy":"product_cat","embeddable":true,"href":"https:\/\/www.cliniquegrace.ca\/fr\/wp-json\/wp\/v2\/product_cat?post=6854"},{"taxonomy":"product_tag","embeddable":true,"href":"https:\/\/www.cliniquegrace.ca\/fr\/wp-json\/wp\/v2\/product_tag?post=6854"}],"curies":[{"name":"wp","href":"https:\/\/api.w.org\/{rel}","templated":true}]}}