{"id":6851,"date":"2025-05-04T13:00:18","date_gmt":"2025-05-04T13:00:18","guid":{"rendered":"https:\/\/www.cliniquegrace.ca\/product\/bio-collagen-masque-bio-collagen-mask\/"},"modified":"2025-05-26T01:25:17","modified_gmt":"2025-05-26T01:25:17","slug":"bio-collagen-masque-bio-collagen-mask","status":"publish","type":"product","link":"https:\/\/www.cliniquegrace.ca\/fr\/produit\/bio-collagen-masque-bio-collagen-mask\/","title":{"rendered":"BIO-COLLAGEN MASQUE"},"content":{"rendered":"<p><strong>Probiotiques-Filtrat de fermentation de Galactomyce<\/strong><br \/>\n<strong>Solution d&rsquo;acide hyaluronique basse molecularit\u00e9<\/strong><br \/>\n<strong>Collag\u00e8ne basse molecularit\u00e9<\/strong><\/p>\n<p><strong>Mode d&#8217;emploi :<\/strong><br \/>\n<strong>Nettoyez votre visage:<\/strong> Commencez avec un visage propre. Utilisez votre nettoyant habituel pour \u00e9liminer les impuret\u00e9s ou le maquillage.<\/p>\n<p><strong>Appliquez le masque:<\/strong> Alignez le masque avec les caract\u00e9ristiques de votre visage (yeux, nez, bouche) et placez-le doucement sur votre visage. Pressez l\u00e9g\u00e8rement pour garantir une bonne adh\u00e9rence. Laissez-le absorber pendant environ 3-4 heures avant de le retirer. Une fois que le masque devient transparent, retirez-le (pour de meilleurs r\u00e9sultats, laissez-le toute la nuit !)<\/p>\n<p><strong>Ingr\u00e9dients:<\/strong> Eau, Extrait de Collag\u00e8ne, Filtrat de Ferment de<br \/>\nGalactomyces, Glyc\u00e9rine, Copolym\u00e8re d&rsquo;Acryliques, Niacinamide, Gomme de Ceratonia Siliqua (Caroube), Extrait de Chondrus Crispus, B\u00e9ta\u00efne, Algin, Dipropyl\u00e8ne Glycol, Agar, Hydroxyac\u00e9toph\u00e9none, 1,2-Hexanediol, Chlorure de Potassium, Polyglyc\u00e9ryl-10 Laurate, Caprylyl Glycol, Sucrose, Butyl\u00e8ne Glycol, Allanto\u00efne, \u00c9thylhexylglyc\u00e9rine, Acide Hyaluronique Hydrolys\u00e9, Ad\u00e9nosine, Disodium EDTA, Extrait de Fruit de Pyrus Communis (Poire), Eau de Fleurs de Rosa Damascena, Extrait de Racine d&rsquo;Iris Florentina, Extrait de Fruit de Cucumis Melo (Melon), Extrait de Feuille\/Tige de Hedera Helix (Lierre), Dipotassium Glycyrrhizate, Filtrat de Ferment de Bifida, Tocopherol, Ferment de Lactobacillus, Lysat de Ferment de Lactobacillus.<\/p>\n","protected":false},"excerpt":{"rendered":"<p>Probiotiques-Filtrat de fermentation de Galactomyce Solution d&rsquo;acide hyaluronique basse molecularit\u00e9 Collag\u00e8ne basse molecularit\u00e9 Mode d&#8217;emploi : Nettoyez votre visage: Commencez avec un visage propre. Utilisez votre nettoyant habituel pour \u00e9liminer les impuret\u00e9s ou le maquillage. Appliquez le masque: Alignez le masque avec les caract\u00e9ristiques de votre visage (yeux, nez, bouche) et placez-le doucement sur votre<\/p>\n","protected":false},"featured_media":8701,"comment_status":"closed","ping_status":"closed","template":"","meta":{"site-sidebar-layout":"default","site-content-layout":"","ast-site-content-layout":"default","site-content-style":"default","site-sidebar-style":"default","ast-global-header-display":"","ast-banner-title-visibility":"","ast-main-header-display":"","ast-hfb-above-header-display":"","ast-hfb-below-header-display":"","ast-hfb-mobile-header-display":"","site-post-title":"","ast-breadcrumbs-content":"","ast-featured-img":"","footer-sml-layout":"","ast-disable-related-posts":"","theme-transparent-header-meta":"default","adv-header-id-meta":"","stick-header-meta":"default","header-above-stick-meta":"","header-main-stick-meta":"","header-below-stick-meta":"","astra-migrate-meta-layouts":"set","ast-page-background-enabled":"default","ast-page-background-meta":{"desktop":{"background-color":"var(--ast-global-color-4)","background-image":"","background-repeat":"repeat","background-position":"center center","background-size":"auto","background-attachment":"scroll","background-type":"","background-media":"","overlay-type":"","overlay-color":"","overlay-opacity":"","overlay-gradient":""},"tablet":{"background-color":"","background-image":"","background-repeat":"repeat","background-position":"center center","background-size":"auto","background-attachment":"scroll","background-type":"","background-media":"","overlay-type":"","overlay-color":"","overlay-opacity":"","overlay-gradient":""},"mobile":{"background-color":"","background-image":"","background-repeat":"repeat","background-position":"center center","background-size":"auto","background-attachment":"scroll","background-type":"","background-media":"","overlay-type":"","overlay-color":"","overlay-opacity":"","overlay-gradient":""}},"ast-content-background-meta":{"desktop":{"background-color":"var(--ast-global-color-5)","background-image":"","background-repeat":"repeat","background-position":"center center","background-size":"auto","background-attachment":"scroll","background-type":"","background-media":"","overlay-type":"","overlay-color":"","overlay-opacity":"","overlay-gradient":""},"tablet":{"background-color":"var(--ast-global-color-5)","background-image":"","background-repeat":"repeat","background-position":"center center","background-size":"auto","background-attachment":"scroll","background-type":"","background-media":"","overlay-type":"","overlay-color":"","overlay-opacity":"","overlay-gradient":""},"mobile":{"background-color":"var(--ast-global-color-5)","background-image":"","background-repeat":"repeat","background-position":"center center","background-size":"auto","background-attachment":"scroll","background-type":"","background-media":"","overlay-type":"","overlay-color":"","overlay-opacity":"","overlay-gradient":""}}},"product_brand":[],"product_cat":[101,102],"product_tag":[],"class_list":{"0":"post-6851","1":"product","2":"type-product","3":"status-publish","4":"has-post-thumbnail","6":"product_cat-mask-fr","7":"product_cat-masque-fr","8":"pa_brand-grace-fr","9":"pa_grams-35-00-fr","10":"desktop-align-left","11":"tablet-align-left","12":"mobile-align-left","13":"ast-product-gallery-layout-horizontal-slider","14":"ast-product-gallery-with-no-image","15":"ast-product-tabs-layout-horizontal","17":"first","18":"instock","19":"taxable","20":"shipping-taxable","21":"purchasable","22":"product-type-simple"},"yoast_head":"<!-- This site is optimized with the Yoast SEO plugin v27.1.1 - https:\/\/yoast.com\/product\/yoast-seo-wordpress\/ -->\n<title>BIO-COLLAGEN MASQUE - cliniquegrace<\/title>\n<meta name=\"robots\" content=\"index, follow, max-snippet:-1, max-image-preview:large, max-video-preview:-1\" \/>\n<link rel=\"canonical\" href=\"https:\/\/www.cliniquegrace.ca\/produit\/bio-collagen-masque-bio-collagen-mask\/\" \/>\n<meta property=\"og:locale\" content=\"fr_FR\" \/>\n<meta property=\"og:type\" content=\"article\" \/>\n<meta property=\"og:title\" content=\"BIO-COLLAGEN MASQUE - cliniquegrace\" \/>\n<meta property=\"og:description\" content=\"Probiotiques-Filtrat de fermentation de Galactomyce Solution d&rsquo;acide hyaluronique basse molecularit\u00e9 Collag\u00e8ne basse molecularit\u00e9 Mode d&#8217;emploi : Nettoyez votre visage: Commencez avec un visage propre. Utilisez votre nettoyant habituel pour \u00e9liminer les impuret\u00e9s ou le maquillage. Appliquez le masque: Alignez le masque avec les caract\u00e9ristiques de votre visage (yeux, nez, bouche) et placez-le doucement sur votre\" \/>\n<meta property=\"og:url\" content=\"https:\/\/www.cliniquegrace.ca\/produit\/bio-collagen-masque-bio-collagen-mask\/\" \/>\n<meta property=\"og:site_name\" content=\"cliniquegrace\" \/>\n<meta property=\"article:modified_time\" content=\"2025-05-26T01:25:17+00:00\" \/>\n<meta property=\"og:image\" content=\"https:\/\/www.cliniquegrace.ca\/wp-content\/uploads\/2025\/05\/35.jpg\" \/>\n\t<meta property=\"og:image:width\" content=\"886\" \/>\n\t<meta property=\"og:image:height\" content=\"758\" \/>\n\t<meta property=\"og:image:type\" content=\"image\/jpeg\" \/>\n<meta name=\"twitter:card\" content=\"summary_large_image\" \/>\n<meta name=\"twitter:label1\" content=\"Dur\u00e9e de lecture estim\u00e9e\" \/>\n\t<meta name=\"twitter:data1\" content=\"1 minute\" \/>\n<script type=\"application\/ld+json\" class=\"yoast-schema-graph\">{\"@context\":\"https:\/\/schema.org\",\"@graph\":[{\"@type\":\"WebPage\",\"@id\":\"https:\/\/www.cliniquegrace.ca\/produit\/bio-collagen-masque-bio-collagen-mask\/\",\"url\":\"https:\/\/www.cliniquegrace.ca\/produit\/bio-collagen-masque-bio-collagen-mask\/\",\"name\":\"BIO-COLLAGEN MASQUE - cliniquegrace\",\"isPartOf\":{\"@id\":\"https:\/\/www.cliniquegrace.ca\/#website\"},\"primaryImageOfPage\":{\"@id\":\"https:\/\/www.cliniquegrace.ca\/produit\/bio-collagen-masque-bio-collagen-mask\/#primaryimage\"},\"image\":{\"@id\":\"https:\/\/www.cliniquegrace.ca\/produit\/bio-collagen-masque-bio-collagen-mask\/#primaryimage\"},\"thumbnailUrl\":\"https:\/\/www.cliniquegrace.ca\/wp-content\/uploads\/2025\/05\/Screen-Shot-2026-02-17-at-2.19.57-PM.png\",\"datePublished\":\"2025-05-04T13:00:18+00:00\",\"dateModified\":\"2025-05-26T01:25:17+00:00\",\"breadcrumb\":{\"@id\":\"https:\/\/www.cliniquegrace.ca\/produit\/bio-collagen-masque-bio-collagen-mask\/#breadcrumb\"},\"inLanguage\":\"fr-FR\",\"potentialAction\":[{\"@type\":\"ReadAction\",\"target\":[\"https:\/\/www.cliniquegrace.ca\/produit\/bio-collagen-masque-bio-collagen-mask\/\"]}]},{\"@type\":\"ImageObject\",\"inLanguage\":\"fr-FR\",\"@id\":\"https:\/\/www.cliniquegrace.ca\/produit\/bio-collagen-masque-bio-collagen-mask\/#primaryimage\",\"url\":\"https:\/\/www.cliniquegrace.ca\/wp-content\/uploads\/2025\/05\/Screen-Shot-2026-02-17-at-2.19.57-PM.png\",\"contentUrl\":\"https:\/\/www.cliniquegrace.ca\/wp-content\/uploads\/2025\/05\/Screen-Shot-2026-02-17-at-2.19.57-PM.png\",\"width\":1758,\"height\":1684},{\"@type\":\"BreadcrumbList\",\"@id\":\"https:\/\/www.cliniquegrace.ca\/produit\/bio-collagen-masque-bio-collagen-mask\/#breadcrumb\",\"itemListElement\":[{\"@type\":\"ListItem\",\"position\":1,\"name\":\"Home\",\"item\":\"https:\/\/www.cliniquegrace.ca\/fr\/\"},{\"@type\":\"ListItem\",\"position\":2,\"name\":\"Boutique\",\"item\":\"https:\/\/www.cliniquegrace.ca\/shop\/\"},{\"@type\":\"ListItem\",\"position\":3,\"name\":\"BIO-COLLAGEN MASQUE\"}]},{\"@type\":\"WebSite\",\"@id\":\"https:\/\/www.cliniquegrace.ca\/#website\",\"url\":\"https:\/\/www.cliniquegrace.ca\/\",\"name\":\"cliniquegrace\",\"description\":\"\",\"publisher\":{\"@id\":\"https:\/\/www.cliniquegrace.ca\/#organization\"},\"potentialAction\":[{\"@type\":\"SearchAction\",\"target\":{\"@type\":\"EntryPoint\",\"urlTemplate\":\"https:\/\/www.cliniquegrace.ca\/?s={search_term_string}\"},\"query-input\":{\"@type\":\"PropertyValueSpecification\",\"valueRequired\":true,\"valueName\":\"search_term_string\"}}],\"inLanguage\":\"fr-FR\"},{\"@type\":\"Organization\",\"@id\":\"https:\/\/www.cliniquegrace.ca\/#organization\",\"name\":\"cliniquegrace\",\"url\":\"https:\/\/www.cliniquegrace.ca\/\",\"logo\":{\"@type\":\"ImageObject\",\"inLanguage\":\"fr-FR\",\"@id\":\"https:\/\/www.cliniquegrace.ca\/#\/schema\/logo\/image\/\",\"url\":\"https:\/\/www.cliniquegrace.ca\/wp-content\/uploads\/2025\/04\/gree-logo.png\",\"contentUrl\":\"https:\/\/www.cliniquegrace.ca\/wp-content\/uploads\/2025\/04\/gree-logo.png\",\"width\":875,\"height\":263,\"caption\":\"cliniquegrace\"},\"image\":{\"@id\":\"https:\/\/www.cliniquegrace.ca\/#\/schema\/logo\/image\/\"}}]}<\/script>\n<!-- \/ Yoast SEO plugin. -->","yoast_head_json":{"title":"BIO-COLLAGEN MASQUE - cliniquegrace","robots":{"index":"index","follow":"follow","max-snippet":"max-snippet:-1","max-image-preview":"max-image-preview:large","max-video-preview":"max-video-preview:-1"},"canonical":"https:\/\/www.cliniquegrace.ca\/produit\/bio-collagen-masque-bio-collagen-mask\/","og_locale":"fr_FR","og_type":"article","og_title":"BIO-COLLAGEN MASQUE - cliniquegrace","og_description":"Probiotiques-Filtrat de fermentation de Galactomyce Solution d&rsquo;acide hyaluronique basse molecularit\u00e9 Collag\u00e8ne basse molecularit\u00e9 Mode d&#8217;emploi : Nettoyez votre visage: Commencez avec un visage propre. Utilisez votre nettoyant habituel pour \u00e9liminer les impuret\u00e9s ou le maquillage. Appliquez le masque: Alignez le masque avec les caract\u00e9ristiques de votre visage (yeux, nez, bouche) et placez-le doucement sur votre","og_url":"https:\/\/www.cliniquegrace.ca\/produit\/bio-collagen-masque-bio-collagen-mask\/","og_site_name":"cliniquegrace","article_modified_time":"2025-05-26T01:25:17+00:00","og_image":[{"width":886,"height":758,"url":"https:\/\/www.cliniquegrace.ca\/wp-content\/uploads\/2025\/05\/35.jpg","type":"image\/jpeg"}],"twitter_card":"summary_large_image","twitter_misc":{"Dur\u00e9e de lecture estim\u00e9e":"1 minute"},"schema":{"@context":"https:\/\/schema.org","@graph":[{"@type":"WebPage","@id":"https:\/\/www.cliniquegrace.ca\/produit\/bio-collagen-masque-bio-collagen-mask\/","url":"https:\/\/www.cliniquegrace.ca\/produit\/bio-collagen-masque-bio-collagen-mask\/","name":"BIO-COLLAGEN MASQUE - cliniquegrace","isPartOf":{"@id":"https:\/\/www.cliniquegrace.ca\/#website"},"primaryImageOfPage":{"@id":"https:\/\/www.cliniquegrace.ca\/produit\/bio-collagen-masque-bio-collagen-mask\/#primaryimage"},"image":{"@id":"https:\/\/www.cliniquegrace.ca\/produit\/bio-collagen-masque-bio-collagen-mask\/#primaryimage"},"thumbnailUrl":"https:\/\/www.cliniquegrace.ca\/wp-content\/uploads\/2025\/05\/Screen-Shot-2026-02-17-at-2.19.57-PM.png","datePublished":"2025-05-04T13:00:18+00:00","dateModified":"2025-05-26T01:25:17+00:00","breadcrumb":{"@id":"https:\/\/www.cliniquegrace.ca\/produit\/bio-collagen-masque-bio-collagen-mask\/#breadcrumb"},"inLanguage":"fr-FR","potentialAction":[{"@type":"ReadAction","target":["https:\/\/www.cliniquegrace.ca\/produit\/bio-collagen-masque-bio-collagen-mask\/"]}]},{"@type":"ImageObject","inLanguage":"fr-FR","@id":"https:\/\/www.cliniquegrace.ca\/produit\/bio-collagen-masque-bio-collagen-mask\/#primaryimage","url":"https:\/\/www.cliniquegrace.ca\/wp-content\/uploads\/2025\/05\/Screen-Shot-2026-02-17-at-2.19.57-PM.png","contentUrl":"https:\/\/www.cliniquegrace.ca\/wp-content\/uploads\/2025\/05\/Screen-Shot-2026-02-17-at-2.19.57-PM.png","width":1758,"height":1684},{"@type":"BreadcrumbList","@id":"https:\/\/www.cliniquegrace.ca\/produit\/bio-collagen-masque-bio-collagen-mask\/#breadcrumb","itemListElement":[{"@type":"ListItem","position":1,"name":"Home","item":"https:\/\/www.cliniquegrace.ca\/fr\/"},{"@type":"ListItem","position":2,"name":"Boutique","item":"https:\/\/www.cliniquegrace.ca\/shop\/"},{"@type":"ListItem","position":3,"name":"BIO-COLLAGEN MASQUE"}]},{"@type":"WebSite","@id":"https:\/\/www.cliniquegrace.ca\/#website","url":"https:\/\/www.cliniquegrace.ca\/","name":"cliniquegrace","description":"","publisher":{"@id":"https:\/\/www.cliniquegrace.ca\/#organization"},"potentialAction":[{"@type":"SearchAction","target":{"@type":"EntryPoint","urlTemplate":"https:\/\/www.cliniquegrace.ca\/?s={search_term_string}"},"query-input":{"@type":"PropertyValueSpecification","valueRequired":true,"valueName":"search_term_string"}}],"inLanguage":"fr-FR"},{"@type":"Organization","@id":"https:\/\/www.cliniquegrace.ca\/#organization","name":"cliniquegrace","url":"https:\/\/www.cliniquegrace.ca\/","logo":{"@type":"ImageObject","inLanguage":"fr-FR","@id":"https:\/\/www.cliniquegrace.ca\/#\/schema\/logo\/image\/","url":"https:\/\/www.cliniquegrace.ca\/wp-content\/uploads\/2025\/04\/gree-logo.png","contentUrl":"https:\/\/www.cliniquegrace.ca\/wp-content\/uploads\/2025\/04\/gree-logo.png","width":875,"height":263,"caption":"cliniquegrace"},"image":{"@id":"https:\/\/www.cliniquegrace.ca\/#\/schema\/logo\/image\/"}}]}},"_links":{"self":[{"href":"https:\/\/www.cliniquegrace.ca\/fr\/wp-json\/wp\/v2\/product\/6851","targetHints":{"allow":["GET"]}}],"collection":[{"href":"https:\/\/www.cliniquegrace.ca\/fr\/wp-json\/wp\/v2\/product"}],"about":[{"href":"https:\/\/www.cliniquegrace.ca\/fr\/wp-json\/wp\/v2\/types\/product"}],"replies":[{"embeddable":true,"href":"https:\/\/www.cliniquegrace.ca\/fr\/wp-json\/wp\/v2\/comments?post=6851"}],"version-history":[{"count":4,"href":"https:\/\/www.cliniquegrace.ca\/fr\/wp-json\/wp\/v2\/product\/6851\/revisions"}],"predecessor-version":[{"id":7860,"href":"https:\/\/www.cliniquegrace.ca\/fr\/wp-json\/wp\/v2\/product\/6851\/revisions\/7860"}],"wp:featuredmedia":[{"embeddable":true,"href":"https:\/\/www.cliniquegrace.ca\/fr\/wp-json\/wp\/v2\/media\/8701"}],"wp:attachment":[{"href":"https:\/\/www.cliniquegrace.ca\/fr\/wp-json\/wp\/v2\/media?parent=6851"}],"wp:term":[{"taxonomy":"product_brand","embeddable":true,"href":"https:\/\/www.cliniquegrace.ca\/fr\/wp-json\/wp\/v2\/product_brand?post=6851"},{"taxonomy":"product_cat","embeddable":true,"href":"https:\/\/www.cliniquegrace.ca\/fr\/wp-json\/wp\/v2\/product_cat?post=6851"},{"taxonomy":"product_tag","embeddable":true,"href":"https:\/\/www.cliniquegrace.ca\/fr\/wp-json\/wp\/v2\/product_tag?post=6851"}],"curies":[{"name":"wp","href":"https:\/\/api.w.org\/{rel}","templated":true}]}}