{"id":6849,"date":"2025-05-04T13:00:21","date_gmt":"2025-05-04T13:00:21","guid":{"rendered":"https:\/\/www.cliniquegrace.ca\/product\/creme-doux-sans-huile-oil-free-soft-cream\/"},"modified":"2025-05-22T18:08:32","modified_gmt":"2025-05-22T18:08:32","slug":"creme-doux-sans-huile-oil-free-soft-cream","status":"publish","type":"product","link":"https:\/\/www.cliniquegrace.ca\/fr\/produit\/creme-doux-sans-huile-oil-free-soft-cream\/","title":{"rendered":"CR\u00c8ME DOUX SANS HUILE"},"content":{"rendered":"<p>Hydratant L\u00e9ger Sans Huile est un complexe hydratant riche en nutriments qui laisse la peau douce et lisse, sans sensation collante ni r\u00e9sidu. Formul\u00e9 pour les peaux grasses \u00e0 mixtes, cet hydratant soyeux offre une hydratation topique \u00e0 base d&rsquo;eau, renforc\u00e9e par de l&rsquo;Acide Hyaluronique, du Th\u00e9 Vert et de l&rsquo;Extrait de Pissenlit.<\/p>\n<p><strong>Mode d&#8217;emploi pour le client :<\/strong> Apr\u00e8s le nettoyage et le tonique, appliquez une fine couche de cr\u00e8me hydratante sur le visage.<\/p>\n<p><strong>Mode d&#8217;emploi professionnel :<\/strong> Comme produit de finition pour les clients ayant la peau s\u00e8che \u00e0 tr\u00e8s s\u00e8che. Appliquez une petite quantit\u00e9 sur le visage et le cou, puis massez doucement avec les doigts.<\/p>\n<p><strong>Ingr\u00e9dients du produit :<\/strong> Aqua (eau purifi\u00e9e), C13-15 Alkane, Propanediol, Dodecane, Polyacrylate Crosspolymer-6, Phosphate d&rsquo;Hydroxypropyl Starch, Butyl\u00e8ne Glycol, Copolym\u00e8re de Sodium Acrylates, 1,2-Hexanediol, Hydroxyac\u00e9toph\u00e9none, Caprylyl Glycol, L\u00e9cithine, Sodium Hyaluronate, Extrait de Fruit\/Feuille de Ficus Carica (figue), Benzoate de Sodium, Extrait de Son de Oryza Sativa (riz), Extrait de Feuille de Camellia Sinensis (th\u00e9 vert), Extrait de Miel, Extrait de R\u00e9sine de Boswellia Serrata, Extrait de Racine de Glycyrrhiza Glabra (r\u00e9glisse), Extrait de Racine\/Rhizome de Taraxacum Officinale (pissenlit), Extrait de Fleurs de Lavandula Angustifolia (lavande), Extrait de Fleurs\/Feuilles\/Tiges d&rsquo;Epilobium Angustifolium, Extrait de Fruit de Foeniculum Vulgare (fenouil), Oligopeptide-10, Extrait de Mentha Viridis (menthe verte), Extrait de Fruit de Pyrus Malus (pomme), Extrait de Feuilles de Pogostemon Cablin (patchouli), Extrait de Feuille de Eucalyptus Globulus, Extrait de Fleurs de Anthemis Nobilis (camomille romaine), Extrait de Feuille\/Racine de Symphytum Officinale (consoude), Extrait de Fleurs de Rosa Canina (\u00e9glantier), Extrait de Fruit de Vaccinium Macrocarpon (canneberge), Extrait de Feuille de Eucalyptus Globulus, Extrait de Feuille de Mentha Arvensis (menthe des champs), Linalool.<\/p>\n<p><strong>pH :<\/strong> 5.0 &#8211; 6.0<\/p>\n<p><strong>Ingr\u00e9dients cl\u00e9s :<\/strong><\/p>\n<ul>\n<li><strong style=\"font-size: 16px;\">Granactive ACNE :<\/strong><span style=\"font-size: 16px;\"> un complexe botanique contenant un peptide antimicrobien brevet\u00e9, l&rsquo;Oligopeptide-10, bien adapt\u00e9 aux peaux grasses\/mixtes.<\/span><\/li>\n<li><strong style=\"font-size: 16px;\">Cariciline\u00ae :<\/strong><span style=\"font-size: 16px;\"> un gel d\u00e9riv\u00e9 de la figue qui favorise l&rsquo;hydratation topique et le flux hydrique naturel de la peau (TEWD).<\/span><\/li>\n<li><strong style=\"font-size: 16px;\">Acide Hyaluronique :<\/strong><span style=\"font-size: 16px;\"> HA d&rsquo;origine v\u00e9g\u00e9tal, produit par fermentation \u00e0 partir de glucose et d&rsquo;extrait de levure. C&rsquo;est un \u00ab\u00a0hydratant naturel\u00a0\u00bb non-OGM, certifi\u00e9 ECOCERT et COSMOS. Il convient \u00e0 diff\u00e9rents types de peau et climats. C&rsquo;est un agent anti-\u00e2ge efficace qui stimule la production de collag\u00e8ne. En formant un film respirant sur la surface de la peau, il emprisonne l&rsquo;hydratation et prot\u00e8ge la peau de la poussi\u00e8re et des UV.<\/span><\/li>\n<\/ul>\n","protected":false},"excerpt":{"rendered":"<p>Hydratant L\u00e9ger Sans Huile est un complexe hydratant riche en nutriments qui laisse la peau douce et lisse, sans sensation collante ni r\u00e9sidu. Formul\u00e9 pour les peaux grasses \u00e0 mixtes, cet hydratant soyeux offre une hydratation topique \u00e0 base d&rsquo;eau, renforc\u00e9e par de l&rsquo;Acide Hyaluronique, du Th\u00e9 Vert et de l&rsquo;Extrait de Pissenlit. Mode d&#8217;emploi<\/p>\n","protected":false},"featured_media":8696,"comment_status":"closed","ping_status":"closed","template":"","meta":{"site-sidebar-layout":"default","site-content-layout":"","ast-site-content-layout":"default","site-content-style":"default","site-sidebar-style":"default","ast-global-header-display":"","ast-banner-title-visibility":"","ast-main-header-display":"","ast-hfb-above-header-display":"","ast-hfb-below-header-display":"","ast-hfb-mobile-header-display":"","site-post-title":"","ast-breadcrumbs-content":"","ast-featured-img":"","footer-sml-layout":"","ast-disable-related-posts":"","theme-transparent-header-meta":"default","adv-header-id-meta":"","stick-header-meta":"default","header-above-stick-meta":"","header-main-stick-meta":"","header-below-stick-meta":"","astra-migrate-meta-layouts":"set","ast-page-background-enabled":"default","ast-page-background-meta":{"desktop":{"background-color":"var(--ast-global-color-4)","background-image":"","background-repeat":"repeat","background-position":"center center","background-size":"auto","background-attachment":"scroll","background-type":"","background-media":"","overlay-type":"","overlay-color":"","overlay-opacity":"","overlay-gradient":""},"tablet":{"background-color":"","background-image":"","background-repeat":"repeat","background-position":"center center","background-size":"auto","background-attachment":"scroll","background-type":"","background-media":"","overlay-type":"","overlay-color":"","overlay-opacity":"","overlay-gradient":""},"mobile":{"background-color":"","background-image":"","background-repeat":"repeat","background-position":"center center","background-size":"auto","background-attachment":"scroll","background-type":"","background-media":"","overlay-type":"","overlay-color":"","overlay-opacity":"","overlay-gradient":""}},"ast-content-background-meta":{"desktop":{"background-color":"var(--ast-global-color-5)","background-image":"","background-repeat":"repeat","background-position":"center center","background-size":"auto","background-attachment":"scroll","background-type":"","background-media":"","overlay-type":"","overlay-color":"","overlay-opacity":"","overlay-gradient":""},"tablet":{"background-color":"var(--ast-global-color-5)","background-image":"","background-repeat":"repeat","background-position":"center center","background-size":"auto","background-attachment":"scroll","background-type":"","background-media":"","overlay-type":"","overlay-color":"","overlay-opacity":"","overlay-gradient":""},"mobile":{"background-color":"var(--ast-global-color-5)","background-image":"","background-repeat":"repeat","background-position":"center center","background-size":"auto","background-attachment":"scroll","background-type":"","background-media":"","overlay-type":"","overlay-color":"","overlay-opacity":"","overlay-gradient":""}}},"product_brand":[],"product_cat":[116],"product_tag":[],"class_list":{"0":"post-6849","1":"product","2":"type-product","3":"status-publish","4":"has-post-thumbnail","6":"product_cat-uncategorized-fr","7":"pa_brand-grace-fr","8":"pa_milliliters-60-00-fr","9":"desktop-align-left","10":"tablet-align-left","11":"mobile-align-left","12":"ast-product-gallery-layout-horizontal-slider","13":"ast-product-gallery-with-no-image","14":"ast-product-tabs-layout-horizontal","16":"first","17":"instock","18":"taxable","19":"shipping-taxable","20":"purchasable","21":"product-type-simple"},"yoast_head":"<!-- This site is optimized with the Yoast SEO plugin v27.1.1 - https:\/\/yoast.com\/product\/yoast-seo-wordpress\/ -->\n<title>CR\u00c8ME DOUX SANS HUILE - cliniquegrace<\/title>\n<meta name=\"robots\" content=\"index, follow, max-snippet:-1, max-image-preview:large, max-video-preview:-1\" \/>\n<link rel=\"canonical\" href=\"https:\/\/www.cliniquegrace.ca\/produit\/creme-doux-sans-huile-oil-free-soft-cream\/\" \/>\n<meta property=\"og:locale\" content=\"fr_FR\" \/>\n<meta property=\"og:type\" content=\"article\" \/>\n<meta property=\"og:title\" content=\"CR\u00c8ME DOUX SANS HUILE - cliniquegrace\" \/>\n<meta property=\"og:description\" content=\"Hydratant L\u00e9ger Sans Huile est un complexe hydratant riche en nutriments qui laisse la peau douce et lisse, sans sensation collante ni r\u00e9sidu. Formul\u00e9 pour les peaux grasses \u00e0 mixtes, cet hydratant soyeux offre une hydratation topique \u00e0 base d&rsquo;eau, renforc\u00e9e par de l&rsquo;Acide Hyaluronique, du Th\u00e9 Vert et de l&rsquo;Extrait de Pissenlit. Mode d&#8217;emploi\" \/>\n<meta property=\"og:url\" content=\"https:\/\/www.cliniquegrace.ca\/produit\/creme-doux-sans-huile-oil-free-soft-cream\/\" \/>\n<meta property=\"og:site_name\" content=\"cliniquegrace\" \/>\n<meta property=\"article:modified_time\" content=\"2025-05-22T18:08:32+00:00\" \/>\n<meta name=\"twitter:card\" content=\"summary_large_image\" \/>\n<meta name=\"twitter:label1\" content=\"Dur\u00e9e de lecture estim\u00e9e\" \/>\n\t<meta name=\"twitter:data1\" content=\"2 minutes\" \/>\n<script type=\"application\/ld+json\" class=\"yoast-schema-graph\">{\"@context\":\"https:\/\/schema.org\",\"@graph\":[{\"@type\":\"WebPage\",\"@id\":\"https:\/\/www.cliniquegrace.ca\/produit\/creme-doux-sans-huile-oil-free-soft-cream\/\",\"url\":\"https:\/\/www.cliniquegrace.ca\/produit\/creme-doux-sans-huile-oil-free-soft-cream\/\",\"name\":\"CR\u00c8ME DOUX SANS HUILE - cliniquegrace\",\"isPartOf\":{\"@id\":\"https:\/\/www.cliniquegrace.ca\/#website\"},\"primaryImageOfPage\":{\"@id\":\"https:\/\/www.cliniquegrace.ca\/produit\/creme-doux-sans-huile-oil-free-soft-cream\/#primaryimage\"},\"image\":{\"@id\":\"https:\/\/www.cliniquegrace.ca\/produit\/creme-doux-sans-huile-oil-free-soft-cream\/#primaryimage\"},\"thumbnailUrl\":\"https:\/\/www.cliniquegrace.ca\/wp-content\/uploads\/2025\/05\/Screen-Shot-2026-02-17-at-2.12.54-PM.png\",\"datePublished\":\"2025-05-04T13:00:21+00:00\",\"dateModified\":\"2025-05-22T18:08:32+00:00\",\"breadcrumb\":{\"@id\":\"https:\/\/www.cliniquegrace.ca\/produit\/creme-doux-sans-huile-oil-free-soft-cream\/#breadcrumb\"},\"inLanguage\":\"fr-FR\",\"potentialAction\":[{\"@type\":\"ReadAction\",\"target\":[\"https:\/\/www.cliniquegrace.ca\/produit\/creme-doux-sans-huile-oil-free-soft-cream\/\"]}]},{\"@type\":\"ImageObject\",\"inLanguage\":\"fr-FR\",\"@id\":\"https:\/\/www.cliniquegrace.ca\/produit\/creme-doux-sans-huile-oil-free-soft-cream\/#primaryimage\",\"url\":\"https:\/\/www.cliniquegrace.ca\/wp-content\/uploads\/2025\/05\/Screen-Shot-2026-02-17-at-2.12.54-PM.png\",\"contentUrl\":\"https:\/\/www.cliniquegrace.ca\/wp-content\/uploads\/2025\/05\/Screen-Shot-2026-02-17-at-2.12.54-PM.png\",\"width\":2226,\"height\":2132},{\"@type\":\"BreadcrumbList\",\"@id\":\"https:\/\/www.cliniquegrace.ca\/produit\/creme-doux-sans-huile-oil-free-soft-cream\/#breadcrumb\",\"itemListElement\":[{\"@type\":\"ListItem\",\"position\":1,\"name\":\"Home\",\"item\":\"https:\/\/www.cliniquegrace.ca\/fr\/\"},{\"@type\":\"ListItem\",\"position\":2,\"name\":\"Boutique\",\"item\":\"https:\/\/www.cliniquegrace.ca\/shop\/\"},{\"@type\":\"ListItem\",\"position\":3,\"name\":\"CR\u00c8ME DOUX SANS HUILE\"}]},{\"@type\":\"WebSite\",\"@id\":\"https:\/\/www.cliniquegrace.ca\/#website\",\"url\":\"https:\/\/www.cliniquegrace.ca\/\",\"name\":\"cliniquegrace\",\"description\":\"\",\"publisher\":{\"@id\":\"https:\/\/www.cliniquegrace.ca\/#organization\"},\"potentialAction\":[{\"@type\":\"SearchAction\",\"target\":{\"@type\":\"EntryPoint\",\"urlTemplate\":\"https:\/\/www.cliniquegrace.ca\/?s={search_term_string}\"},\"query-input\":{\"@type\":\"PropertyValueSpecification\",\"valueRequired\":true,\"valueName\":\"search_term_string\"}}],\"inLanguage\":\"fr-FR\"},{\"@type\":\"Organization\",\"@id\":\"https:\/\/www.cliniquegrace.ca\/#organization\",\"name\":\"cliniquegrace\",\"url\":\"https:\/\/www.cliniquegrace.ca\/\",\"logo\":{\"@type\":\"ImageObject\",\"inLanguage\":\"fr-FR\",\"@id\":\"https:\/\/www.cliniquegrace.ca\/#\/schema\/logo\/image\/\",\"url\":\"https:\/\/www.cliniquegrace.ca\/wp-content\/uploads\/2025\/04\/gree-logo.png\",\"contentUrl\":\"https:\/\/www.cliniquegrace.ca\/wp-content\/uploads\/2025\/04\/gree-logo.png\",\"width\":875,\"height\":263,\"caption\":\"cliniquegrace\"},\"image\":{\"@id\":\"https:\/\/www.cliniquegrace.ca\/#\/schema\/logo\/image\/\"}}]}<\/script>\n<!-- \/ Yoast SEO plugin. -->","yoast_head_json":{"title":"CR\u00c8ME DOUX SANS HUILE - cliniquegrace","robots":{"index":"index","follow":"follow","max-snippet":"max-snippet:-1","max-image-preview":"max-image-preview:large","max-video-preview":"max-video-preview:-1"},"canonical":"https:\/\/www.cliniquegrace.ca\/produit\/creme-doux-sans-huile-oil-free-soft-cream\/","og_locale":"fr_FR","og_type":"article","og_title":"CR\u00c8ME DOUX SANS HUILE - cliniquegrace","og_description":"Hydratant L\u00e9ger Sans Huile est un complexe hydratant riche en nutriments qui laisse la peau douce et lisse, sans sensation collante ni r\u00e9sidu. Formul\u00e9 pour les peaux grasses \u00e0 mixtes, cet hydratant soyeux offre une hydratation topique \u00e0 base d&rsquo;eau, renforc\u00e9e par de l&rsquo;Acide Hyaluronique, du Th\u00e9 Vert et de l&rsquo;Extrait de Pissenlit. Mode d&#8217;emploi","og_url":"https:\/\/www.cliniquegrace.ca\/produit\/creme-doux-sans-huile-oil-free-soft-cream\/","og_site_name":"cliniquegrace","article_modified_time":"2025-05-22T18:08:32+00:00","twitter_card":"summary_large_image","twitter_misc":{"Dur\u00e9e de lecture estim\u00e9e":"2 minutes"},"schema":{"@context":"https:\/\/schema.org","@graph":[{"@type":"WebPage","@id":"https:\/\/www.cliniquegrace.ca\/produit\/creme-doux-sans-huile-oil-free-soft-cream\/","url":"https:\/\/www.cliniquegrace.ca\/produit\/creme-doux-sans-huile-oil-free-soft-cream\/","name":"CR\u00c8ME DOUX SANS HUILE - cliniquegrace","isPartOf":{"@id":"https:\/\/www.cliniquegrace.ca\/#website"},"primaryImageOfPage":{"@id":"https:\/\/www.cliniquegrace.ca\/produit\/creme-doux-sans-huile-oil-free-soft-cream\/#primaryimage"},"image":{"@id":"https:\/\/www.cliniquegrace.ca\/produit\/creme-doux-sans-huile-oil-free-soft-cream\/#primaryimage"},"thumbnailUrl":"https:\/\/www.cliniquegrace.ca\/wp-content\/uploads\/2025\/05\/Screen-Shot-2026-02-17-at-2.12.54-PM.png","datePublished":"2025-05-04T13:00:21+00:00","dateModified":"2025-05-22T18:08:32+00:00","breadcrumb":{"@id":"https:\/\/www.cliniquegrace.ca\/produit\/creme-doux-sans-huile-oil-free-soft-cream\/#breadcrumb"},"inLanguage":"fr-FR","potentialAction":[{"@type":"ReadAction","target":["https:\/\/www.cliniquegrace.ca\/produit\/creme-doux-sans-huile-oil-free-soft-cream\/"]}]},{"@type":"ImageObject","inLanguage":"fr-FR","@id":"https:\/\/www.cliniquegrace.ca\/produit\/creme-doux-sans-huile-oil-free-soft-cream\/#primaryimage","url":"https:\/\/www.cliniquegrace.ca\/wp-content\/uploads\/2025\/05\/Screen-Shot-2026-02-17-at-2.12.54-PM.png","contentUrl":"https:\/\/www.cliniquegrace.ca\/wp-content\/uploads\/2025\/05\/Screen-Shot-2026-02-17-at-2.12.54-PM.png","width":2226,"height":2132},{"@type":"BreadcrumbList","@id":"https:\/\/www.cliniquegrace.ca\/produit\/creme-doux-sans-huile-oil-free-soft-cream\/#breadcrumb","itemListElement":[{"@type":"ListItem","position":1,"name":"Home","item":"https:\/\/www.cliniquegrace.ca\/fr\/"},{"@type":"ListItem","position":2,"name":"Boutique","item":"https:\/\/www.cliniquegrace.ca\/shop\/"},{"@type":"ListItem","position":3,"name":"CR\u00c8ME DOUX SANS HUILE"}]},{"@type":"WebSite","@id":"https:\/\/www.cliniquegrace.ca\/#website","url":"https:\/\/www.cliniquegrace.ca\/","name":"cliniquegrace","description":"","publisher":{"@id":"https:\/\/www.cliniquegrace.ca\/#organization"},"potentialAction":[{"@type":"SearchAction","target":{"@type":"EntryPoint","urlTemplate":"https:\/\/www.cliniquegrace.ca\/?s={search_term_string}"},"query-input":{"@type":"PropertyValueSpecification","valueRequired":true,"valueName":"search_term_string"}}],"inLanguage":"fr-FR"},{"@type":"Organization","@id":"https:\/\/www.cliniquegrace.ca\/#organization","name":"cliniquegrace","url":"https:\/\/www.cliniquegrace.ca\/","logo":{"@type":"ImageObject","inLanguage":"fr-FR","@id":"https:\/\/www.cliniquegrace.ca\/#\/schema\/logo\/image\/","url":"https:\/\/www.cliniquegrace.ca\/wp-content\/uploads\/2025\/04\/gree-logo.png","contentUrl":"https:\/\/www.cliniquegrace.ca\/wp-content\/uploads\/2025\/04\/gree-logo.png","width":875,"height":263,"caption":"cliniquegrace"},"image":{"@id":"https:\/\/www.cliniquegrace.ca\/#\/schema\/logo\/image\/"}}]}},"_links":{"self":[{"href":"https:\/\/www.cliniquegrace.ca\/fr\/wp-json\/wp\/v2\/product\/6849","targetHints":{"allow":["GET"]}}],"collection":[{"href":"https:\/\/www.cliniquegrace.ca\/fr\/wp-json\/wp\/v2\/product"}],"about":[{"href":"https:\/\/www.cliniquegrace.ca\/fr\/wp-json\/wp\/v2\/types\/product"}],"replies":[{"embeddable":true,"href":"https:\/\/www.cliniquegrace.ca\/fr\/wp-json\/wp\/v2\/comments?post=6849"}],"version-history":[{"count":5,"href":"https:\/\/www.cliniquegrace.ca\/fr\/wp-json\/wp\/v2\/product\/6849\/revisions"}],"predecessor-version":[{"id":7803,"href":"https:\/\/www.cliniquegrace.ca\/fr\/wp-json\/wp\/v2\/product\/6849\/revisions\/7803"}],"wp:featuredmedia":[{"embeddable":true,"href":"https:\/\/www.cliniquegrace.ca\/fr\/wp-json\/wp\/v2\/media\/8696"}],"wp:attachment":[{"href":"https:\/\/www.cliniquegrace.ca\/fr\/wp-json\/wp\/v2\/media?parent=6849"}],"wp:term":[{"taxonomy":"product_brand","embeddable":true,"href":"https:\/\/www.cliniquegrace.ca\/fr\/wp-json\/wp\/v2\/product_brand?post=6849"},{"taxonomy":"product_cat","embeddable":true,"href":"https:\/\/www.cliniquegrace.ca\/fr\/wp-json\/wp\/v2\/product_cat?post=6849"},{"taxonomy":"product_tag","embeddable":true,"href":"https:\/\/www.cliniquegrace.ca\/fr\/wp-json\/wp\/v2\/product_tag?post=6849"}],"curies":[{"name":"wp","href":"https:\/\/api.w.org\/{rel}","templated":true}]}}