{"id":6847,"date":"2025-05-04T13:00:24","date_gmt":"2025-05-04T13:00:24","guid":{"rendered":"https:\/\/www.cliniquegrace.ca\/product\/masque-definsil-definsil-mask\/"},"modified":"2025-05-22T18:08:04","modified_gmt":"2025-05-22T18:08:04","slug":"masque-definsil-definsil-mask","status":"publish","type":"product","link":"https:\/\/www.cliniquegrace.ca\/fr\/produit\/masque-definsil-definsil-mask\/","title":{"rendered":"MASQUE DEFINSIL+"},"content":{"rendered":"<p><strong>Masque Definsil+ :<\/strong> Le Masque Definsil+ apporte un soutien \u00e0 la peau d\u00e9licate gr\u00e2ce \u00e0 une hydratation intensive qui nourrit les zones qui ont \u00e9t\u00e9 compromises. Recommand\u00e9 apr\u00e8s des proc\u00e9dures cliniques telles que des traitements au laser ou des peelings chimiques, ce masque offre un soin particulier \u00e0 la peau fragile et plus sensible. Il contient de l&rsquo;Acide Hyaluronique, des vitamines et un peptide nourrissant qui favorise une peau d&rsquo;apparence saine et \u00e9clatante.<\/p>\n<p><strong>Mode d&#8217;emploi pour le client :<\/strong> Apr\u00e8s le nettoyage, appliquez une couche uniforme sur le visage et le cou. D\u00e9tendez-vous pendant 10 \u00e0 15 minutes. Rincez \u00e0 l&rsquo;eau ti\u00e8de pour enlever l&rsquo;exc\u00e9dent ou laissez-le agir comme traitement de nuit.<\/p>\n<p><strong>Mode d&#8217;emploi professionnel :<\/strong> Masque apaisant et calmant pour la peau s\u00e8che et sujette aux sensibilit\u00e9s. Convient apr\u00e8s des traitements d&rsquo;exfoliation. Peut \u00eatre utilis\u00e9 avec ou sans vapeur ou compresses de coton. Rincez bien et appliquez un produit de finition appropri\u00e9. Alternativement, il peut \u00eatre mass\u00e9 apr\u00e8s la vapeur en tant que produit de finition \u00e0 part enti\u00e8re.<\/p>\n<p><strong>Ingr\u00e9dients du produit :<\/strong> Aqua (eau purifi\u00e9e), Glyc\u00e9rine, Jus de Feuille d&rsquo;Aloe Barbadensis, Beurre de Butyrospermum Parkii (karit\u00e9), Copolym\u00e8re de Sodium Acrylates, Sorbitol, Panth\u00e9nol, Huile de Graine de Simmondsia Chinensis (jojoba), Acide St\u00e9arique, Butyl\u00e8ne Glycol, L\u00e9cithine, Ph\u00e9noxy\u00e9thanol, Caprylyl Glycol, Arginine, Octyldod\u00e9canol, Allanto\u00efne, Acide Aminobutyrique, Huile de Graine de Ribes Nigrum (cassis), Acide Sorbique, Propanediol, Extrait de Levure, Extrait de Fruit de Cucumis Sativus (concombre), Huile de Graine de Helianthus Annuus (tournesol), CI 77288, Filtrat de Ferment de Racine de Radis\/Leuconostoc, Sodium Hyaluronate, Insaponifiables d&rsquo;Huile de Helianthus Annuus (tournesol), Extrait de Feuille de Symphytum Officinale (consoude), Extrait de Fleur de Arnica Montana, Extrait de Fleur de Chamomilla Recutita (camomille), Huile de Fleur de Helichrysum Italicum, Extrait de Fleur\/Feuille\/Vigne de Cardiospermum Halicacabum, Tocoph\u00e9rol, Extrait de Champignon Albatrellus Confluens, Guaiazul\u00e8ne, Menthol, Ac\u00e9tyl T\u00e9trapeptide-40, Extrait de Feuille de Rosmarinus Officinalis (romarin), Ac\u00e9tyl Hexapeptide-49, Menthol.<\/p>\n<p><strong>pH :<\/strong> 6.3 &#8211; 7.3<\/p>\n<p><strong>Ingr\u00e9dients cl\u00e9s :<\/strong><\/p>\n<ul>\n<li><strong style=\"font-size: 16px;\">Telangyn\u2122 &#8211; Ac\u00e9tyl T\u00e9trapeptide-40 :<\/strong><span style=\"font-size: 16px;\"> Un t\u00e9trapeptide qui r\u00e9duit l&rsquo;apparence des rougeurs faciales et de la t\u00e9langiectasie caus\u00e9es par une r\u00e9ponse inflammatoire excessive. Telangyn r\u00e9duit la lib\u00e9ration des interleukines (IL-6 et IL-8) induites par le peptide de 37 acides amin\u00e9s (LL-37), le cathelicidine surexprim\u00e9e dans les troubles cutan\u00e9s avec \u00e9ryth\u00e8me.<\/span><\/li>\n<li><strong style=\"font-size: 16px;\">Guaiazul\u00e8ne :<\/strong><span style=\"font-size: 16px;\"> Un antioxydant. C&rsquo;est un d\u00e9riv\u00e9 cristallin bleu fonc\u00e9 d&rsquo;azul\u00e8ne, le constituant color\u00e9 bleu de l&rsquo;huile de camomille.<\/span><\/li>\n<li><strong style=\"font-size: 16px;\">Delisens\u2122 Solution :<\/strong><span style=\"font-size: 16px;\"> Un hexapeptide innovant qui soulage les d\u00e9mangeaisons tout en aidant la peau sensible \u00e0 retrouver son seuil de tol\u00e9rance physiologique.<\/span><\/li>\n<li><strong style=\"font-size: 16px;\">Allanto\u00efne :<\/strong><span style=\"font-size: 16px;\"> Un agent r\u00e9parateur, hydratant, apaisant, anti-irritant, k\u00e9ratolytique et non toxique. C&rsquo;est un agent de gu\u00e9rison pr\u00e9cieux qui stimule la formation de tissus sains, offrant des bienfaits prononc\u00e9s de k\u00e9ratolyse et d&rsquo;adoucissement de la peau.<\/span><\/li>\n<\/ul>\n","protected":false},"excerpt":{"rendered":"<p>Masque Definsil+ : Le Masque Definsil+ apporte un soutien \u00e0 la peau d\u00e9licate gr\u00e2ce \u00e0 une hydratation intensive qui nourrit les zones qui ont \u00e9t\u00e9 compromises. Recommand\u00e9 apr\u00e8s des proc\u00e9dures cliniques telles que des traitements au laser ou des peelings chimiques, ce masque offre un soin particulier \u00e0 la peau fragile et plus sensible. Il<\/p>\n","protected":false},"featured_media":8692,"comment_status":"closed","ping_status":"closed","template":"","meta":{"site-sidebar-layout":"default","site-content-layout":"","ast-site-content-layout":"default","site-content-style":"default","site-sidebar-style":"default","ast-global-header-display":"","ast-banner-title-visibility":"","ast-main-header-display":"","ast-hfb-above-header-display":"","ast-hfb-below-header-display":"","ast-hfb-mobile-header-display":"","site-post-title":"","ast-breadcrumbs-content":"","ast-featured-img":"","footer-sml-layout":"","ast-disable-related-posts":"","theme-transparent-header-meta":"default","adv-header-id-meta":"","stick-header-meta":"default","header-above-stick-meta":"","header-main-stick-meta":"","header-below-stick-meta":"","astra-migrate-meta-layouts":"set","ast-page-background-enabled":"default","ast-page-background-meta":{"desktop":{"background-color":"var(--ast-global-color-4)","background-image":"","background-repeat":"repeat","background-position":"center center","background-size":"auto","background-attachment":"scroll","background-type":"","background-media":"","overlay-type":"","overlay-color":"","overlay-opacity":"","overlay-gradient":""},"tablet":{"background-color":"","background-image":"","background-repeat":"repeat","background-position":"center center","background-size":"auto","background-attachment":"scroll","background-type":"","background-media":"","overlay-type":"","overlay-color":"","overlay-opacity":"","overlay-gradient":""},"mobile":{"background-color":"","background-image":"","background-repeat":"repeat","background-position":"center center","background-size":"auto","background-attachment":"scroll","background-type":"","background-media":"","overlay-type":"","overlay-color":"","overlay-opacity":"","overlay-gradient":""}},"ast-content-background-meta":{"desktop":{"background-color":"var(--ast-global-color-5)","background-image":"","background-repeat":"repeat","background-position":"center center","background-size":"auto","background-attachment":"scroll","background-type":"","background-media":"","overlay-type":"","overlay-color":"","overlay-opacity":"","overlay-gradient":""},"tablet":{"background-color":"var(--ast-global-color-5)","background-image":"","background-repeat":"repeat","background-position":"center center","background-size":"auto","background-attachment":"scroll","background-type":"","background-media":"","overlay-type":"","overlay-color":"","overlay-opacity":"","overlay-gradient":""},"mobile":{"background-color":"var(--ast-global-color-5)","background-image":"","background-repeat":"repeat","background-position":"center center","background-size":"auto","background-attachment":"scroll","background-type":"","background-media":"","overlay-type":"","overlay-color":"","overlay-opacity":"","overlay-gradient":""}}},"product_brand":[],"product_cat":[101,102],"product_tag":[],"class_list":{"0":"post-6847","1":"product","2":"type-product","3":"status-publish","4":"has-post-thumbnail","6":"product_cat-mask-fr","7":"product_cat-masque-fr","8":"pa_brand-grace-fr","9":"pa_milliliters-60-00-fr","10":"desktop-align-left","11":"tablet-align-left","12":"mobile-align-left","13":"ast-product-gallery-layout-horizontal-slider","14":"ast-product-gallery-with-no-image","15":"ast-product-tabs-layout-horizontal","17":"first","18":"instock","19":"taxable","20":"shipping-taxable","21":"purchasable","22":"product-type-simple"},"yoast_head":"<!-- This site is optimized with the Yoast SEO plugin v27.1.1 - https:\/\/yoast.com\/product\/yoast-seo-wordpress\/ -->\n<title>MASQUE DEFINSIL+ - cliniquegrace<\/title>\n<meta name=\"robots\" content=\"index, follow, max-snippet:-1, max-image-preview:large, max-video-preview:-1\" \/>\n<link rel=\"canonical\" href=\"https:\/\/www.cliniquegrace.ca\/fr\/produit\/masque-definsil-definsil-mask\/\" \/>\n<meta property=\"og:locale\" content=\"fr_FR\" \/>\n<meta property=\"og:type\" content=\"article\" \/>\n<meta property=\"og:title\" content=\"MASQUE DEFINSIL+ - cliniquegrace\" \/>\n<meta property=\"og:description\" content=\"Masque Definsil+ : Le Masque Definsil+ apporte un soutien \u00e0 la peau d\u00e9licate gr\u00e2ce \u00e0 une hydratation intensive qui nourrit les zones qui ont \u00e9t\u00e9 compromises. Recommand\u00e9 apr\u00e8s des proc\u00e9dures cliniques telles que des traitements au laser ou des peelings chimiques, ce masque offre un soin particulier \u00e0 la peau fragile et plus sensible. Il\" \/>\n<meta property=\"og:url\" content=\"https:\/\/www.cliniquegrace.ca\/fr\/produit\/masque-definsil-definsil-mask\/\" \/>\n<meta property=\"og:site_name\" content=\"cliniquegrace\" \/>\n<meta property=\"article:modified_time\" content=\"2025-05-22T18:08:04+00:00\" \/>\n<meta property=\"og:image\" content=\"https:\/\/www.cliniquegrace.ca\/wp-content\/uploads\/2025\/05\/Screen-Shot-2026-02-17-at-2.05.30-PM-1024x988.png\" \/>\n\t<meta property=\"og:image:width\" content=\"1024\" \/>\n\t<meta property=\"og:image:height\" content=\"988\" \/>\n\t<meta property=\"og:image:type\" content=\"image\/png\" \/>\n<meta name=\"twitter:card\" content=\"summary_large_image\" \/>\n<meta name=\"twitter:label1\" content=\"Dur\u00e9e de lecture estim\u00e9e\" \/>\n\t<meta name=\"twitter:data1\" content=\"2 minutes\" \/>\n<script type=\"application\/ld+json\" class=\"yoast-schema-graph\">{\"@context\":\"https:\/\/schema.org\",\"@graph\":[{\"@type\":\"WebPage\",\"@id\":\"https:\/\/www.cliniquegrace.ca\/fr\/produit\/masque-definsil-definsil-mask\/\",\"url\":\"https:\/\/www.cliniquegrace.ca\/fr\/produit\/masque-definsil-definsil-mask\/\",\"name\":\"MASQUE DEFINSIL+ - cliniquegrace\",\"isPartOf\":{\"@id\":\"https:\/\/www.cliniquegrace.ca\/#website\"},\"primaryImageOfPage\":{\"@id\":\"https:\/\/www.cliniquegrace.ca\/fr\/produit\/masque-definsil-definsil-mask\/#primaryimage\"},\"image\":{\"@id\":\"https:\/\/www.cliniquegrace.ca\/fr\/produit\/masque-definsil-definsil-mask\/#primaryimage\"},\"thumbnailUrl\":\"https:\/\/www.cliniquegrace.ca\/wp-content\/uploads\/2025\/05\/Screen-Shot-2026-02-17-at-2.05.30-PM.png\",\"datePublished\":\"2025-05-04T13:00:24+00:00\",\"dateModified\":\"2025-05-22T18:08:04+00:00\",\"breadcrumb\":{\"@id\":\"https:\/\/www.cliniquegrace.ca\/fr\/produit\/masque-definsil-definsil-mask\/#breadcrumb\"},\"inLanguage\":\"fr-FR\",\"potentialAction\":[{\"@type\":\"ReadAction\",\"target\":[\"https:\/\/www.cliniquegrace.ca\/fr\/produit\/masque-definsil-definsil-mask\/\"]}]},{\"@type\":\"ImageObject\",\"inLanguage\":\"fr-FR\",\"@id\":\"https:\/\/www.cliniquegrace.ca\/fr\/produit\/masque-definsil-definsil-mask\/#primaryimage\",\"url\":\"https:\/\/www.cliniquegrace.ca\/wp-content\/uploads\/2025\/05\/Screen-Shot-2026-02-17-at-2.05.30-PM.png\",\"contentUrl\":\"https:\/\/www.cliniquegrace.ca\/wp-content\/uploads\/2025\/05\/Screen-Shot-2026-02-17-at-2.05.30-PM.png\",\"width\":2302,\"height\":2220},{\"@type\":\"BreadcrumbList\",\"@id\":\"https:\/\/www.cliniquegrace.ca\/fr\/produit\/masque-definsil-definsil-mask\/#breadcrumb\",\"itemListElement\":[{\"@type\":\"ListItem\",\"position\":1,\"name\":\"Home\",\"item\":\"https:\/\/www.cliniquegrace.ca\/fr\/\"},{\"@type\":\"ListItem\",\"position\":2,\"name\":\"Boutique\",\"item\":\"https:\/\/www.cliniquegrace.ca\/shop\/\"},{\"@type\":\"ListItem\",\"position\":3,\"name\":\"MASQUE DEFINSIL+\"}]},{\"@type\":\"WebSite\",\"@id\":\"https:\/\/www.cliniquegrace.ca\/#website\",\"url\":\"https:\/\/www.cliniquegrace.ca\/\",\"name\":\"cliniquegrace\",\"description\":\"\",\"publisher\":{\"@id\":\"https:\/\/www.cliniquegrace.ca\/#organization\"},\"potentialAction\":[{\"@type\":\"SearchAction\",\"target\":{\"@type\":\"EntryPoint\",\"urlTemplate\":\"https:\/\/www.cliniquegrace.ca\/?s={search_term_string}\"},\"query-input\":{\"@type\":\"PropertyValueSpecification\",\"valueRequired\":true,\"valueName\":\"search_term_string\"}}],\"inLanguage\":\"fr-FR\"},{\"@type\":\"Organization\",\"@id\":\"https:\/\/www.cliniquegrace.ca\/#organization\",\"name\":\"cliniquegrace\",\"url\":\"https:\/\/www.cliniquegrace.ca\/\",\"logo\":{\"@type\":\"ImageObject\",\"inLanguage\":\"fr-FR\",\"@id\":\"https:\/\/www.cliniquegrace.ca\/#\/schema\/logo\/image\/\",\"url\":\"https:\/\/www.cliniquegrace.ca\/wp-content\/uploads\/2025\/04\/gree-logo.png\",\"contentUrl\":\"https:\/\/www.cliniquegrace.ca\/wp-content\/uploads\/2025\/04\/gree-logo.png\",\"width\":875,\"height\":263,\"caption\":\"cliniquegrace\"},\"image\":{\"@id\":\"https:\/\/www.cliniquegrace.ca\/#\/schema\/logo\/image\/\"}}]}<\/script>\n<!-- \/ Yoast SEO plugin. -->","yoast_head_json":{"title":"MASQUE DEFINSIL+ - cliniquegrace","robots":{"index":"index","follow":"follow","max-snippet":"max-snippet:-1","max-image-preview":"max-image-preview:large","max-video-preview":"max-video-preview:-1"},"canonical":"https:\/\/www.cliniquegrace.ca\/fr\/produit\/masque-definsil-definsil-mask\/","og_locale":"fr_FR","og_type":"article","og_title":"MASQUE DEFINSIL+ - cliniquegrace","og_description":"Masque Definsil+ : Le Masque Definsil+ apporte un soutien \u00e0 la peau d\u00e9licate gr\u00e2ce \u00e0 une hydratation intensive qui nourrit les zones qui ont \u00e9t\u00e9 compromises. Recommand\u00e9 apr\u00e8s des proc\u00e9dures cliniques telles que des traitements au laser ou des peelings chimiques, ce masque offre un soin particulier \u00e0 la peau fragile et plus sensible. Il","og_url":"https:\/\/www.cliniquegrace.ca\/fr\/produit\/masque-definsil-definsil-mask\/","og_site_name":"cliniquegrace","article_modified_time":"2025-05-22T18:08:04+00:00","og_image":[{"width":1024,"height":988,"url":"https:\/\/www.cliniquegrace.ca\/wp-content\/uploads\/2025\/05\/Screen-Shot-2026-02-17-at-2.05.30-PM-1024x988.png","type":"image\/png"}],"twitter_card":"summary_large_image","twitter_misc":{"Dur\u00e9e de lecture estim\u00e9e":"2 minutes"},"schema":{"@context":"https:\/\/schema.org","@graph":[{"@type":"WebPage","@id":"https:\/\/www.cliniquegrace.ca\/fr\/produit\/masque-definsil-definsil-mask\/","url":"https:\/\/www.cliniquegrace.ca\/fr\/produit\/masque-definsil-definsil-mask\/","name":"MASQUE DEFINSIL+ - cliniquegrace","isPartOf":{"@id":"https:\/\/www.cliniquegrace.ca\/#website"},"primaryImageOfPage":{"@id":"https:\/\/www.cliniquegrace.ca\/fr\/produit\/masque-definsil-definsil-mask\/#primaryimage"},"image":{"@id":"https:\/\/www.cliniquegrace.ca\/fr\/produit\/masque-definsil-definsil-mask\/#primaryimage"},"thumbnailUrl":"https:\/\/www.cliniquegrace.ca\/wp-content\/uploads\/2025\/05\/Screen-Shot-2026-02-17-at-2.05.30-PM.png","datePublished":"2025-05-04T13:00:24+00:00","dateModified":"2025-05-22T18:08:04+00:00","breadcrumb":{"@id":"https:\/\/www.cliniquegrace.ca\/fr\/produit\/masque-definsil-definsil-mask\/#breadcrumb"},"inLanguage":"fr-FR","potentialAction":[{"@type":"ReadAction","target":["https:\/\/www.cliniquegrace.ca\/fr\/produit\/masque-definsil-definsil-mask\/"]}]},{"@type":"ImageObject","inLanguage":"fr-FR","@id":"https:\/\/www.cliniquegrace.ca\/fr\/produit\/masque-definsil-definsil-mask\/#primaryimage","url":"https:\/\/www.cliniquegrace.ca\/wp-content\/uploads\/2025\/05\/Screen-Shot-2026-02-17-at-2.05.30-PM.png","contentUrl":"https:\/\/www.cliniquegrace.ca\/wp-content\/uploads\/2025\/05\/Screen-Shot-2026-02-17-at-2.05.30-PM.png","width":2302,"height":2220},{"@type":"BreadcrumbList","@id":"https:\/\/www.cliniquegrace.ca\/fr\/produit\/masque-definsil-definsil-mask\/#breadcrumb","itemListElement":[{"@type":"ListItem","position":1,"name":"Home","item":"https:\/\/www.cliniquegrace.ca\/fr\/"},{"@type":"ListItem","position":2,"name":"Boutique","item":"https:\/\/www.cliniquegrace.ca\/shop\/"},{"@type":"ListItem","position":3,"name":"MASQUE DEFINSIL+"}]},{"@type":"WebSite","@id":"https:\/\/www.cliniquegrace.ca\/#website","url":"https:\/\/www.cliniquegrace.ca\/","name":"cliniquegrace","description":"","publisher":{"@id":"https:\/\/www.cliniquegrace.ca\/#organization"},"potentialAction":[{"@type":"SearchAction","target":{"@type":"EntryPoint","urlTemplate":"https:\/\/www.cliniquegrace.ca\/?s={search_term_string}"},"query-input":{"@type":"PropertyValueSpecification","valueRequired":true,"valueName":"search_term_string"}}],"inLanguage":"fr-FR"},{"@type":"Organization","@id":"https:\/\/www.cliniquegrace.ca\/#organization","name":"cliniquegrace","url":"https:\/\/www.cliniquegrace.ca\/","logo":{"@type":"ImageObject","inLanguage":"fr-FR","@id":"https:\/\/www.cliniquegrace.ca\/#\/schema\/logo\/image\/","url":"https:\/\/www.cliniquegrace.ca\/wp-content\/uploads\/2025\/04\/gree-logo.png","contentUrl":"https:\/\/www.cliniquegrace.ca\/wp-content\/uploads\/2025\/04\/gree-logo.png","width":875,"height":263,"caption":"cliniquegrace"},"image":{"@id":"https:\/\/www.cliniquegrace.ca\/#\/schema\/logo\/image\/"}}]}},"_links":{"self":[{"href":"https:\/\/www.cliniquegrace.ca\/fr\/wp-json\/wp\/v2\/product\/6847","targetHints":{"allow":["GET"]}}],"collection":[{"href":"https:\/\/www.cliniquegrace.ca\/fr\/wp-json\/wp\/v2\/product"}],"about":[{"href":"https:\/\/www.cliniquegrace.ca\/fr\/wp-json\/wp\/v2\/types\/product"}],"replies":[{"embeddable":true,"href":"https:\/\/www.cliniquegrace.ca\/fr\/wp-json\/wp\/v2\/comments?post=6847"}],"version-history":[{"count":5,"href":"https:\/\/www.cliniquegrace.ca\/fr\/wp-json\/wp\/v2\/product\/6847\/revisions"}],"predecessor-version":[{"id":7780,"href":"https:\/\/www.cliniquegrace.ca\/fr\/wp-json\/wp\/v2\/product\/6847\/revisions\/7780"}],"wp:featuredmedia":[{"embeddable":true,"href":"https:\/\/www.cliniquegrace.ca\/fr\/wp-json\/wp\/v2\/media\/8692"}],"wp:attachment":[{"href":"https:\/\/www.cliniquegrace.ca\/fr\/wp-json\/wp\/v2\/media?parent=6847"}],"wp:term":[{"taxonomy":"product_brand","embeddable":true,"href":"https:\/\/www.cliniquegrace.ca\/fr\/wp-json\/wp\/v2\/product_brand?post=6847"},{"taxonomy":"product_cat","embeddable":true,"href":"https:\/\/www.cliniquegrace.ca\/fr\/wp-json\/wp\/v2\/product_cat?post=6847"},{"taxonomy":"product_tag","embeddable":true,"href":"https:\/\/www.cliniquegrace.ca\/fr\/wp-json\/wp\/v2\/product_tag?post=6847"}],"curies":[{"name":"wp","href":"https:\/\/api.w.org\/{rel}","templated":true}]}}